{"id":264978,"date":"2025-11-14T18:10:39","date_gmt":"2025-11-14T17:10:39","guid":{"rendered":"https:\/\/www.oxysphair.be\/?post_type=product&#038;p=264978"},"modified":"2026-05-13T16:04:30","modified_gmt":"2026-05-13T14:04:30","slug":"evora-fisher-paykel","status":"publish","type":"product","link":"https:\/\/www.oxysphair.be\/de\/produits\/schlafapnoe\/cpap-masken\/nasal-de\/evora-fisher-paykel\/","title":{"rendered":"Evora &#8211; Fisher &#038; Paykel"},"content":{"rendered":"<p data-start=\"105\" data-end=\"368\">Le <strong data-start=\"108\" data-end=\"143\">masque Evora de Fisher &amp; Paykel<\/strong> est un masque nasal compact con\u00e7u pour offrir une th\u00e9rapie CPAP confortable, stable et discr\u00e8te. Son design moderne permet une adaptation optimale au visage tout en offrant une grande libert\u00e9 de mouvement pendant le sommeil.<\/p>\n<p data-start=\"370\" data-end=\"683\">Le <strong data-start=\"373\" data-end=\"382\">Evora<\/strong> est \u00e9quip\u00e9 du coussin <strong data-start=\"405\" data-end=\"415\">Evora\u2122<\/strong>, qui s\u2019adapte naturellement aux contours du nez afin d\u2019assurer une \u00e9tanch\u00e9it\u00e9 fiable avec une pression minimale. Sa conception sans support frontal am\u00e9liore le champ de vision et r\u00e9duit la sensation d\u2019encombrement, favorisant un confort accru tout au long de la nuit.<\/p>\n<p data-start=\"685\" data-end=\"975\">L\u00e9ger et facile \u00e0 ajuster, ce masque nasal est dot\u00e9 d\u2019un harnais ergonomique garantissant un excellent maintien, m\u00eame en cas de mouvements nocturnes. Il constitue une solution id\u00e9ale pour les utilisateurs recherchant un masque nasal discret, confortable et efficace pour leur th\u00e9rapie CPAP.<\/p>\n","protected":false},"excerpt":{"rendered":"<p>Le masque Evora de Fisher &amp; Paykel est un masque nasal compact con\u00e7u pour offrir une th\u00e9rapie CPAP confortable, stable et discr\u00e8te. Son design moderne permet une adaptation optimale au visage tout en offrant une grande libert\u00e9 de mouvement pendant le sommeil. Le Evora est \u00e9quip\u00e9 du coussin Evora\u2122, qui s\u2019adapte naturellement aux contours du [&hellip;]<\/p>\n","protected":false},"featured_media":268867,"comment_status":"closed","ping_status":"closed","template":"","meta":{"_et_pb_use_builder":"","_et_pb_old_content":"","_et_gb_content_width":"","inline_featured_image":false},"product_brand":[147],"product_cat":[24,85,27,271],"product_tag":[],"class_list":{"0":"post-264978","1":"product","2":"type-product","3":"status-publish","4":"has-post-thumbnail","6":"product_brand-fisher-paykel","7":"product_cat-apnee-sommeil","8":"product_cat-nasal","9":"product_cat-masque-cpap","10":"product_cat-masques-nasaux","11":"pa_brand-fisher-paykel","12":"pa_taille-l","13":"pa_taille-m","14":"pa_taille-s","15":"pa_taille-w","17":"first","18":"instock","19":"taxable","20":"shipping-taxable","21":"purchasable","22":"product-type-variable","23":"has-default-attributes"},"acf":[],"yoast_head":"<!-- This site is optimized with the Yoast SEO plugin v27.6 - https:\/\/yoast.com\/product\/yoast-seo-wordpress\/ -->\n<title>Evora - Fisher &amp; Paykel | Oxysphair<\/title>\n<meta name=\"robots\" content=\"index, follow, max-snippet:-1, max-image-preview:large, max-video-preview:-1\" \/>\n<link rel=\"canonical\" href=\"https:\/\/www.oxysphair.be\/de\/produits\/schlafapnoe\/cpap-masken\/nasal-de\/evora-fisher-paykel\/\" \/>\n<meta property=\"og:locale\" content=\"de_DE\" \/>\n<meta property=\"og:type\" content=\"article\" \/>\n<meta property=\"og:title\" content=\"Evora - Fisher &amp; Paykel | Oxysphair\" \/>\n<meta property=\"og:description\" content=\"Le masque Evora de Fisher &amp; Paykel est un masque nasal compact con\u00e7u pour offrir une th\u00e9rapie CPAP confortable, stable et discr\u00e8te. Son design moderne permet une adaptation optimale au visage tout en offrant une grande libert\u00e9 de mouvement pendant le sommeil. Le Evora est \u00e9quip\u00e9 du coussin Evora\u2122, qui s\u2019adapte naturellement aux contours du [&hellip;]\" \/>\n<meta property=\"og:url\" content=\"https:\/\/www.oxysphair.be\/de\/produits\/schlafapnoe\/cpap-masken\/nasal-de\/evora-fisher-paykel\/\" \/>\n<meta property=\"og:site_name\" content=\"Oxysphair\" \/>\n<meta property=\"article:modified_time\" content=\"2026-05-13T14:04:30+00:00\" \/>\n<meta property=\"og:image\" content=\"https:\/\/www.oxysphair.be\/wp-content\/uploads\/2025\/11\/evora-nasal-sm1x1.png\" \/>\n\t<meta property=\"og:image:width\" content=\"400\" \/>\n\t<meta property=\"og:image:height\" content=\"400\" \/>\n\t<meta property=\"og:image:type\" content=\"image\/png\" \/>\n<meta name=\"twitter:card\" content=\"summary_large_image\" \/>\n<meta name=\"twitter:label1\" content=\"Gesch\u00e4tzte Lesezeit\" \/>\n\t<meta name=\"twitter:data1\" content=\"1\u00a0Minute\" \/>\n<script type=\"application\/ld+json\" class=\"yoast-schema-graph\">{\"@context\":\"https:\\\/\\\/schema.org\",\"@graph\":[{\"@type\":\"WebPage\",\"@id\":\"https:\\\/\\\/www.oxysphair.be\\\/de\\\/produits\\\/schlafapnoe\\\/cpap-masken\\\/nasal-de\\\/evora-fisher-paykel\\\/\",\"url\":\"https:\\\/\\\/www.oxysphair.be\\\/de\\\/produits\\\/schlafapnoe\\\/cpap-masken\\\/nasal-de\\\/evora-fisher-paykel\\\/\",\"name\":\"Evora - Fisher & Paykel | Oxysphair\",\"isPartOf\":{\"@id\":\"https:\\\/\\\/www.oxysphair.be\\\/de\\\/#website\"},\"primaryImageOfPage\":{\"@id\":\"https:\\\/\\\/www.oxysphair.be\\\/de\\\/produits\\\/schlafapnoe\\\/cpap-masken\\\/nasal-de\\\/evora-fisher-paykel\\\/#primaryimage\"},\"image\":{\"@id\":\"https:\\\/\\\/www.oxysphair.be\\\/de\\\/produits\\\/schlafapnoe\\\/cpap-masken\\\/nasal-de\\\/evora-fisher-paykel\\\/#primaryimage\"},\"thumbnailUrl\":\"https:\\\/\\\/www.oxysphair.be\\\/wp-content\\\/uploads\\\/2025\\\/11\\\/evora-nasal-sm1x1.png\",\"datePublished\":\"2025-11-14T17:10:39+00:00\",\"dateModified\":\"2026-05-13T14:04:30+00:00\",\"breadcrumb\":{\"@id\":\"https:\\\/\\\/www.oxysphair.be\\\/de\\\/produits\\\/schlafapnoe\\\/cpap-masken\\\/nasal-de\\\/evora-fisher-paykel\\\/#breadcrumb\"},\"inLanguage\":\"de\",\"potentialAction\":[{\"@type\":\"ReadAction\",\"target\":[\"https:\\\/\\\/www.oxysphair.be\\\/de\\\/produits\\\/schlafapnoe\\\/cpap-masken\\\/nasal-de\\\/evora-fisher-paykel\\\/\"]}]},{\"@type\":\"ImageObject\",\"inLanguage\":\"de\",\"@id\":\"https:\\\/\\\/www.oxysphair.be\\\/de\\\/produits\\\/schlafapnoe\\\/cpap-masken\\\/nasal-de\\\/evora-fisher-paykel\\\/#primaryimage\",\"url\":\"https:\\\/\\\/www.oxysphair.be\\\/wp-content\\\/uploads\\\/2025\\\/11\\\/evora-nasal-sm1x1.png\",\"contentUrl\":\"https:\\\/\\\/www.oxysphair.be\\\/wp-content\\\/uploads\\\/2025\\\/11\\\/evora-nasal-sm1x1.png\",\"width\":400,\"height\":400},{\"@type\":\"BreadcrumbList\",\"@id\":\"https:\\\/\\\/www.oxysphair.be\\\/de\\\/produits\\\/schlafapnoe\\\/cpap-masken\\\/nasal-de\\\/evora-fisher-paykel\\\/#breadcrumb\",\"itemListElement\":[{\"@type\":\"ListItem\",\"position\":1,\"name\":\"Accueil\",\"item\":\"https:\\\/\\\/www.oxysphair.be\\\/de\\\/\"},{\"@type\":\"ListItem\",\"position\":2,\"name\":\"Produkte\",\"item\":\"https:\\\/\\\/www.oxysphair.be\\\/de\\\/shop-produkte\\\/\"},{\"@type\":\"ListItem\",\"position\":3,\"name\":\"Evora &#8211; Fisher &#038; Paykel\"}]},{\"@type\":\"WebSite\",\"@id\":\"https:\\\/\\\/www.oxysphair.be\\\/de\\\/#website\",\"url\":\"https:\\\/\\\/www.oxysphair.be\\\/de\\\/\",\"name\":\"Oxysphair\",\"description\":\"\",\"potentialAction\":[{\"@type\":\"SearchAction\",\"target\":{\"@type\":\"EntryPoint\",\"urlTemplate\":\"https:\\\/\\\/www.oxysphair.be\\\/de\\\/?s={search_term_string}\"},\"query-input\":{\"@type\":\"PropertyValueSpecification\",\"valueRequired\":true,\"valueName\":\"search_term_string\"}}],\"inLanguage\":\"de\"}]}<\/script>\n<!-- \/ Yoast SEO plugin. -->","yoast_head_json":{"title":"Evora - Fisher & Paykel | Oxysphair","robots":{"index":"index","follow":"follow","max-snippet":"max-snippet:-1","max-image-preview":"max-image-preview:large","max-video-preview":"max-video-preview:-1"},"canonical":"https:\/\/www.oxysphair.be\/de\/produits\/schlafapnoe\/cpap-masken\/nasal-de\/evora-fisher-paykel\/","og_locale":"de_DE","og_type":"article","og_title":"Evora - Fisher & Paykel | Oxysphair","og_description":"Le masque Evora de Fisher &amp; Paykel est un masque nasal compact con\u00e7u pour offrir une th\u00e9rapie CPAP confortable, stable et discr\u00e8te. Son design moderne permet une adaptation optimale au visage tout en offrant une grande libert\u00e9 de mouvement pendant le sommeil. Le Evora est \u00e9quip\u00e9 du coussin Evora\u2122, qui s\u2019adapte naturellement aux contours du [&hellip;]","og_url":"https:\/\/www.oxysphair.be\/de\/produits\/schlafapnoe\/cpap-masken\/nasal-de\/evora-fisher-paykel\/","og_site_name":"Oxysphair","article_modified_time":"2026-05-13T14:04:30+00:00","og_image":[{"width":400,"height":400,"url":"https:\/\/www.oxysphair.be\/wp-content\/uploads\/2025\/11\/evora-nasal-sm1x1.png","type":"image\/png"}],"twitter_card":"summary_large_image","twitter_misc":{"Gesch\u00e4tzte Lesezeit":"1\u00a0Minute"},"schema":{"@context":"https:\/\/schema.org","@graph":[{"@type":"WebPage","@id":"https:\/\/www.oxysphair.be\/de\/produits\/schlafapnoe\/cpap-masken\/nasal-de\/evora-fisher-paykel\/","url":"https:\/\/www.oxysphair.be\/de\/produits\/schlafapnoe\/cpap-masken\/nasal-de\/evora-fisher-paykel\/","name":"Evora - Fisher & Paykel | Oxysphair","isPartOf":{"@id":"https:\/\/www.oxysphair.be\/de\/#website"},"primaryImageOfPage":{"@id":"https:\/\/www.oxysphair.be\/de\/produits\/schlafapnoe\/cpap-masken\/nasal-de\/evora-fisher-paykel\/#primaryimage"},"image":{"@id":"https:\/\/www.oxysphair.be\/de\/produits\/schlafapnoe\/cpap-masken\/nasal-de\/evora-fisher-paykel\/#primaryimage"},"thumbnailUrl":"https:\/\/www.oxysphair.be\/wp-content\/uploads\/2025\/11\/evora-nasal-sm1x1.png","datePublished":"2025-11-14T17:10:39+00:00","dateModified":"2026-05-13T14:04:30+00:00","breadcrumb":{"@id":"https:\/\/www.oxysphair.be\/de\/produits\/schlafapnoe\/cpap-masken\/nasal-de\/evora-fisher-paykel\/#breadcrumb"},"inLanguage":"de","potentialAction":[{"@type":"ReadAction","target":["https:\/\/www.oxysphair.be\/de\/produits\/schlafapnoe\/cpap-masken\/nasal-de\/evora-fisher-paykel\/"]}]},{"@type":"ImageObject","inLanguage":"de","@id":"https:\/\/www.oxysphair.be\/de\/produits\/schlafapnoe\/cpap-masken\/nasal-de\/evora-fisher-paykel\/#primaryimage","url":"https:\/\/www.oxysphair.be\/wp-content\/uploads\/2025\/11\/evora-nasal-sm1x1.png","contentUrl":"https:\/\/www.oxysphair.be\/wp-content\/uploads\/2025\/11\/evora-nasal-sm1x1.png","width":400,"height":400},{"@type":"BreadcrumbList","@id":"https:\/\/www.oxysphair.be\/de\/produits\/schlafapnoe\/cpap-masken\/nasal-de\/evora-fisher-paykel\/#breadcrumb","itemListElement":[{"@type":"ListItem","position":1,"name":"Accueil","item":"https:\/\/www.oxysphair.be\/de\/"},{"@type":"ListItem","position":2,"name":"Produkte","item":"https:\/\/www.oxysphair.be\/de\/shop-produkte\/"},{"@type":"ListItem","position":3,"name":"Evora &#8211; Fisher &#038; Paykel"}]},{"@type":"WebSite","@id":"https:\/\/www.oxysphair.be\/de\/#website","url":"https:\/\/www.oxysphair.be\/de\/","name":"Oxysphair","description":"","potentialAction":[{"@type":"SearchAction","target":{"@type":"EntryPoint","urlTemplate":"https:\/\/www.oxysphair.be\/de\/?s={search_term_string}"},"query-input":{"@type":"PropertyValueSpecification","valueRequired":true,"valueName":"search_term_string"}}],"inLanguage":"de"}]}},"_links":{"self":[{"href":"https:\/\/www.oxysphair.be\/de\/wp-json\/wp\/v2\/product\/264978","targetHints":{"allow":["GET"]}}],"collection":[{"href":"https:\/\/www.oxysphair.be\/de\/wp-json\/wp\/v2\/product"}],"about":[{"href":"https:\/\/www.oxysphair.be\/de\/wp-json\/wp\/v2\/types\/product"}],"replies":[{"embeddable":true,"href":"https:\/\/www.oxysphair.be\/de\/wp-json\/wp\/v2\/comments?post=264978"}],"wp:featuredmedia":[{"embeddable":true,"href":"https:\/\/www.oxysphair.be\/de\/wp-json\/wp\/v2\/media\/268867"}],"wp:attachment":[{"href":"https:\/\/www.oxysphair.be\/de\/wp-json\/wp\/v2\/media?parent=264978"}],"wp:term":[{"taxonomy":"product_brand","embeddable":true,"href":"https:\/\/www.oxysphair.be\/de\/wp-json\/wp\/v2\/product_brand?post=264978"},{"taxonomy":"product_cat","embeddable":true,"href":"https:\/\/www.oxysphair.be\/de\/wp-json\/wp\/v2\/product_cat?post=264978"},{"taxonomy":"product_tag","embeddable":true,"href":"https:\/\/www.oxysphair.be\/de\/wp-json\/wp\/v2\/product_tag?post=264978"}],"curies":[{"name":"wp","href":"https:\/\/api.w.org\/{rel}","templated":true}]}}