{"id":264999,"date":"2025-11-14T18:22:03","date_gmt":"2025-11-14T17:22:03","guid":{"rendered":"https:\/\/www.oxysphair.be\/?post_type=product&#038;p=264999"},"modified":"2026-05-13T16:22:03","modified_gmt":"2026-05-13T14:22:03","slug":"flexifit-407-nasal-fisher-paykel","status":"publish","type":"product","link":"https:\/\/www.oxysphair.be\/de\/produits\/schlafapnoe\/cpap-masken\/nasal-de\/flexifit-407-nasal-fisher-paykel\/","title":{"rendered":"FlexiFit 407 Nasal &#8211; Fisher &#038; Paykel"},"content":{"rendered":"<p data-start=\"95\" data-end=\"335\">Le masque nasal FlexiFit 407 de Fisher &amp; Paykel est con\u00e7u pour offrir un ajustement fiable et un confort optimal lors de la th\u00e9rapie CPAP. Sa conception ergonomique permet une \u00e9tanch\u00e9it\u00e9 efficace tout en s\u2019adaptant aux mouvements nocturnes.<\/p>\n<p data-start=\"337\" data-end=\"644\">Le FlexiFit 407 Nasal Fisher &amp; Paykel int\u00e8gre la technologie FlexiFit\u2122, qui permet au coussin de s\u2019auto-ajuster sur l\u2019ar\u00eate du nez afin de r\u00e9duire les fuites d\u2019air et les points de pression. Cette conception assure une stabilit\u00e9 renforc\u00e9e du masque, m\u00eame en cas de changement de position pendant le sommeil.<\/p>\n<p data-start=\"646\" data-end=\"835\">Facile \u00e0 mettre en place et \u00e0 r\u00e9gler, ce masque nasal convient particuli\u00e8rement aux utilisateurs recherchant une solution simple, confortable et durable pour leur traitement CPAP quotidien.<\/p>\n<h3 data-start=\"837\" data-end=\"891\">Type de produit<\/h3>\n<p data-start=\"837\" data-end=\"891\">Masque nasal pour th\u00e9rapie CPAP.<\/p>\n<h3 data-start=\"893\" data-end=\"1012\">Compatibilit\u00e9<\/h3>\n<p data-start=\"893\" data-end=\"1012\">Compatible avec la majorit\u00e9 des appareils CPAP et Auto-CPAP standard via un raccordement universel.<\/p>\n<h3 data-start=\"1014\" data-end=\"1204\">Confort &amp; \u00e9tanch\u00e9it\u00e9<\/h3>\n<p data-start=\"1014\" data-end=\"1204\">Coussin nasal avec technologie FlexiFit\u2122 assurant un ajustement automatique, une bonne r\u00e9partition de la pression et une \u00e9tanch\u00e9it\u00e9 fiable tout au long de la nuit.<\/p>\n<p data-start=\"1206\" data-end=\"1446\">\n","protected":false},"excerpt":{"rendered":"<p>Le masque nasal FlexiFit 407 de Fisher &amp; Paykel est con\u00e7u pour offrir un ajustement fiable et un confort optimal lors de la th\u00e9rapie CPAP. Sa conception ergonomique permet une \u00e9tanch\u00e9it\u00e9 efficace tout en s\u2019adaptant aux mouvements nocturnes. Le FlexiFit 407 Nasal Fisher &amp; Paykel int\u00e8gre la technologie FlexiFit\u2122, qui permet au coussin de s\u2019auto-ajuster [&hellip;]<\/p>\n","protected":false},"featured_media":267148,"comment_status":"closed","ping_status":"closed","template":"","meta":{"_et_pb_use_builder":"","_et_pb_old_content":"","_et_gb_content_width":"","inline_featured_image":false},"product_brand":[147],"product_cat":[24,85,27,271],"product_tag":[],"class_list":{"0":"post-264999","1":"product","2":"type-product","3":"status-publish","4":"has-post-thumbnail","6":"product_brand-fisher-paykel","7":"product_cat-apnee-sommeil","8":"product_cat-nasal","9":"product_cat-masque-cpap","10":"product_cat-masques-nasaux","11":"pa_brand-fisher-paykel","13":"first","14":"instock","15":"taxable","16":"shipping-taxable","17":"purchasable","18":"product-type-simple"},"acf":[],"yoast_head":"<!-- This site is optimized with the Yoast SEO plugin v27.6 - https:\/\/yoast.com\/product\/yoast-seo-wordpress\/ -->\n<title>FlexiFit 407 Nasal - Fisher &amp; Paykel | Oxysphair<\/title>\n<meta name=\"robots\" content=\"index, follow, max-snippet:-1, max-image-preview:large, max-video-preview:-1\" \/>\n<link rel=\"canonical\" href=\"https:\/\/www.oxysphair.be\/de\/produits\/schlafapnoe\/cpap-masken\/nasal-de\/flexifit-407-nasal-fisher-paykel\/\" \/>\n<meta property=\"og:locale\" content=\"de_DE\" \/>\n<meta property=\"og:type\" content=\"article\" \/>\n<meta property=\"og:title\" content=\"FlexiFit 407 Nasal - Fisher &amp; Paykel | Oxysphair\" \/>\n<meta property=\"og:description\" content=\"Le masque nasal FlexiFit 407 de Fisher &amp; Paykel est con\u00e7u pour offrir un ajustement fiable et un confort optimal lors de la th\u00e9rapie CPAP. Sa conception ergonomique permet une \u00e9tanch\u00e9it\u00e9 efficace tout en s\u2019adaptant aux mouvements nocturnes. Le FlexiFit 407 Nasal Fisher &amp; Paykel int\u00e8gre la technologie FlexiFit\u2122, qui permet au coussin de s\u2019auto-ajuster [&hellip;]\" \/>\n<meta property=\"og:url\" content=\"https:\/\/www.oxysphair.be\/de\/produits\/schlafapnoe\/cpap-masken\/nasal-de\/flexifit-407-nasal-fisher-paykel\/\" \/>\n<meta property=\"og:site_name\" content=\"Oxysphair\" \/>\n<meta property=\"article:modified_time\" content=\"2026-05-13T14:22:03+00:00\" \/>\n<meta property=\"og:image\" content=\"https:\/\/www.oxysphair.be\/wp-content\/uploads\/2025\/11\/227866297ddcda25fc7130f4f07a99d7c3d52206_hc407.webp\" \/>\n\t<meta property=\"og:image:width\" content=\"800\" \/>\n\t<meta property=\"og:image:height\" content=\"800\" \/>\n\t<meta property=\"og:image:type\" content=\"image\/webp\" \/>\n<meta name=\"twitter:card\" content=\"summary_large_image\" \/>\n<meta name=\"twitter:label1\" content=\"Gesch\u00e4tzte Lesezeit\" \/>\n\t<meta name=\"twitter:data1\" content=\"2\u00a0Minuten\" \/>\n<script type=\"application\/ld+json\" class=\"yoast-schema-graph\">{\"@context\":\"https:\\\/\\\/schema.org\",\"@graph\":[{\"@type\":\"WebPage\",\"@id\":\"https:\\\/\\\/www.oxysphair.be\\\/de\\\/produits\\\/schlafapnoe\\\/cpap-masken\\\/nasal-de\\\/flexifit-407-nasal-fisher-paykel\\\/\",\"url\":\"https:\\\/\\\/www.oxysphair.be\\\/de\\\/produits\\\/schlafapnoe\\\/cpap-masken\\\/nasal-de\\\/flexifit-407-nasal-fisher-paykel\\\/\",\"name\":\"FlexiFit 407 Nasal - Fisher & Paykel | Oxysphair\",\"isPartOf\":{\"@id\":\"https:\\\/\\\/www.oxysphair.be\\\/de\\\/#website\"},\"primaryImageOfPage\":{\"@id\":\"https:\\\/\\\/www.oxysphair.be\\\/de\\\/produits\\\/schlafapnoe\\\/cpap-masken\\\/nasal-de\\\/flexifit-407-nasal-fisher-paykel\\\/#primaryimage\"},\"image\":{\"@id\":\"https:\\\/\\\/www.oxysphair.be\\\/de\\\/produits\\\/schlafapnoe\\\/cpap-masken\\\/nasal-de\\\/flexifit-407-nasal-fisher-paykel\\\/#primaryimage\"},\"thumbnailUrl\":\"https:\\\/\\\/www.oxysphair.be\\\/wp-content\\\/uploads\\\/2025\\\/11\\\/227866297ddcda25fc7130f4f07a99d7c3d52206_hc407.webp\",\"datePublished\":\"2025-11-14T17:22:03+00:00\",\"dateModified\":\"2026-05-13T14:22:03+00:00\",\"breadcrumb\":{\"@id\":\"https:\\\/\\\/www.oxysphair.be\\\/de\\\/produits\\\/schlafapnoe\\\/cpap-masken\\\/nasal-de\\\/flexifit-407-nasal-fisher-paykel\\\/#breadcrumb\"},\"inLanguage\":\"de\",\"potentialAction\":[{\"@type\":\"ReadAction\",\"target\":[\"https:\\\/\\\/www.oxysphair.be\\\/de\\\/produits\\\/schlafapnoe\\\/cpap-masken\\\/nasal-de\\\/flexifit-407-nasal-fisher-paykel\\\/\"]}]},{\"@type\":\"ImageObject\",\"inLanguage\":\"de\",\"@id\":\"https:\\\/\\\/www.oxysphair.be\\\/de\\\/produits\\\/schlafapnoe\\\/cpap-masken\\\/nasal-de\\\/flexifit-407-nasal-fisher-paykel\\\/#primaryimage\",\"url\":\"https:\\\/\\\/www.oxysphair.be\\\/wp-content\\\/uploads\\\/2025\\\/11\\\/227866297ddcda25fc7130f4f07a99d7c3d52206_hc407.webp\",\"contentUrl\":\"https:\\\/\\\/www.oxysphair.be\\\/wp-content\\\/uploads\\\/2025\\\/11\\\/227866297ddcda25fc7130f4f07a99d7c3d52206_hc407.webp\",\"width\":800,\"height\":800},{\"@type\":\"BreadcrumbList\",\"@id\":\"https:\\\/\\\/www.oxysphair.be\\\/de\\\/produits\\\/schlafapnoe\\\/cpap-masken\\\/nasal-de\\\/flexifit-407-nasal-fisher-paykel\\\/#breadcrumb\",\"itemListElement\":[{\"@type\":\"ListItem\",\"position\":1,\"name\":\"Accueil\",\"item\":\"https:\\\/\\\/www.oxysphair.be\\\/de\\\/\"},{\"@type\":\"ListItem\",\"position\":2,\"name\":\"Produkte\",\"item\":\"https:\\\/\\\/www.oxysphair.be\\\/de\\\/shop-produkte\\\/\"},{\"@type\":\"ListItem\",\"position\":3,\"name\":\"FlexiFit 407 Nasal &#8211; Fisher &#038; Paykel\"}]},{\"@type\":\"WebSite\",\"@id\":\"https:\\\/\\\/www.oxysphair.be\\\/de\\\/#website\",\"url\":\"https:\\\/\\\/www.oxysphair.be\\\/de\\\/\",\"name\":\"Oxysphair\",\"description\":\"\",\"potentialAction\":[{\"@type\":\"SearchAction\",\"target\":{\"@type\":\"EntryPoint\",\"urlTemplate\":\"https:\\\/\\\/www.oxysphair.be\\\/de\\\/?s={search_term_string}\"},\"query-input\":{\"@type\":\"PropertyValueSpecification\",\"valueRequired\":true,\"valueName\":\"search_term_string\"}}],\"inLanguage\":\"de\"}]}<\/script>\n<!-- \/ Yoast SEO plugin. -->","yoast_head_json":{"title":"FlexiFit 407 Nasal - Fisher & Paykel | Oxysphair","robots":{"index":"index","follow":"follow","max-snippet":"max-snippet:-1","max-image-preview":"max-image-preview:large","max-video-preview":"max-video-preview:-1"},"canonical":"https:\/\/www.oxysphair.be\/de\/produits\/schlafapnoe\/cpap-masken\/nasal-de\/flexifit-407-nasal-fisher-paykel\/","og_locale":"de_DE","og_type":"article","og_title":"FlexiFit 407 Nasal - Fisher & Paykel | Oxysphair","og_description":"Le masque nasal FlexiFit 407 de Fisher &amp; Paykel est con\u00e7u pour offrir un ajustement fiable et un confort optimal lors de la th\u00e9rapie CPAP. Sa conception ergonomique permet une \u00e9tanch\u00e9it\u00e9 efficace tout en s\u2019adaptant aux mouvements nocturnes. Le FlexiFit 407 Nasal Fisher &amp; Paykel int\u00e8gre la technologie FlexiFit\u2122, qui permet au coussin de s\u2019auto-ajuster [&hellip;]","og_url":"https:\/\/www.oxysphair.be\/de\/produits\/schlafapnoe\/cpap-masken\/nasal-de\/flexifit-407-nasal-fisher-paykel\/","og_site_name":"Oxysphair","article_modified_time":"2026-05-13T14:22:03+00:00","og_image":[{"width":800,"height":800,"url":"https:\/\/www.oxysphair.be\/wp-content\/uploads\/2025\/11\/227866297ddcda25fc7130f4f07a99d7c3d52206_hc407.webp","type":"image\/webp"}],"twitter_card":"summary_large_image","twitter_misc":{"Gesch\u00e4tzte Lesezeit":"2\u00a0Minuten"},"schema":{"@context":"https:\/\/schema.org","@graph":[{"@type":"WebPage","@id":"https:\/\/www.oxysphair.be\/de\/produits\/schlafapnoe\/cpap-masken\/nasal-de\/flexifit-407-nasal-fisher-paykel\/","url":"https:\/\/www.oxysphair.be\/de\/produits\/schlafapnoe\/cpap-masken\/nasal-de\/flexifit-407-nasal-fisher-paykel\/","name":"FlexiFit 407 Nasal - Fisher & Paykel | Oxysphair","isPartOf":{"@id":"https:\/\/www.oxysphair.be\/de\/#website"},"primaryImageOfPage":{"@id":"https:\/\/www.oxysphair.be\/de\/produits\/schlafapnoe\/cpap-masken\/nasal-de\/flexifit-407-nasal-fisher-paykel\/#primaryimage"},"image":{"@id":"https:\/\/www.oxysphair.be\/de\/produits\/schlafapnoe\/cpap-masken\/nasal-de\/flexifit-407-nasal-fisher-paykel\/#primaryimage"},"thumbnailUrl":"https:\/\/www.oxysphair.be\/wp-content\/uploads\/2025\/11\/227866297ddcda25fc7130f4f07a99d7c3d52206_hc407.webp","datePublished":"2025-11-14T17:22:03+00:00","dateModified":"2026-05-13T14:22:03+00:00","breadcrumb":{"@id":"https:\/\/www.oxysphair.be\/de\/produits\/schlafapnoe\/cpap-masken\/nasal-de\/flexifit-407-nasal-fisher-paykel\/#breadcrumb"},"inLanguage":"de","potentialAction":[{"@type":"ReadAction","target":["https:\/\/www.oxysphair.be\/de\/produits\/schlafapnoe\/cpap-masken\/nasal-de\/flexifit-407-nasal-fisher-paykel\/"]}]},{"@type":"ImageObject","inLanguage":"de","@id":"https:\/\/www.oxysphair.be\/de\/produits\/schlafapnoe\/cpap-masken\/nasal-de\/flexifit-407-nasal-fisher-paykel\/#primaryimage","url":"https:\/\/www.oxysphair.be\/wp-content\/uploads\/2025\/11\/227866297ddcda25fc7130f4f07a99d7c3d52206_hc407.webp","contentUrl":"https:\/\/www.oxysphair.be\/wp-content\/uploads\/2025\/11\/227866297ddcda25fc7130f4f07a99d7c3d52206_hc407.webp","width":800,"height":800},{"@type":"BreadcrumbList","@id":"https:\/\/www.oxysphair.be\/de\/produits\/schlafapnoe\/cpap-masken\/nasal-de\/flexifit-407-nasal-fisher-paykel\/#breadcrumb","itemListElement":[{"@type":"ListItem","position":1,"name":"Accueil","item":"https:\/\/www.oxysphair.be\/de\/"},{"@type":"ListItem","position":2,"name":"Produkte","item":"https:\/\/www.oxysphair.be\/de\/shop-produkte\/"},{"@type":"ListItem","position":3,"name":"FlexiFit 407 Nasal &#8211; Fisher &#038; Paykel"}]},{"@type":"WebSite","@id":"https:\/\/www.oxysphair.be\/de\/#website","url":"https:\/\/www.oxysphair.be\/de\/","name":"Oxysphair","description":"","potentialAction":[{"@type":"SearchAction","target":{"@type":"EntryPoint","urlTemplate":"https:\/\/www.oxysphair.be\/de\/?s={search_term_string}"},"query-input":{"@type":"PropertyValueSpecification","valueRequired":true,"valueName":"search_term_string"}}],"inLanguage":"de"}]}},"_links":{"self":[{"href":"https:\/\/www.oxysphair.be\/de\/wp-json\/wp\/v2\/product\/264999","targetHints":{"allow":["GET"]}}],"collection":[{"href":"https:\/\/www.oxysphair.be\/de\/wp-json\/wp\/v2\/product"}],"about":[{"href":"https:\/\/www.oxysphair.be\/de\/wp-json\/wp\/v2\/types\/product"}],"replies":[{"embeddable":true,"href":"https:\/\/www.oxysphair.be\/de\/wp-json\/wp\/v2\/comments?post=264999"}],"wp:featuredmedia":[{"embeddable":true,"href":"https:\/\/www.oxysphair.be\/de\/wp-json\/wp\/v2\/media\/267148"}],"wp:attachment":[{"href":"https:\/\/www.oxysphair.be\/de\/wp-json\/wp\/v2\/media?parent=264999"}],"wp:term":[{"taxonomy":"product_brand","embeddable":true,"href":"https:\/\/www.oxysphair.be\/de\/wp-json\/wp\/v2\/product_brand?post=264999"},{"taxonomy":"product_cat","embeddable":true,"href":"https:\/\/www.oxysphair.be\/de\/wp-json\/wp\/v2\/product_cat?post=264999"},{"taxonomy":"product_tag","embeddable":true,"href":"https:\/\/www.oxysphair.be\/de\/wp-json\/wp\/v2\/product_tag?post=264999"}],"curies":[{"name":"wp","href":"https:\/\/api.w.org\/{rel}","templated":true}]}}