{"id":265189,"date":"2025-11-20T10:04:02","date_gmt":"2025-11-20T09:04:02","guid":{"rendered":"https:\/\/www.oxysphair.be\/?post_type=product&#038;p=265189"},"modified":"2026-04-08T14:02:53","modified_gmt":"2026-04-08T12:02:53","slug":"airfit-f20-ff-for-her","status":"publish","type":"product","link":"https:\/\/www.oxysphair.be\/de\/produits\/schlafapnoe\/cpap-masken\/airfit-f20-ff-for-her\/","title":{"rendered":"Airfit F20 FF  for Her &#8211; Resmed"},"content":{"rendered":"<p data-start=\"102\" data-end=\"372\">Le <strong data-start=\"105\" data-end=\"134\">ResMed AirFit F20 for Her<\/strong> est un masque facial (full face) con\u00e7u pour la th\u00e9rapie PPC\/CPAP. Il est destin\u00e9 aux personnes respirant par le nez et\/ou par la bouche pendant le sommeil et recherchant une solution fiable, confortable et adapt\u00e9e \u00e0 la gamme <strong data-start=\"360\" data-end=\"371\">for Her<\/strong>.<\/p>\n<p data-start=\"374\" data-end=\"693\">Le <strong data-start=\"377\" data-end=\"409\">ResMed AirFit F20 FF for Her<\/strong> reprend la conception \u00e9prouv\u00e9e de la s\u00e9rie AirFit F20, avec une structure pens\u00e9e pour assurer une \u00e9tanch\u00e9it\u00e9 efficace et un maintien stable tout au long de la nuit. Sa version <strong data-start=\"586\" data-end=\"597\">for Her<\/strong> propose un design et un harnais adapt\u00e9s, favorisant un ajustement pr\u00e9cis et un confort optimal.<\/p>\n<p data-start=\"695\" data-end=\"917\">Ce masque facial s\u2019int\u00e8gre parfaitement \u00e0 l\u2019\u00e9cosyst\u00e8me ResMed et convient \u00e0 une utilisation quotidienne dans le cadre de la th\u00e9rapie PPC\/CPAP. Il offre un bon \u00e9quilibre entre performance, confort et simplicit\u00e9 d\u2019entretien.<\/p>\n<h3 data-start=\"919\" data-end=\"940\">Type de produit<\/h3>\n<p data-start=\"941\" data-end=\"990\">Masque facial (full face) pour th\u00e9rapie PPC\/CPAP.<\/p>\n<h3 data-start=\"992\" data-end=\"1011\">Compatibilit\u00e9<\/h3>\n<p data-start=\"1012\" data-end=\"1121\">Compatible avec les appareils PPC\/CPAP ResMed et autres dispositifs standards utilisant un raccord universel.<\/p>\n<h3 data-start=\"1123\" data-end=\"1149\">Confort &amp; \u00e9tanch\u00e9it\u00e9<\/h3>\n<p data-start=\"1150\" data-end=\"1299\">Le coussin facial assure une \u00e9tanch\u00e9it\u00e9 fiable tout en limitant les points de pression sur le visage, contribuant \u00e0 un confort stable durant la nuit.<\/p>\n<h3 data-start=\"1301\" data-end=\"1336\">Maintien &amp; conception for Her<\/h3>\n<p data-start=\"1337\" data-end=\"1482\">Harnais et design adapt\u00e9s \u00e0 la gamme <strong data-start=\"1374\" data-end=\"1385\">for Her<\/strong>, offrant un maintien s\u00e9curis\u00e9 et un ajustement confortable, m\u00eame en cas de mouvements nocturnes.<\/p>\n","protected":false},"excerpt":{"rendered":"<p>Le ResMed AirFit F20 for Her est un masque facial (full face) con\u00e7u pour la th\u00e9rapie PPC\/CPAP. Il est destin\u00e9 aux personnes respirant par le nez et\/ou par la bouche pendant le sommeil et recherchant une solution fiable, confortable et adapt\u00e9e \u00e0 la gamme for Her. Le ResMed AirFit F20 FF for Her reprend la [&hellip;]<\/p>\n","protected":false},"featured_media":266994,"comment_status":"closed","ping_status":"closed","template":"","meta":{"_et_pb_use_builder":"","_et_pb_old_content":"","_et_gb_content_width":"","inline_featured_image":false},"product_brand":[248],"product_cat":[24,27],"product_tag":[],"class_list":{"0":"post-265189","1":"product","2":"type-product","3":"status-publish","4":"has-post-thumbnail","6":"product_brand-resmed","7":"product_cat-apnee-sommeil","8":"product_cat-masque-cpap","9":"pa_brand-resmed","10":"pa_taille-m","11":"pa_taille-s","13":"first","14":"instock","15":"taxable","16":"shipping-taxable","17":"purchasable","18":"product-type-variable","19":"has-default-attributes"},"acf":[],"yoast_head":"<!-- This site is optimized with the Yoast SEO plugin v27.3 - https:\/\/yoast.com\/product\/yoast-seo-wordpress\/ -->\n<title>Airfit F20 FF for Her - Resmed | Oxysphair<\/title>\n<meta name=\"robots\" content=\"index, follow, max-snippet:-1, max-image-preview:large, max-video-preview:-1\" \/>\n<link rel=\"canonical\" href=\"https:\/\/www.oxysphair.be\/de\/produits\/schlafapnoe\/cpap-masken\/airfit-f20-ff-for-her\/\" \/>\n<meta property=\"og:locale\" content=\"de_DE\" \/>\n<meta property=\"og:type\" content=\"article\" \/>\n<meta property=\"og:title\" content=\"Airfit F20 FF for Her - Resmed | Oxysphair\" \/>\n<meta property=\"og:description\" content=\"Le ResMed AirFit F20 for Her est un masque facial (full face) con\u00e7u pour la th\u00e9rapie PPC\/CPAP. Il est destin\u00e9 aux personnes respirant par le nez et\/ou par la bouche pendant le sommeil et recherchant une solution fiable, confortable et adapt\u00e9e \u00e0 la gamme for Her. Le ResMed AirFit F20 FF for Her reprend la [&hellip;]\" \/>\n<meta property=\"og:url\" content=\"https:\/\/www.oxysphair.be\/de\/produits\/schlafapnoe\/cpap-masken\/airfit-f20-ff-for-her\/\" \/>\n<meta property=\"og:site_name\" content=\"Oxysphair\" \/>\n<meta property=\"article:modified_time\" content=\"2026-04-08T12:02:53+00:00\" \/>\n<meta name=\"twitter:card\" content=\"summary_large_image\" \/>\n<meta name=\"twitter:label1\" content=\"Gesch\u00e4tzte Lesezeit\" \/>\n\t<meta name=\"twitter:data1\" content=\"2\u00a0Minuten\" \/>\n<script type=\"application\/ld+json\" class=\"yoast-schema-graph\">{\"@context\":\"https:\\\/\\\/schema.org\",\"@graph\":[{\"@type\":\"WebPage\",\"@id\":\"https:\\\/\\\/www.oxysphair.be\\\/de\\\/produits\\\/schlafapnoe\\\/cpap-masken\\\/airfit-f20-ff-for-her\\\/\",\"url\":\"https:\\\/\\\/www.oxysphair.be\\\/de\\\/produits\\\/schlafapnoe\\\/cpap-masken\\\/airfit-f20-ff-for-her\\\/\",\"name\":\"Airfit F20 FF for Her - Resmed | Oxysphair\",\"isPartOf\":{\"@id\":\"https:\\\/\\\/www.oxysphair.be\\\/de\\\/#website\"},\"primaryImageOfPage\":{\"@id\":\"https:\\\/\\\/www.oxysphair.be\\\/de\\\/produits\\\/schlafapnoe\\\/cpap-masken\\\/airfit-f20-ff-for-her\\\/#primaryimage\"},\"image\":{\"@id\":\"https:\\\/\\\/www.oxysphair.be\\\/de\\\/produits\\\/schlafapnoe\\\/cpap-masken\\\/airfit-f20-ff-for-her\\\/#primaryimage\"},\"thumbnailUrl\":\"https:\\\/\\\/www.oxysphair.be\\\/wp-content\\\/uploads\\\/2025\\\/11\\\/AirFit-F20-compact-full-face-mask-her-resmed.avif\",\"datePublished\":\"2025-11-20T09:04:02+00:00\",\"dateModified\":\"2026-04-08T12:02:53+00:00\",\"breadcrumb\":{\"@id\":\"https:\\\/\\\/www.oxysphair.be\\\/de\\\/produits\\\/schlafapnoe\\\/cpap-masken\\\/airfit-f20-ff-for-her\\\/#breadcrumb\"},\"inLanguage\":\"de\",\"potentialAction\":[{\"@type\":\"ReadAction\",\"target\":[\"https:\\\/\\\/www.oxysphair.be\\\/de\\\/produits\\\/schlafapnoe\\\/cpap-masken\\\/airfit-f20-ff-for-her\\\/\"]}]},{\"@type\":\"ImageObject\",\"inLanguage\":\"de\",\"@id\":\"https:\\\/\\\/www.oxysphair.be\\\/de\\\/produits\\\/schlafapnoe\\\/cpap-masken\\\/airfit-f20-ff-for-her\\\/#primaryimage\",\"url\":\"https:\\\/\\\/www.oxysphair.be\\\/wp-content\\\/uploads\\\/2025\\\/11\\\/AirFit-F20-compact-full-face-mask-her-resmed.avif\",\"contentUrl\":\"https:\\\/\\\/www.oxysphair.be\\\/wp-content\\\/uploads\\\/2025\\\/11\\\/AirFit-F20-compact-full-face-mask-her-resmed.avif\",\"width\":315,\"height\":315},{\"@type\":\"BreadcrumbList\",\"@id\":\"https:\\\/\\\/www.oxysphair.be\\\/de\\\/produits\\\/schlafapnoe\\\/cpap-masken\\\/airfit-f20-ff-for-her\\\/#breadcrumb\",\"itemListElement\":[{\"@type\":\"ListItem\",\"position\":1,\"name\":\"Accueil\",\"item\":\"https:\\\/\\\/www.oxysphair.be\\\/de\\\/\"},{\"@type\":\"ListItem\",\"position\":2,\"name\":\"Produkte\",\"item\":\"https:\\\/\\\/www.oxysphair.be\\\/de\\\/shop-produkte\\\/\"},{\"@type\":\"ListItem\",\"position\":3,\"name\":\"Airfit F20 FF for Her &#8211; Resmed\"}]},{\"@type\":\"WebSite\",\"@id\":\"https:\\\/\\\/www.oxysphair.be\\\/de\\\/#website\",\"url\":\"https:\\\/\\\/www.oxysphair.be\\\/de\\\/\",\"name\":\"Oxysphair\",\"description\":\"\",\"potentialAction\":[{\"@type\":\"SearchAction\",\"target\":{\"@type\":\"EntryPoint\",\"urlTemplate\":\"https:\\\/\\\/www.oxysphair.be\\\/de\\\/?s={search_term_string}\"},\"query-input\":{\"@type\":\"PropertyValueSpecification\",\"valueRequired\":true,\"valueName\":\"search_term_string\"}}],\"inLanguage\":\"de\"}]}<\/script>\n<!-- \/ Yoast SEO plugin. -->","yoast_head_json":{"title":"Airfit F20 FF for Her - Resmed | Oxysphair","robots":{"index":"index","follow":"follow","max-snippet":"max-snippet:-1","max-image-preview":"max-image-preview:large","max-video-preview":"max-video-preview:-1"},"canonical":"https:\/\/www.oxysphair.be\/de\/produits\/schlafapnoe\/cpap-masken\/airfit-f20-ff-for-her\/","og_locale":"de_DE","og_type":"article","og_title":"Airfit F20 FF for Her - Resmed | Oxysphair","og_description":"Le ResMed AirFit F20 for Her est un masque facial (full face) con\u00e7u pour la th\u00e9rapie PPC\/CPAP. Il est destin\u00e9 aux personnes respirant par le nez et\/ou par la bouche pendant le sommeil et recherchant une solution fiable, confortable et adapt\u00e9e \u00e0 la gamme for Her. Le ResMed AirFit F20 FF for Her reprend la [&hellip;]","og_url":"https:\/\/www.oxysphair.be\/de\/produits\/schlafapnoe\/cpap-masken\/airfit-f20-ff-for-her\/","og_site_name":"Oxysphair","article_modified_time":"2026-04-08T12:02:53+00:00","twitter_card":"summary_large_image","twitter_misc":{"Gesch\u00e4tzte Lesezeit":"2\u00a0Minuten"},"schema":{"@context":"https:\/\/schema.org","@graph":[{"@type":"WebPage","@id":"https:\/\/www.oxysphair.be\/de\/produits\/schlafapnoe\/cpap-masken\/airfit-f20-ff-for-her\/","url":"https:\/\/www.oxysphair.be\/de\/produits\/schlafapnoe\/cpap-masken\/airfit-f20-ff-for-her\/","name":"Airfit F20 FF for Her - Resmed | Oxysphair","isPartOf":{"@id":"https:\/\/www.oxysphair.be\/de\/#website"},"primaryImageOfPage":{"@id":"https:\/\/www.oxysphair.be\/de\/produits\/schlafapnoe\/cpap-masken\/airfit-f20-ff-for-her\/#primaryimage"},"image":{"@id":"https:\/\/www.oxysphair.be\/de\/produits\/schlafapnoe\/cpap-masken\/airfit-f20-ff-for-her\/#primaryimage"},"thumbnailUrl":"https:\/\/www.oxysphair.be\/wp-content\/uploads\/2025\/11\/AirFit-F20-compact-full-face-mask-her-resmed.avif","datePublished":"2025-11-20T09:04:02+00:00","dateModified":"2026-04-08T12:02:53+00:00","breadcrumb":{"@id":"https:\/\/www.oxysphair.be\/de\/produits\/schlafapnoe\/cpap-masken\/airfit-f20-ff-for-her\/#breadcrumb"},"inLanguage":"de","potentialAction":[{"@type":"ReadAction","target":["https:\/\/www.oxysphair.be\/de\/produits\/schlafapnoe\/cpap-masken\/airfit-f20-ff-for-her\/"]}]},{"@type":"ImageObject","inLanguage":"de","@id":"https:\/\/www.oxysphair.be\/de\/produits\/schlafapnoe\/cpap-masken\/airfit-f20-ff-for-her\/#primaryimage","url":"https:\/\/www.oxysphair.be\/wp-content\/uploads\/2025\/11\/AirFit-F20-compact-full-face-mask-her-resmed.avif","contentUrl":"https:\/\/www.oxysphair.be\/wp-content\/uploads\/2025\/11\/AirFit-F20-compact-full-face-mask-her-resmed.avif","width":315,"height":315},{"@type":"BreadcrumbList","@id":"https:\/\/www.oxysphair.be\/de\/produits\/schlafapnoe\/cpap-masken\/airfit-f20-ff-for-her\/#breadcrumb","itemListElement":[{"@type":"ListItem","position":1,"name":"Accueil","item":"https:\/\/www.oxysphair.be\/de\/"},{"@type":"ListItem","position":2,"name":"Produkte","item":"https:\/\/www.oxysphair.be\/de\/shop-produkte\/"},{"@type":"ListItem","position":3,"name":"Airfit F20 FF for Her &#8211; Resmed"}]},{"@type":"WebSite","@id":"https:\/\/www.oxysphair.be\/de\/#website","url":"https:\/\/www.oxysphair.be\/de\/","name":"Oxysphair","description":"","potentialAction":[{"@type":"SearchAction","target":{"@type":"EntryPoint","urlTemplate":"https:\/\/www.oxysphair.be\/de\/?s={search_term_string}"},"query-input":{"@type":"PropertyValueSpecification","valueRequired":true,"valueName":"search_term_string"}}],"inLanguage":"de"}]}},"_links":{"self":[{"href":"https:\/\/www.oxysphair.be\/de\/wp-json\/wp\/v2\/product\/265189","targetHints":{"allow":["GET"]}}],"collection":[{"href":"https:\/\/www.oxysphair.be\/de\/wp-json\/wp\/v2\/product"}],"about":[{"href":"https:\/\/www.oxysphair.be\/de\/wp-json\/wp\/v2\/types\/product"}],"replies":[{"embeddable":true,"href":"https:\/\/www.oxysphair.be\/de\/wp-json\/wp\/v2\/comments?post=265189"}],"wp:featuredmedia":[{"embeddable":true,"href":"https:\/\/www.oxysphair.be\/de\/wp-json\/wp\/v2\/media\/266994"}],"wp:attachment":[{"href":"https:\/\/www.oxysphair.be\/de\/wp-json\/wp\/v2\/media?parent=265189"}],"wp:term":[{"taxonomy":"product_brand","embeddable":true,"href":"https:\/\/www.oxysphair.be\/de\/wp-json\/wp\/v2\/product_brand?post=265189"},{"taxonomy":"product_cat","embeddable":true,"href":"https:\/\/www.oxysphair.be\/de\/wp-json\/wp\/v2\/product_cat?post=265189"},{"taxonomy":"product_tag","embeddable":true,"href":"https:\/\/www.oxysphair.be\/de\/wp-json\/wp\/v2\/product_tag?post=265189"}],"curies":[{"name":"wp","href":"https:\/\/api.w.org\/{rel}","templated":true}]}}