{"id":265197,"date":"2025-11-20T10:10:02","date_gmt":"2025-11-20T09:10:02","guid":{"rendered":"https:\/\/www.oxysphair.be\/?post_type=product&#038;p=265197"},"modified":"2026-05-13T16:04:30","modified_gmt":"2026-05-13T14:04:30","slug":"n5a","status":"publish","type":"product","link":"https:\/\/www.oxysphair.be\/de\/produits\/schlafapnoe\/cpap-masken\/nasal-de\/n5a\/","title":{"rendered":"N5A &#8211; BMC"},"content":{"rendered":"<p>Le <strong>BMC N5A<\/strong> est un <strong>accessoire CPAP<\/strong> con\u00e7u pour compl\u00e9ter une installation de traitement de l\u2019apn\u00e9e du sommeil.<\/p>\n<p>Id\u00e9al en remplacement ou en compl\u00e9ment, cet accessoire s\u2019int\u00e8gre dans une routine de th\u00e9rapie PPC pour aider \u00e0 maintenir une utilisation r\u00e9guli\u00e8re de l\u2019\u00e9quipement.<\/p>\n<h3>Type de produit<\/h3>\n<p><strong>Accessoire CPAP<\/strong> BMC (r\u00e9f\u00e9rence <strong>N5A<\/strong>).<\/p>\n","protected":false},"excerpt":{"rendered":"<p>Le BMC N5A est un accessoire CPAP con\u00e7u pour compl\u00e9ter une installation de traitement de l\u2019apn\u00e9e du sommeil. Id\u00e9al en remplacement ou en compl\u00e9ment, cet accessoire s\u2019int\u00e8gre dans une routine de th\u00e9rapie PPC pour aider \u00e0 maintenir une utilisation r\u00e9guli\u00e8re de l\u2019\u00e9quipement. Type de produit Accessoire CPAP BMC (r\u00e9f\u00e9rence N5A).<\/p>\n","protected":false},"featured_media":266988,"comment_status":"closed","ping_status":"closed","template":"","meta":{"_et_pb_use_builder":"","_et_pb_old_content":"","_et_gb_content_width":"","inline_featured_image":false},"product_brand":[149],"product_cat":[24,85,27,271],"product_tag":[],"class_list":{"0":"post-265197","1":"product","2":"type-product","3":"status-publish","4":"has-post-thumbnail","6":"product_brand-bmc","7":"product_cat-apnee-sommeil","8":"product_cat-nasal","9":"product_cat-masque-cpap","10":"product_cat-masques-nasaux","11":"pa_brand-bmc","12":"pa_taille-l","13":"pa_taille-m","14":"pa_taille-s","15":"pa_taille-xl","17":"first","18":"instock","19":"taxable","20":"shipping-taxable","21":"purchasable","22":"product-type-variable","23":"has-default-attributes"},"acf":[],"yoast_head":"<!-- This site is optimized with the Yoast SEO plugin v27.6 - https:\/\/yoast.com\/product\/yoast-seo-wordpress\/ -->\n<title>N5A - BMC | Oxysphair<\/title>\n<meta name=\"robots\" content=\"index, follow, max-snippet:-1, max-image-preview:large, max-video-preview:-1\" \/>\n<link rel=\"canonical\" href=\"https:\/\/www.oxysphair.be\/de\/produits\/schlafapnoe\/cpap-masken\/nasal-de\/n5a\/\" \/>\n<meta property=\"og:locale\" content=\"de_DE\" \/>\n<meta property=\"og:type\" content=\"article\" \/>\n<meta property=\"og:title\" content=\"N5A - BMC | Oxysphair\" \/>\n<meta property=\"og:description\" content=\"Le BMC N5A est un accessoire CPAP con\u00e7u pour compl\u00e9ter une installation de traitement de l\u2019apn\u00e9e du sommeil. Id\u00e9al en remplacement ou en compl\u00e9ment, cet accessoire s\u2019int\u00e8gre dans une routine de th\u00e9rapie PPC pour aider \u00e0 maintenir une utilisation r\u00e9guli\u00e8re de l\u2019\u00e9quipement. Type de produit Accessoire CPAP BMC (r\u00e9f\u00e9rence N5A).\" \/>\n<meta property=\"og:url\" content=\"https:\/\/www.oxysphair.be\/de\/produits\/schlafapnoe\/cpap-masken\/nasal-de\/n5a\/\" \/>\n<meta property=\"og:site_name\" content=\"Oxysphair\" \/>\n<meta property=\"article:modified_time\" content=\"2026-05-13T14:04:30+00:00\" \/>\n<meta property=\"og:image\" content=\"https:\/\/www.oxysphair.be\/wp-content\/uploads\/2025\/11\/masque-BMC-N5A.png\" \/>\n\t<meta property=\"og:image:width\" content=\"337\" \/>\n\t<meta property=\"og:image:height\" content=\"374\" \/>\n\t<meta property=\"og:image:type\" content=\"image\/png\" \/>\n<meta name=\"twitter:card\" content=\"summary_large_image\" \/>\n<meta name=\"twitter:label1\" content=\"Gesch\u00e4tzte Lesezeit\" \/>\n\t<meta name=\"twitter:data1\" content=\"1\u00a0Minute\" \/>\n<script type=\"application\/ld+json\" class=\"yoast-schema-graph\">{\"@context\":\"https:\\\/\\\/schema.org\",\"@graph\":[{\"@type\":\"WebPage\",\"@id\":\"https:\\\/\\\/www.oxysphair.be\\\/de\\\/produits\\\/schlafapnoe\\\/cpap-masken\\\/nasal-de\\\/n5a\\\/\",\"url\":\"https:\\\/\\\/www.oxysphair.be\\\/de\\\/produits\\\/schlafapnoe\\\/cpap-masken\\\/nasal-de\\\/n5a\\\/\",\"name\":\"N5A - BMC | Oxysphair\",\"isPartOf\":{\"@id\":\"https:\\\/\\\/www.oxysphair.be\\\/de\\\/#website\"},\"primaryImageOfPage\":{\"@id\":\"https:\\\/\\\/www.oxysphair.be\\\/de\\\/produits\\\/schlafapnoe\\\/cpap-masken\\\/nasal-de\\\/n5a\\\/#primaryimage\"},\"image\":{\"@id\":\"https:\\\/\\\/www.oxysphair.be\\\/de\\\/produits\\\/schlafapnoe\\\/cpap-masken\\\/nasal-de\\\/n5a\\\/#primaryimage\"},\"thumbnailUrl\":\"https:\\\/\\\/www.oxysphair.be\\\/wp-content\\\/uploads\\\/2025\\\/11\\\/masque-BMC-N5A.png\",\"datePublished\":\"2025-11-20T09:10:02+00:00\",\"dateModified\":\"2026-05-13T14:04:30+00:00\",\"breadcrumb\":{\"@id\":\"https:\\\/\\\/www.oxysphair.be\\\/de\\\/produits\\\/schlafapnoe\\\/cpap-masken\\\/nasal-de\\\/n5a\\\/#breadcrumb\"},\"inLanguage\":\"de\",\"potentialAction\":[{\"@type\":\"ReadAction\",\"target\":[\"https:\\\/\\\/www.oxysphair.be\\\/de\\\/produits\\\/schlafapnoe\\\/cpap-masken\\\/nasal-de\\\/n5a\\\/\"]}]},{\"@type\":\"ImageObject\",\"inLanguage\":\"de\",\"@id\":\"https:\\\/\\\/www.oxysphair.be\\\/de\\\/produits\\\/schlafapnoe\\\/cpap-masken\\\/nasal-de\\\/n5a\\\/#primaryimage\",\"url\":\"https:\\\/\\\/www.oxysphair.be\\\/wp-content\\\/uploads\\\/2025\\\/11\\\/masque-BMC-N5A.png\",\"contentUrl\":\"https:\\\/\\\/www.oxysphair.be\\\/wp-content\\\/uploads\\\/2025\\\/11\\\/masque-BMC-N5A.png\",\"width\":337,\"height\":374},{\"@type\":\"BreadcrumbList\",\"@id\":\"https:\\\/\\\/www.oxysphair.be\\\/de\\\/produits\\\/schlafapnoe\\\/cpap-masken\\\/nasal-de\\\/n5a\\\/#breadcrumb\",\"itemListElement\":[{\"@type\":\"ListItem\",\"position\":1,\"name\":\"Accueil\",\"item\":\"https:\\\/\\\/www.oxysphair.be\\\/de\\\/\"},{\"@type\":\"ListItem\",\"position\":2,\"name\":\"Produkte\",\"item\":\"https:\\\/\\\/www.oxysphair.be\\\/de\\\/shop-produkte\\\/\"},{\"@type\":\"ListItem\",\"position\":3,\"name\":\"N5A &#8211; BMC\"}]},{\"@type\":\"WebSite\",\"@id\":\"https:\\\/\\\/www.oxysphair.be\\\/de\\\/#website\",\"url\":\"https:\\\/\\\/www.oxysphair.be\\\/de\\\/\",\"name\":\"Oxysphair\",\"description\":\"\",\"potentialAction\":[{\"@type\":\"SearchAction\",\"target\":{\"@type\":\"EntryPoint\",\"urlTemplate\":\"https:\\\/\\\/www.oxysphair.be\\\/de\\\/?s={search_term_string}\"},\"query-input\":{\"@type\":\"PropertyValueSpecification\",\"valueRequired\":true,\"valueName\":\"search_term_string\"}}],\"inLanguage\":\"de\"}]}<\/script>\n<!-- \/ Yoast SEO plugin. -->","yoast_head_json":{"title":"N5A - BMC | Oxysphair","robots":{"index":"index","follow":"follow","max-snippet":"max-snippet:-1","max-image-preview":"max-image-preview:large","max-video-preview":"max-video-preview:-1"},"canonical":"https:\/\/www.oxysphair.be\/de\/produits\/schlafapnoe\/cpap-masken\/nasal-de\/n5a\/","og_locale":"de_DE","og_type":"article","og_title":"N5A - BMC | Oxysphair","og_description":"Le BMC N5A est un accessoire CPAP con\u00e7u pour compl\u00e9ter une installation de traitement de l\u2019apn\u00e9e du sommeil. Id\u00e9al en remplacement ou en compl\u00e9ment, cet accessoire s\u2019int\u00e8gre dans une routine de th\u00e9rapie PPC pour aider \u00e0 maintenir une utilisation r\u00e9guli\u00e8re de l\u2019\u00e9quipement. Type de produit Accessoire CPAP BMC (r\u00e9f\u00e9rence N5A).","og_url":"https:\/\/www.oxysphair.be\/de\/produits\/schlafapnoe\/cpap-masken\/nasal-de\/n5a\/","og_site_name":"Oxysphair","article_modified_time":"2026-05-13T14:04:30+00:00","og_image":[{"width":337,"height":374,"url":"https:\/\/www.oxysphair.be\/wp-content\/uploads\/2025\/11\/masque-BMC-N5A.png","type":"image\/png"}],"twitter_card":"summary_large_image","twitter_misc":{"Gesch\u00e4tzte Lesezeit":"1\u00a0Minute"},"schema":{"@context":"https:\/\/schema.org","@graph":[{"@type":"WebPage","@id":"https:\/\/www.oxysphair.be\/de\/produits\/schlafapnoe\/cpap-masken\/nasal-de\/n5a\/","url":"https:\/\/www.oxysphair.be\/de\/produits\/schlafapnoe\/cpap-masken\/nasal-de\/n5a\/","name":"N5A - BMC | Oxysphair","isPartOf":{"@id":"https:\/\/www.oxysphair.be\/de\/#website"},"primaryImageOfPage":{"@id":"https:\/\/www.oxysphair.be\/de\/produits\/schlafapnoe\/cpap-masken\/nasal-de\/n5a\/#primaryimage"},"image":{"@id":"https:\/\/www.oxysphair.be\/de\/produits\/schlafapnoe\/cpap-masken\/nasal-de\/n5a\/#primaryimage"},"thumbnailUrl":"https:\/\/www.oxysphair.be\/wp-content\/uploads\/2025\/11\/masque-BMC-N5A.png","datePublished":"2025-11-20T09:10:02+00:00","dateModified":"2026-05-13T14:04:30+00:00","breadcrumb":{"@id":"https:\/\/www.oxysphair.be\/de\/produits\/schlafapnoe\/cpap-masken\/nasal-de\/n5a\/#breadcrumb"},"inLanguage":"de","potentialAction":[{"@type":"ReadAction","target":["https:\/\/www.oxysphair.be\/de\/produits\/schlafapnoe\/cpap-masken\/nasal-de\/n5a\/"]}]},{"@type":"ImageObject","inLanguage":"de","@id":"https:\/\/www.oxysphair.be\/de\/produits\/schlafapnoe\/cpap-masken\/nasal-de\/n5a\/#primaryimage","url":"https:\/\/www.oxysphair.be\/wp-content\/uploads\/2025\/11\/masque-BMC-N5A.png","contentUrl":"https:\/\/www.oxysphair.be\/wp-content\/uploads\/2025\/11\/masque-BMC-N5A.png","width":337,"height":374},{"@type":"BreadcrumbList","@id":"https:\/\/www.oxysphair.be\/de\/produits\/schlafapnoe\/cpap-masken\/nasal-de\/n5a\/#breadcrumb","itemListElement":[{"@type":"ListItem","position":1,"name":"Accueil","item":"https:\/\/www.oxysphair.be\/de\/"},{"@type":"ListItem","position":2,"name":"Produkte","item":"https:\/\/www.oxysphair.be\/de\/shop-produkte\/"},{"@type":"ListItem","position":3,"name":"N5A &#8211; BMC"}]},{"@type":"WebSite","@id":"https:\/\/www.oxysphair.be\/de\/#website","url":"https:\/\/www.oxysphair.be\/de\/","name":"Oxysphair","description":"","potentialAction":[{"@type":"SearchAction","target":{"@type":"EntryPoint","urlTemplate":"https:\/\/www.oxysphair.be\/de\/?s={search_term_string}"},"query-input":{"@type":"PropertyValueSpecification","valueRequired":true,"valueName":"search_term_string"}}],"inLanguage":"de"}]}},"_links":{"self":[{"href":"https:\/\/www.oxysphair.be\/de\/wp-json\/wp\/v2\/product\/265197","targetHints":{"allow":["GET"]}}],"collection":[{"href":"https:\/\/www.oxysphair.be\/de\/wp-json\/wp\/v2\/product"}],"about":[{"href":"https:\/\/www.oxysphair.be\/de\/wp-json\/wp\/v2\/types\/product"}],"replies":[{"embeddable":true,"href":"https:\/\/www.oxysphair.be\/de\/wp-json\/wp\/v2\/comments?post=265197"}],"wp:featuredmedia":[{"embeddable":true,"href":"https:\/\/www.oxysphair.be\/de\/wp-json\/wp\/v2\/media\/266988"}],"wp:attachment":[{"href":"https:\/\/www.oxysphair.be\/de\/wp-json\/wp\/v2\/media?parent=265197"}],"wp:term":[{"taxonomy":"product_brand","embeddable":true,"href":"https:\/\/www.oxysphair.be\/de\/wp-json\/wp\/v2\/product_brand?post=265197"},{"taxonomy":"product_cat","embeddable":true,"href":"https:\/\/www.oxysphair.be\/de\/wp-json\/wp\/v2\/product_cat?post=265197"},{"taxonomy":"product_tag","embeddable":true,"href":"https:\/\/www.oxysphair.be\/de\/wp-json\/wp\/v2\/product_tag?post=265197"}],"curies":[{"name":"wp","href":"https:\/\/api.w.org\/{rel}","templated":true}]}}