{"id":265230,"date":"2025-11-20T12:24:26","date_gmt":"2025-11-20T11:24:26","guid":{"rendered":"https:\/\/www.oxysphair.be\/?post_type=product&#038;p=265230"},"modified":"2026-05-13T16:22:19","modified_gmt":"2026-05-13T14:22:19","slug":"airfit-n30-quietair","status":"publish","type":"product","link":"https:\/\/www.oxysphair.be\/de\/produits\/schlafapnoe\/cpap-masken\/nasal-de\/airfit-n30-quietair\/","title":{"rendered":"Airfit N30 Quietair &#8211; Resmed"},"content":{"rendered":"<p>Accessoire d\u2019origine ResMed pour le masque nasal AirFit N30, int\u00e9grant la diffusion d\u2019air QuietAir pour un flux plus discret et orient\u00e9 confort.<\/p>\n<p>L\u2019<strong>AirFit N30<\/strong> avec <strong>QuietAir<\/strong> est un accessoire d\u2019origine <strong>ResMed<\/strong> con\u00e7u pour le masque nasal AirFit N30. Il contribue \u00e0 une diffusion plus douce du flux d\u2019air, pens\u00e9e pour un environnement de sommeil plus confortable.<\/p>\n<p>Id\u00e9al en remplacement d\u2019une pi\u00e8ce us\u00e9e, cet accessoire aide \u00e0 pr\u00e9server l\u2019exp\u00e9rience d\u2019utilisation du masque AirFit N30 au quotidien, tout en conservant l\u2019ajustement et les performances attendues avec des composants authentiques ResMed.<\/p>\n<h3>Type de produit<\/h3>\n<p>Accessoire \/ pi\u00e8ce de rechange pour masque CPAP : \u00e9l\u00e9ment li\u00e9 \u00e0 la diffusion d\u2019air <strong>QuietAir<\/strong> pour le masque nasal <strong>ResMed AirFit N30<\/strong>.<\/p>\n<h3>Compatibilit\u00e9<\/h3>\n<p>Compatible avec le <strong>masque nasal ResMed AirFit N30<\/strong>.<\/p>\n<h3>Technologies<\/h3>\n<p><strong>QuietAir<\/strong> : technologie de diffusion d\u2019air ResMed con\u00e7ue pour rendre le flux d\u2019air plus discret.<\/p>\n<h3>Entretien &amp; remplacement<\/h3>\n<p>Remplacer selon l\u2019usure et les recommandations d\u2019entretien du masque AirFit N30 afin de maintenir confort et performances.<\/p>\n","protected":false},"excerpt":{"rendered":"<p>Accessoire d\u2019origine ResMed pour le masque nasal AirFit N30, int\u00e9grant la diffusion d\u2019air QuietAir pour un flux plus discret et orient\u00e9 confort. L\u2019AirFit N30 avec QuietAir est un accessoire d\u2019origine ResMed con\u00e7u pour le masque nasal AirFit N30. Il contribue \u00e0 une diffusion plus douce du flux d\u2019air, pens\u00e9e pour un environnement de sommeil plus [&hellip;]<\/p>\n","protected":false},"featured_media":269691,"comment_status":"closed","ping_status":"closed","template":"","meta":{"_et_pb_use_builder":"","_et_pb_old_content":"","_et_gb_content_width":"","inline_featured_image":false},"product_brand":[248],"product_cat":[24,85,27,271],"product_tag":[],"class_list":{"0":"post-265230","1":"product","2":"type-product","3":"status-publish","4":"has-post-thumbnail","6":"product_brand-resmed","7":"product_cat-apnee-sommeil","8":"product_cat-nasal","9":"product_cat-masque-cpap","10":"product_cat-masques-nasaux","11":"pa_brand-resmed","13":"first","14":"instock","15":"sale","16":"taxable","17":"shipping-taxable","18":"purchasable","19":"product-type-simple"},"acf":[],"yoast_head":"<!-- This site is optimized with the Yoast SEO plugin v27.6 - https:\/\/yoast.com\/product\/yoast-seo-wordpress\/ -->\n<title>Airfit N30 Quietair - Resmed | Oxysphair<\/title>\n<meta name=\"robots\" content=\"index, follow, max-snippet:-1, max-image-preview:large, max-video-preview:-1\" \/>\n<link rel=\"canonical\" href=\"https:\/\/www.oxysphair.be\/de\/produits\/schlafapnoe\/cpap-masken\/nasal-de\/airfit-n30-quietair\/\" \/>\n<meta property=\"og:locale\" content=\"de_DE\" \/>\n<meta property=\"og:type\" content=\"article\" \/>\n<meta property=\"og:title\" content=\"Airfit N30 Quietair - Resmed | Oxysphair\" \/>\n<meta property=\"og:description\" content=\"Accessoire d\u2019origine ResMed pour le masque nasal AirFit N30, int\u00e9grant la diffusion d\u2019air QuietAir pour un flux plus discret et orient\u00e9 confort. L\u2019AirFit N30 avec QuietAir est un accessoire d\u2019origine ResMed con\u00e7u pour le masque nasal AirFit N30. Il contribue \u00e0 une diffusion plus douce du flux d\u2019air, pens\u00e9e pour un environnement de sommeil plus [&hellip;]\" \/>\n<meta property=\"og:url\" content=\"https:\/\/www.oxysphair.be\/de\/produits\/schlafapnoe\/cpap-masken\/nasal-de\/airfit-n30-quietair\/\" \/>\n<meta property=\"og:site_name\" content=\"Oxysphair\" \/>\n<meta property=\"article:modified_time\" content=\"2026-05-13T14:22:19+00:00\" \/>\n<meta property=\"og:image\" content=\"https:\/\/www.oxysphair.be\/wp-content\/uploads\/2025\/11\/n30-1.jpg\" \/>\n\t<meta property=\"og:image:width\" content=\"286\" \/>\n\t<meta property=\"og:image:height\" content=\"333\" \/>\n\t<meta property=\"og:image:type\" content=\"image\/jpeg\" \/>\n<meta name=\"twitter:card\" content=\"summary_large_image\" \/>\n<meta name=\"twitter:label1\" content=\"Gesch\u00e4tzte Lesezeit\" \/>\n\t<meta name=\"twitter:data1\" content=\"2\u00a0Minuten\" \/>\n<script type=\"application\/ld+json\" class=\"yoast-schema-graph\">{\"@context\":\"https:\\\/\\\/schema.org\",\"@graph\":[{\"@type\":\"WebPage\",\"@id\":\"https:\\\/\\\/www.oxysphair.be\\\/de\\\/produits\\\/schlafapnoe\\\/cpap-masken\\\/nasal-de\\\/airfit-n30-quietair\\\/\",\"url\":\"https:\\\/\\\/www.oxysphair.be\\\/de\\\/produits\\\/schlafapnoe\\\/cpap-masken\\\/nasal-de\\\/airfit-n30-quietair\\\/\",\"name\":\"Airfit N30 Quietair - Resmed | Oxysphair\",\"isPartOf\":{\"@id\":\"https:\\\/\\\/www.oxysphair.be\\\/de\\\/#website\"},\"primaryImageOfPage\":{\"@id\":\"https:\\\/\\\/www.oxysphair.be\\\/de\\\/produits\\\/schlafapnoe\\\/cpap-masken\\\/nasal-de\\\/airfit-n30-quietair\\\/#primaryimage\"},\"image\":{\"@id\":\"https:\\\/\\\/www.oxysphair.be\\\/de\\\/produits\\\/schlafapnoe\\\/cpap-masken\\\/nasal-de\\\/airfit-n30-quietair\\\/#primaryimage\"},\"thumbnailUrl\":\"https:\\\/\\\/www.oxysphair.be\\\/wp-content\\\/uploads\\\/2025\\\/11\\\/n30-1.jpg\",\"datePublished\":\"2025-11-20T11:24:26+00:00\",\"dateModified\":\"2026-05-13T14:22:19+00:00\",\"breadcrumb\":{\"@id\":\"https:\\\/\\\/www.oxysphair.be\\\/de\\\/produits\\\/schlafapnoe\\\/cpap-masken\\\/nasal-de\\\/airfit-n30-quietair\\\/#breadcrumb\"},\"inLanguage\":\"de\",\"potentialAction\":[{\"@type\":\"ReadAction\",\"target\":[\"https:\\\/\\\/www.oxysphair.be\\\/de\\\/produits\\\/schlafapnoe\\\/cpap-masken\\\/nasal-de\\\/airfit-n30-quietair\\\/\"]}]},{\"@type\":\"ImageObject\",\"inLanguage\":\"de\",\"@id\":\"https:\\\/\\\/www.oxysphair.be\\\/de\\\/produits\\\/schlafapnoe\\\/cpap-masken\\\/nasal-de\\\/airfit-n30-quietair\\\/#primaryimage\",\"url\":\"https:\\\/\\\/www.oxysphair.be\\\/wp-content\\\/uploads\\\/2025\\\/11\\\/n30-1.jpg\",\"contentUrl\":\"https:\\\/\\\/www.oxysphair.be\\\/wp-content\\\/uploads\\\/2025\\\/11\\\/n30-1.jpg\",\"width\":286,\"height\":333},{\"@type\":\"BreadcrumbList\",\"@id\":\"https:\\\/\\\/www.oxysphair.be\\\/de\\\/produits\\\/schlafapnoe\\\/cpap-masken\\\/nasal-de\\\/airfit-n30-quietair\\\/#breadcrumb\",\"itemListElement\":[{\"@type\":\"ListItem\",\"position\":1,\"name\":\"Accueil\",\"item\":\"https:\\\/\\\/www.oxysphair.be\\\/de\\\/\"},{\"@type\":\"ListItem\",\"position\":2,\"name\":\"Produkte\",\"item\":\"https:\\\/\\\/www.oxysphair.be\\\/de\\\/shop-produkte\\\/\"},{\"@type\":\"ListItem\",\"position\":3,\"name\":\"Airfit N30 Quietair &#8211; Resmed\"}]},{\"@type\":\"WebSite\",\"@id\":\"https:\\\/\\\/www.oxysphair.be\\\/de\\\/#website\",\"url\":\"https:\\\/\\\/www.oxysphair.be\\\/de\\\/\",\"name\":\"Oxysphair\",\"description\":\"\",\"potentialAction\":[{\"@type\":\"SearchAction\",\"target\":{\"@type\":\"EntryPoint\",\"urlTemplate\":\"https:\\\/\\\/www.oxysphair.be\\\/de\\\/?s={search_term_string}\"},\"query-input\":{\"@type\":\"PropertyValueSpecification\",\"valueRequired\":true,\"valueName\":\"search_term_string\"}}],\"inLanguage\":\"de\"}]}<\/script>\n<!-- \/ Yoast SEO plugin. -->","yoast_head_json":{"title":"Airfit N30 Quietair - Resmed | Oxysphair","robots":{"index":"index","follow":"follow","max-snippet":"max-snippet:-1","max-image-preview":"max-image-preview:large","max-video-preview":"max-video-preview:-1"},"canonical":"https:\/\/www.oxysphair.be\/de\/produits\/schlafapnoe\/cpap-masken\/nasal-de\/airfit-n30-quietair\/","og_locale":"de_DE","og_type":"article","og_title":"Airfit N30 Quietair - Resmed | Oxysphair","og_description":"Accessoire d\u2019origine ResMed pour le masque nasal AirFit N30, int\u00e9grant la diffusion d\u2019air QuietAir pour un flux plus discret et orient\u00e9 confort. L\u2019AirFit N30 avec QuietAir est un accessoire d\u2019origine ResMed con\u00e7u pour le masque nasal AirFit N30. Il contribue \u00e0 une diffusion plus douce du flux d\u2019air, pens\u00e9e pour un environnement de sommeil plus [&hellip;]","og_url":"https:\/\/www.oxysphair.be\/de\/produits\/schlafapnoe\/cpap-masken\/nasal-de\/airfit-n30-quietair\/","og_site_name":"Oxysphair","article_modified_time":"2026-05-13T14:22:19+00:00","og_image":[{"width":286,"height":333,"url":"https:\/\/www.oxysphair.be\/wp-content\/uploads\/2025\/11\/n30-1.jpg","type":"image\/jpeg"}],"twitter_card":"summary_large_image","twitter_misc":{"Gesch\u00e4tzte Lesezeit":"2\u00a0Minuten"},"schema":{"@context":"https:\/\/schema.org","@graph":[{"@type":"WebPage","@id":"https:\/\/www.oxysphair.be\/de\/produits\/schlafapnoe\/cpap-masken\/nasal-de\/airfit-n30-quietair\/","url":"https:\/\/www.oxysphair.be\/de\/produits\/schlafapnoe\/cpap-masken\/nasal-de\/airfit-n30-quietair\/","name":"Airfit N30 Quietair - Resmed | Oxysphair","isPartOf":{"@id":"https:\/\/www.oxysphair.be\/de\/#website"},"primaryImageOfPage":{"@id":"https:\/\/www.oxysphair.be\/de\/produits\/schlafapnoe\/cpap-masken\/nasal-de\/airfit-n30-quietair\/#primaryimage"},"image":{"@id":"https:\/\/www.oxysphair.be\/de\/produits\/schlafapnoe\/cpap-masken\/nasal-de\/airfit-n30-quietair\/#primaryimage"},"thumbnailUrl":"https:\/\/www.oxysphair.be\/wp-content\/uploads\/2025\/11\/n30-1.jpg","datePublished":"2025-11-20T11:24:26+00:00","dateModified":"2026-05-13T14:22:19+00:00","breadcrumb":{"@id":"https:\/\/www.oxysphair.be\/de\/produits\/schlafapnoe\/cpap-masken\/nasal-de\/airfit-n30-quietair\/#breadcrumb"},"inLanguage":"de","potentialAction":[{"@type":"ReadAction","target":["https:\/\/www.oxysphair.be\/de\/produits\/schlafapnoe\/cpap-masken\/nasal-de\/airfit-n30-quietair\/"]}]},{"@type":"ImageObject","inLanguage":"de","@id":"https:\/\/www.oxysphair.be\/de\/produits\/schlafapnoe\/cpap-masken\/nasal-de\/airfit-n30-quietair\/#primaryimage","url":"https:\/\/www.oxysphair.be\/wp-content\/uploads\/2025\/11\/n30-1.jpg","contentUrl":"https:\/\/www.oxysphair.be\/wp-content\/uploads\/2025\/11\/n30-1.jpg","width":286,"height":333},{"@type":"BreadcrumbList","@id":"https:\/\/www.oxysphair.be\/de\/produits\/schlafapnoe\/cpap-masken\/nasal-de\/airfit-n30-quietair\/#breadcrumb","itemListElement":[{"@type":"ListItem","position":1,"name":"Accueil","item":"https:\/\/www.oxysphair.be\/de\/"},{"@type":"ListItem","position":2,"name":"Produkte","item":"https:\/\/www.oxysphair.be\/de\/shop-produkte\/"},{"@type":"ListItem","position":3,"name":"Airfit N30 Quietair &#8211; Resmed"}]},{"@type":"WebSite","@id":"https:\/\/www.oxysphair.be\/de\/#website","url":"https:\/\/www.oxysphair.be\/de\/","name":"Oxysphair","description":"","potentialAction":[{"@type":"SearchAction","target":{"@type":"EntryPoint","urlTemplate":"https:\/\/www.oxysphair.be\/de\/?s={search_term_string}"},"query-input":{"@type":"PropertyValueSpecification","valueRequired":true,"valueName":"search_term_string"}}],"inLanguage":"de"}]}},"_links":{"self":[{"href":"https:\/\/www.oxysphair.be\/de\/wp-json\/wp\/v2\/product\/265230","targetHints":{"allow":["GET"]}}],"collection":[{"href":"https:\/\/www.oxysphair.be\/de\/wp-json\/wp\/v2\/product"}],"about":[{"href":"https:\/\/www.oxysphair.be\/de\/wp-json\/wp\/v2\/types\/product"}],"replies":[{"embeddable":true,"href":"https:\/\/www.oxysphair.be\/de\/wp-json\/wp\/v2\/comments?post=265230"}],"wp:featuredmedia":[{"embeddable":true,"href":"https:\/\/www.oxysphair.be\/de\/wp-json\/wp\/v2\/media\/269691"}],"wp:attachment":[{"href":"https:\/\/www.oxysphair.be\/de\/wp-json\/wp\/v2\/media?parent=265230"}],"wp:term":[{"taxonomy":"product_brand","embeddable":true,"href":"https:\/\/www.oxysphair.be\/de\/wp-json\/wp\/v2\/product_brand?post=265230"},{"taxonomy":"product_cat","embeddable":true,"href":"https:\/\/www.oxysphair.be\/de\/wp-json\/wp\/v2\/product_cat?post=265230"},{"taxonomy":"product_tag","embeddable":true,"href":"https:\/\/www.oxysphair.be\/de\/wp-json\/wp\/v2\/product_tag?post=265230"}],"curies":[{"name":"wp","href":"https:\/\/api.w.org\/{rel}","templated":true}]}}