{"id":265257,"date":"2025-11-20T16:28:02","date_gmt":"2025-11-20T15:28:02","guid":{"rendered":"https:\/\/www.oxysphair.be\/?post_type=product&#038;p=265257"},"modified":"2026-04-08T10:22:23","modified_gmt":"2026-04-08T08:22:23","slug":"airmini-mount-system-resmed","status":"publish","type":"product","link":"https:\/\/www.oxysphair.be\/de\/produits\/schlafapnoe\/cpap-zubehor\/airmini-mount-system-resmed\/","title":{"rendered":"Airmini Mount System &#8211; Resmed"},"content":{"rendered":"<p data-start=\"97\" data-end=\"431\">Le <strong data-start=\"100\" data-end=\"151\">syst\u00e8me de fixation ResMed AirMini Mount System<\/strong> permet d\u2019installer et de maintenir solidement votre appareil <strong data-start=\"213\" data-end=\"232\">AirMini AutoSet<\/strong> sur une surface stable, comme une table de chevet ou un support mural. Cet accessoire assure une installation s\u00e9curis\u00e9e et pratique pour une utilisation confortable de votre appareil CPAP de voyage.<\/p>\n<p data-start=\"433\" data-end=\"728\">Con\u00e7u sp\u00e9cialement pour l\u2019AirMini, ce syst\u00e8me de montage offre une solution fiable pour positionner l\u2019appareil de mani\u00e8re optimale, que ce soit \u00e0 domicile ou en d\u00e9placement. Il contribue \u00e0 r\u00e9duire les mouvements de l\u2019appareil et \u00e0 pr\u00e9server la stabilit\u00e9 de la connexion pendant la th\u00e9rapie CPAP.<\/p>\n<p data-start=\"730\" data-end=\"1020\">Compact et discret, le AirMini Mount System am\u00e9liore l\u2019organisation de votre espace de sommeil tout en garantissant une utilisation s\u00fbre et efficace de votre appareil. Il constitue une solution id\u00e9ale pour les utilisateurs souhaitant s\u00e9curiser leur AirMini sans compromettre sa portabilit\u00e9.<\/p>\n<h3 data-start=\"1022\" data-end=\"1102\">Type de produit<\/h3>\n<p data-start=\"1022\" data-end=\"1102\">Syst\u00e8me de fixation \/ support pour appareil CPAP portatif.<\/p>\n<h3 data-start=\"1104\" data-end=\"1192\">Compatibilit\u00e9<\/h3>\n<p data-start=\"1104\" data-end=\"1192\">Compatible exclusivement avec l\u2019appareil <strong data-start=\"1165\" data-end=\"1191\">ResMed AirMini AutoSet<\/strong>.<\/p>\n<h3 data-start=\"1194\" data-end=\"1348\">Stabilit\u00e9 &amp; s\u00e9curit\u00e9<\/h3>\n<p data-start=\"1194\" data-end=\"1348\">Assure un maintien stable et s\u00e9curis\u00e9 de l\u2019appareil AirMini, limitant les vibrations et les d\u00e9placements pendant l\u2019utilisation.<\/p>\n","protected":false},"excerpt":{"rendered":"<p>Le syst\u00e8me de fixation ResMed AirMini Mount System permet d\u2019installer et de maintenir solidement votre appareil AirMini AutoSet sur une surface stable, comme une table de chevet ou un support mural. Cet accessoire assure une installation s\u00e9curis\u00e9e et pratique pour une utilisation confortable de votre appareil CPAP de voyage. Con\u00e7u sp\u00e9cialement pour l\u2019AirMini, ce syst\u00e8me [&hellip;]<\/p>\n","protected":false},"featured_media":267115,"comment_status":"closed","ping_status":"closed","template":"","meta":{"_et_pb_use_builder":"","_et_pb_old_content":"","_et_gb_content_width":"","inline_featured_image":false},"product_brand":[248],"product_cat":[28],"product_tag":[],"class_list":{"0":"post-265257","1":"product","2":"type-product","3":"status-publish","4":"has-post-thumbnail","6":"product_brand-resmed","7":"product_cat-accessoires-cpap","8":"pa_brand-resmed","10":"first","11":"outofstock","12":"taxable","13":"shipping-taxable","14":"purchasable","15":"product-type-simple"},"acf":[],"yoast_head":"<!-- This site is optimized with the Yoast SEO plugin v27.3 - https:\/\/yoast.com\/product\/yoast-seo-wordpress\/ -->\n<title>Airmini Mount System - Resmed | Oxysphair<\/title>\n<meta name=\"robots\" content=\"index, follow, max-snippet:-1, max-image-preview:large, max-video-preview:-1\" \/>\n<link rel=\"canonical\" href=\"https:\/\/www.oxysphair.be\/de\/produits\/schlafapnoe\/cpap-zubehor\/airmini-mount-system-resmed\/\" \/>\n<meta property=\"og:locale\" content=\"de_DE\" \/>\n<meta property=\"og:type\" content=\"article\" \/>\n<meta property=\"og:title\" content=\"Airmini Mount System - Resmed | Oxysphair\" \/>\n<meta property=\"og:description\" content=\"Le syst\u00e8me de fixation ResMed AirMini Mount System permet d\u2019installer et de maintenir solidement votre appareil AirMini AutoSet sur une surface stable, comme une table de chevet ou un support mural. Cet accessoire assure une installation s\u00e9curis\u00e9e et pratique pour une utilisation confortable de votre appareil CPAP de voyage. Con\u00e7u sp\u00e9cialement pour l\u2019AirMini, ce syst\u00e8me [&hellip;]\" \/>\n<meta property=\"og:url\" content=\"https:\/\/www.oxysphair.be\/de\/produits\/schlafapnoe\/cpap-zubehor\/airmini-mount-system-resmed\/\" \/>\n<meta property=\"og:site_name\" content=\"Oxysphair\" \/>\n<meta property=\"article:modified_time\" content=\"2026-04-08T08:22:23+00:00\" \/>\n<meta property=\"og:image\" content=\"https:\/\/www.oxysphair.be\/wp-content\/uploads\/2025\/11\/Mini-Mount.webp\" \/>\n\t<meta property=\"og:image:width\" content=\"827\" \/>\n\t<meta property=\"og:image:height\" content=\"827\" \/>\n\t<meta property=\"og:image:type\" content=\"image\/webp\" \/>\n<meta name=\"twitter:card\" content=\"summary_large_image\" \/>\n<meta name=\"twitter:label1\" content=\"Gesch\u00e4tzte Lesezeit\" \/>\n\t<meta name=\"twitter:data1\" content=\"2\u00a0Minuten\" \/>\n<script type=\"application\/ld+json\" class=\"yoast-schema-graph\">{\"@context\":\"https:\\\/\\\/schema.org\",\"@graph\":[{\"@type\":\"WebPage\",\"@id\":\"https:\\\/\\\/www.oxysphair.be\\\/de\\\/produits\\\/schlafapnoe\\\/cpap-zubehor\\\/airmini-mount-system-resmed\\\/\",\"url\":\"https:\\\/\\\/www.oxysphair.be\\\/de\\\/produits\\\/schlafapnoe\\\/cpap-zubehor\\\/airmini-mount-system-resmed\\\/\",\"name\":\"Airmini Mount System - Resmed | Oxysphair\",\"isPartOf\":{\"@id\":\"https:\\\/\\\/www.oxysphair.be\\\/de\\\/#website\"},\"primaryImageOfPage\":{\"@id\":\"https:\\\/\\\/www.oxysphair.be\\\/de\\\/produits\\\/schlafapnoe\\\/cpap-zubehor\\\/airmini-mount-system-resmed\\\/#primaryimage\"},\"image\":{\"@id\":\"https:\\\/\\\/www.oxysphair.be\\\/de\\\/produits\\\/schlafapnoe\\\/cpap-zubehor\\\/airmini-mount-system-resmed\\\/#primaryimage\"},\"thumbnailUrl\":\"https:\\\/\\\/www.oxysphair.be\\\/wp-content\\\/uploads\\\/2025\\\/11\\\/Mini-Mount.webp\",\"datePublished\":\"2025-11-20T15:28:02+00:00\",\"dateModified\":\"2026-04-08T08:22:23+00:00\",\"breadcrumb\":{\"@id\":\"https:\\\/\\\/www.oxysphair.be\\\/de\\\/produits\\\/schlafapnoe\\\/cpap-zubehor\\\/airmini-mount-system-resmed\\\/#breadcrumb\"},\"inLanguage\":\"de\",\"potentialAction\":[{\"@type\":\"ReadAction\",\"target\":[\"https:\\\/\\\/www.oxysphair.be\\\/de\\\/produits\\\/schlafapnoe\\\/cpap-zubehor\\\/airmini-mount-system-resmed\\\/\"]}]},{\"@type\":\"ImageObject\",\"inLanguage\":\"de\",\"@id\":\"https:\\\/\\\/www.oxysphair.be\\\/de\\\/produits\\\/schlafapnoe\\\/cpap-zubehor\\\/airmini-mount-system-resmed\\\/#primaryimage\",\"url\":\"https:\\\/\\\/www.oxysphair.be\\\/wp-content\\\/uploads\\\/2025\\\/11\\\/Mini-Mount.webp\",\"contentUrl\":\"https:\\\/\\\/www.oxysphair.be\\\/wp-content\\\/uploads\\\/2025\\\/11\\\/Mini-Mount.webp\",\"width\":827,\"height\":827},{\"@type\":\"BreadcrumbList\",\"@id\":\"https:\\\/\\\/www.oxysphair.be\\\/de\\\/produits\\\/schlafapnoe\\\/cpap-zubehor\\\/airmini-mount-system-resmed\\\/#breadcrumb\",\"itemListElement\":[{\"@type\":\"ListItem\",\"position\":1,\"name\":\"Accueil\",\"item\":\"https:\\\/\\\/www.oxysphair.be\\\/de\\\/\"},{\"@type\":\"ListItem\",\"position\":2,\"name\":\"Produkte\",\"item\":\"https:\\\/\\\/www.oxysphair.be\\\/de\\\/shop-produkte\\\/\"},{\"@type\":\"ListItem\",\"position\":3,\"name\":\"Airmini Mount System &#8211; Resmed\"}]},{\"@type\":\"WebSite\",\"@id\":\"https:\\\/\\\/www.oxysphair.be\\\/de\\\/#website\",\"url\":\"https:\\\/\\\/www.oxysphair.be\\\/de\\\/\",\"name\":\"Oxysphair\",\"description\":\"\",\"potentialAction\":[{\"@type\":\"SearchAction\",\"target\":{\"@type\":\"EntryPoint\",\"urlTemplate\":\"https:\\\/\\\/www.oxysphair.be\\\/de\\\/?s={search_term_string}\"},\"query-input\":{\"@type\":\"PropertyValueSpecification\",\"valueRequired\":true,\"valueName\":\"search_term_string\"}}],\"inLanguage\":\"de\"}]}<\/script>\n<!-- \/ Yoast SEO plugin. -->","yoast_head_json":{"title":"Airmini Mount System - Resmed | Oxysphair","robots":{"index":"index","follow":"follow","max-snippet":"max-snippet:-1","max-image-preview":"max-image-preview:large","max-video-preview":"max-video-preview:-1"},"canonical":"https:\/\/www.oxysphair.be\/de\/produits\/schlafapnoe\/cpap-zubehor\/airmini-mount-system-resmed\/","og_locale":"de_DE","og_type":"article","og_title":"Airmini Mount System - Resmed | Oxysphair","og_description":"Le syst\u00e8me de fixation ResMed AirMini Mount System permet d\u2019installer et de maintenir solidement votre appareil AirMini AutoSet sur une surface stable, comme une table de chevet ou un support mural. Cet accessoire assure une installation s\u00e9curis\u00e9e et pratique pour une utilisation confortable de votre appareil CPAP de voyage. Con\u00e7u sp\u00e9cialement pour l\u2019AirMini, ce syst\u00e8me [&hellip;]","og_url":"https:\/\/www.oxysphair.be\/de\/produits\/schlafapnoe\/cpap-zubehor\/airmini-mount-system-resmed\/","og_site_name":"Oxysphair","article_modified_time":"2026-04-08T08:22:23+00:00","og_image":[{"width":827,"height":827,"url":"https:\/\/www.oxysphair.be\/wp-content\/uploads\/2025\/11\/Mini-Mount.webp","type":"image\/webp"}],"twitter_card":"summary_large_image","twitter_misc":{"Gesch\u00e4tzte Lesezeit":"2\u00a0Minuten"},"schema":{"@context":"https:\/\/schema.org","@graph":[{"@type":"WebPage","@id":"https:\/\/www.oxysphair.be\/de\/produits\/schlafapnoe\/cpap-zubehor\/airmini-mount-system-resmed\/","url":"https:\/\/www.oxysphair.be\/de\/produits\/schlafapnoe\/cpap-zubehor\/airmini-mount-system-resmed\/","name":"Airmini Mount System - Resmed | Oxysphair","isPartOf":{"@id":"https:\/\/www.oxysphair.be\/de\/#website"},"primaryImageOfPage":{"@id":"https:\/\/www.oxysphair.be\/de\/produits\/schlafapnoe\/cpap-zubehor\/airmini-mount-system-resmed\/#primaryimage"},"image":{"@id":"https:\/\/www.oxysphair.be\/de\/produits\/schlafapnoe\/cpap-zubehor\/airmini-mount-system-resmed\/#primaryimage"},"thumbnailUrl":"https:\/\/www.oxysphair.be\/wp-content\/uploads\/2025\/11\/Mini-Mount.webp","datePublished":"2025-11-20T15:28:02+00:00","dateModified":"2026-04-08T08:22:23+00:00","breadcrumb":{"@id":"https:\/\/www.oxysphair.be\/de\/produits\/schlafapnoe\/cpap-zubehor\/airmini-mount-system-resmed\/#breadcrumb"},"inLanguage":"de","potentialAction":[{"@type":"ReadAction","target":["https:\/\/www.oxysphair.be\/de\/produits\/schlafapnoe\/cpap-zubehor\/airmini-mount-system-resmed\/"]}]},{"@type":"ImageObject","inLanguage":"de","@id":"https:\/\/www.oxysphair.be\/de\/produits\/schlafapnoe\/cpap-zubehor\/airmini-mount-system-resmed\/#primaryimage","url":"https:\/\/www.oxysphair.be\/wp-content\/uploads\/2025\/11\/Mini-Mount.webp","contentUrl":"https:\/\/www.oxysphair.be\/wp-content\/uploads\/2025\/11\/Mini-Mount.webp","width":827,"height":827},{"@type":"BreadcrumbList","@id":"https:\/\/www.oxysphair.be\/de\/produits\/schlafapnoe\/cpap-zubehor\/airmini-mount-system-resmed\/#breadcrumb","itemListElement":[{"@type":"ListItem","position":1,"name":"Accueil","item":"https:\/\/www.oxysphair.be\/de\/"},{"@type":"ListItem","position":2,"name":"Produkte","item":"https:\/\/www.oxysphair.be\/de\/shop-produkte\/"},{"@type":"ListItem","position":3,"name":"Airmini Mount System &#8211; Resmed"}]},{"@type":"WebSite","@id":"https:\/\/www.oxysphair.be\/de\/#website","url":"https:\/\/www.oxysphair.be\/de\/","name":"Oxysphair","description":"","potentialAction":[{"@type":"SearchAction","target":{"@type":"EntryPoint","urlTemplate":"https:\/\/www.oxysphair.be\/de\/?s={search_term_string}"},"query-input":{"@type":"PropertyValueSpecification","valueRequired":true,"valueName":"search_term_string"}}],"inLanguage":"de"}]}},"_links":{"self":[{"href":"https:\/\/www.oxysphair.be\/de\/wp-json\/wp\/v2\/product\/265257","targetHints":{"allow":["GET"]}}],"collection":[{"href":"https:\/\/www.oxysphair.be\/de\/wp-json\/wp\/v2\/product"}],"about":[{"href":"https:\/\/www.oxysphair.be\/de\/wp-json\/wp\/v2\/types\/product"}],"replies":[{"embeddable":true,"href":"https:\/\/www.oxysphair.be\/de\/wp-json\/wp\/v2\/comments?post=265257"}],"wp:featuredmedia":[{"embeddable":true,"href":"https:\/\/www.oxysphair.be\/de\/wp-json\/wp\/v2\/media\/267115"}],"wp:attachment":[{"href":"https:\/\/www.oxysphair.be\/de\/wp-json\/wp\/v2\/media?parent=265257"}],"wp:term":[{"taxonomy":"product_brand","embeddable":true,"href":"https:\/\/www.oxysphair.be\/de\/wp-json\/wp\/v2\/product_brand?post=265257"},{"taxonomy":"product_cat","embeddable":true,"href":"https:\/\/www.oxysphair.be\/de\/wp-json\/wp\/v2\/product_cat?post=265257"},{"taxonomy":"product_tag","embeddable":true,"href":"https:\/\/www.oxysphair.be\/de\/wp-json\/wp\/v2\/product_tag?post=265257"}],"curies":[{"name":"wp","href":"https:\/\/api.w.org\/{rel}","templated":true}]}}