{"id":265409,"date":"2025-11-21T18:04:58","date_gmt":"2025-11-21T17:04:58","guid":{"rendered":"https:\/\/www.oxysphair.be\/?post_type=product&#038;p=265409"},"modified":"2026-01-11T00:10:36","modified_gmt":"2026-01-10T23:10:36","slug":"airtouch-n30i-standard-frame","status":"publish","type":"product","link":"https:\/\/www.oxysphair.be\/de\/produits\/schlafapnoe\/cpap-masken\/airtouch-n30i-standard-frame\/","title":{"rendered":"AirTouch N30i &#8211; Standard Frame"},"content":{"rendered":"<p>Mit einem ComfiSoft-Textilkissen und einem vollst\u00e4ndig mit Stoff \u00fcberzogenen Rahmen bietet die AirTouch N30i-Nasemaske zus\u00e4tzlichen Komfort und besondere Weichheit w\u00e4hrend der Therapie. Sie ist so gestaltet, dass sie sich sanft an Ihr Gesicht anschmiegt. Au\u00dferdem ist diese Maske atmungsaktiv, leitet Feuchtigkeit ab und h\u00e4lt Ihre Haut die ganze Nacht \u00fcber k\u00fchl. So unterst\u00fctzt sie Sie dabei, Ihre Therapie zuverl\u00e4ssig fortzuf\u00fchren.<\/p>\n","protected":false},"excerpt":{"rendered":"<p>Mit einem ComfiSoft-Textilkissen und einem vollst\u00e4ndig mit Stoff \u00fcberzogenen Rahmen bietet die AirTouch N30i-Nasemaske zus\u00e4tzlichen Komfort und besondere Weichheit w\u00e4hrend der Therapie. Sie ist so gestaltet, dass sie sich sanft an Ihr Gesicht anschmiegt. Au\u00dferdem ist diese Maske atmungsaktiv, leitet Feuchtigkeit ab und h\u00e4lt Ihre Haut die ganze Nacht \u00fcber k\u00fchl. So unterst\u00fctzt sie Sie [&hellip;]<\/p>\n","protected":false},"featured_media":265335,"comment_status":"closed","ping_status":"closed","template":"","meta":{"_et_pb_use_builder":"","_et_pb_old_content":"","_et_gb_content_width":"","inline_featured_image":false},"product_brand":[250],"product_cat":[79],"product_tag":[],"class_list":{"0":"post-265409","1":"product","2":"type-product","3":"status-publish","4":"has-post-thumbnail","6":"product_brand-resmed","7":"product_cat-cpap-masken","8":"pa_brand-resmed","9":"pa_taille-l","10":"pa_taille-m","11":"pa_taille-l-de","12":"pa_taille-m-de","13":"pa_taille-s-de","15":"first","16":"instock","17":"taxable","18":"shipping-taxable","19":"purchasable","20":"product-type-variable","21":"has-default-attributes"},"acf":[],"yoast_head":"<!-- This site is optimized with the Yoast SEO plugin v27.4 - https:\/\/yoast.com\/product\/yoast-seo-wordpress\/ -->\n<title>AirTouch N30i - Standard Frame | Oxysphair<\/title>\n<meta name=\"robots\" content=\"index, follow, max-snippet:-1, max-image-preview:large, max-video-preview:-1\" \/>\n<link rel=\"canonical\" href=\"https:\/\/www.oxysphair.be\/de\/produits\/schlafapnoe\/cpap-masken\/airtouch-n30i-standard-frame\/\" \/>\n<meta property=\"og:locale\" content=\"de_DE\" \/>\n<meta property=\"og:type\" content=\"article\" \/>\n<meta property=\"og:title\" content=\"AirTouch N30i - Standard Frame | Oxysphair\" \/>\n<meta property=\"og:description\" content=\"Mit einem ComfiSoft-Textilkissen und einem vollst\u00e4ndig mit Stoff \u00fcberzogenen Rahmen bietet die AirTouch N30i-Nasemaske zus\u00e4tzlichen Komfort und besondere Weichheit w\u00e4hrend der Therapie. Sie ist so gestaltet, dass sie sich sanft an Ihr Gesicht anschmiegt. Au\u00dferdem ist diese Maske atmungsaktiv, leitet Feuchtigkeit ab und h\u00e4lt Ihre Haut die ganze Nacht \u00fcber k\u00fchl. So unterst\u00fctzt sie Sie [&hellip;]\" \/>\n<meta property=\"og:url\" content=\"https:\/\/www.oxysphair.be\/de\/produits\/schlafapnoe\/cpap-masken\/airtouch-n30i-standard-frame\/\" \/>\n<meta property=\"og:site_name\" content=\"Oxysphair\" \/>\n<meta property=\"article:modified_time\" content=\"2026-01-10T23:10:36+00:00\" \/>\n<meta name=\"twitter:card\" content=\"summary_large_image\" \/>\n<meta name=\"twitter:label1\" content=\"Gesch\u00e4tzte Lesezeit\" \/>\n\t<meta name=\"twitter:data1\" content=\"1\u00a0Minute\" \/>\n<script type=\"application\/ld+json\" class=\"yoast-schema-graph\">{\"@context\":\"https:\\\/\\\/schema.org\",\"@graph\":[{\"@type\":\"WebPage\",\"@id\":\"https:\\\/\\\/www.oxysphair.be\\\/de\\\/produits\\\/schlafapnoe\\\/cpap-masken\\\/airtouch-n30i-standard-frame\\\/\",\"url\":\"https:\\\/\\\/www.oxysphair.be\\\/de\\\/produits\\\/schlafapnoe\\\/cpap-masken\\\/airtouch-n30i-standard-frame\\\/\",\"name\":\"AirTouch N30i - Standard Frame | Oxysphair\",\"isPartOf\":{\"@id\":\"https:\\\/\\\/www.oxysphair.be\\\/de\\\/#website\"},\"primaryImageOfPage\":{\"@id\":\"https:\\\/\\\/www.oxysphair.be\\\/de\\\/produits\\\/schlafapnoe\\\/cpap-masken\\\/airtouch-n30i-standard-frame\\\/#primaryimage\"},\"image\":{\"@id\":\"https:\\\/\\\/www.oxysphair.be\\\/de\\\/produits\\\/schlafapnoe\\\/cpap-masken\\\/airtouch-n30i-standard-frame\\\/#primaryimage\"},\"thumbnailUrl\":\"https:\\\/\\\/www.oxysphair.be\\\/wp-content\\\/uploads\\\/2025\\\/11\\\/AirTouchN30i-Fitting-Resmed.avif\",\"datePublished\":\"2025-11-21T17:04:58+00:00\",\"dateModified\":\"2026-01-10T23:10:36+00:00\",\"breadcrumb\":{\"@id\":\"https:\\\/\\\/www.oxysphair.be\\\/de\\\/produits\\\/schlafapnoe\\\/cpap-masken\\\/airtouch-n30i-standard-frame\\\/#breadcrumb\"},\"inLanguage\":\"de\",\"potentialAction\":[{\"@type\":\"ReadAction\",\"target\":[\"https:\\\/\\\/www.oxysphair.be\\\/de\\\/produits\\\/schlafapnoe\\\/cpap-masken\\\/airtouch-n30i-standard-frame\\\/\"]}]},{\"@type\":\"ImageObject\",\"inLanguage\":\"de\",\"@id\":\"https:\\\/\\\/www.oxysphair.be\\\/de\\\/produits\\\/schlafapnoe\\\/cpap-masken\\\/airtouch-n30i-standard-frame\\\/#primaryimage\",\"url\":\"https:\\\/\\\/www.oxysphair.be\\\/wp-content\\\/uploads\\\/2025\\\/11\\\/AirTouchN30i-Fitting-Resmed.avif\",\"contentUrl\":\"https:\\\/\\\/www.oxysphair.be\\\/wp-content\\\/uploads\\\/2025\\\/11\\\/AirTouchN30i-Fitting-Resmed.avif\",\"width\":350,\"height\":350},{\"@type\":\"BreadcrumbList\",\"@id\":\"https:\\\/\\\/www.oxysphair.be\\\/de\\\/produits\\\/schlafapnoe\\\/cpap-masken\\\/airtouch-n30i-standard-frame\\\/#breadcrumb\",\"itemListElement\":[{\"@type\":\"ListItem\",\"position\":1,\"name\":\"Accueil\",\"item\":\"https:\\\/\\\/www.oxysphair.be\\\/de\\\/\"},{\"@type\":\"ListItem\",\"position\":2,\"name\":\"Produkte\",\"item\":\"https:\\\/\\\/www.oxysphair.be\\\/de\\\/shop-produkte\\\/\"},{\"@type\":\"ListItem\",\"position\":3,\"name\":\"AirTouch N30i &#8211; Standard Frame\"}]},{\"@type\":\"WebSite\",\"@id\":\"https:\\\/\\\/www.oxysphair.be\\\/de\\\/#website\",\"url\":\"https:\\\/\\\/www.oxysphair.be\\\/de\\\/\",\"name\":\"Oxysphair\",\"description\":\"\",\"potentialAction\":[{\"@type\":\"SearchAction\",\"target\":{\"@type\":\"EntryPoint\",\"urlTemplate\":\"https:\\\/\\\/www.oxysphair.be\\\/de\\\/?s={search_term_string}\"},\"query-input\":{\"@type\":\"PropertyValueSpecification\",\"valueRequired\":true,\"valueName\":\"search_term_string\"}}],\"inLanguage\":\"de\"}]}<\/script>\n<!-- \/ Yoast SEO plugin. -->","yoast_head_json":{"title":"AirTouch N30i - Standard Frame | Oxysphair","robots":{"index":"index","follow":"follow","max-snippet":"max-snippet:-1","max-image-preview":"max-image-preview:large","max-video-preview":"max-video-preview:-1"},"canonical":"https:\/\/www.oxysphair.be\/de\/produits\/schlafapnoe\/cpap-masken\/airtouch-n30i-standard-frame\/","og_locale":"de_DE","og_type":"article","og_title":"AirTouch N30i - Standard Frame | Oxysphair","og_description":"Mit einem ComfiSoft-Textilkissen und einem vollst\u00e4ndig mit Stoff \u00fcberzogenen Rahmen bietet die AirTouch N30i-Nasemaske zus\u00e4tzlichen Komfort und besondere Weichheit w\u00e4hrend der Therapie. Sie ist so gestaltet, dass sie sich sanft an Ihr Gesicht anschmiegt. Au\u00dferdem ist diese Maske atmungsaktiv, leitet Feuchtigkeit ab und h\u00e4lt Ihre Haut die ganze Nacht \u00fcber k\u00fchl. So unterst\u00fctzt sie Sie [&hellip;]","og_url":"https:\/\/www.oxysphair.be\/de\/produits\/schlafapnoe\/cpap-masken\/airtouch-n30i-standard-frame\/","og_site_name":"Oxysphair","article_modified_time":"2026-01-10T23:10:36+00:00","twitter_card":"summary_large_image","twitter_misc":{"Gesch\u00e4tzte Lesezeit":"1\u00a0Minute"},"schema":{"@context":"https:\/\/schema.org","@graph":[{"@type":"WebPage","@id":"https:\/\/www.oxysphair.be\/de\/produits\/schlafapnoe\/cpap-masken\/airtouch-n30i-standard-frame\/","url":"https:\/\/www.oxysphair.be\/de\/produits\/schlafapnoe\/cpap-masken\/airtouch-n30i-standard-frame\/","name":"AirTouch N30i - Standard Frame | Oxysphair","isPartOf":{"@id":"https:\/\/www.oxysphair.be\/de\/#website"},"primaryImageOfPage":{"@id":"https:\/\/www.oxysphair.be\/de\/produits\/schlafapnoe\/cpap-masken\/airtouch-n30i-standard-frame\/#primaryimage"},"image":{"@id":"https:\/\/www.oxysphair.be\/de\/produits\/schlafapnoe\/cpap-masken\/airtouch-n30i-standard-frame\/#primaryimage"},"thumbnailUrl":"https:\/\/www.oxysphair.be\/wp-content\/uploads\/2025\/11\/AirTouchN30i-Fitting-Resmed.avif","datePublished":"2025-11-21T17:04:58+00:00","dateModified":"2026-01-10T23:10:36+00:00","breadcrumb":{"@id":"https:\/\/www.oxysphair.be\/de\/produits\/schlafapnoe\/cpap-masken\/airtouch-n30i-standard-frame\/#breadcrumb"},"inLanguage":"de","potentialAction":[{"@type":"ReadAction","target":["https:\/\/www.oxysphair.be\/de\/produits\/schlafapnoe\/cpap-masken\/airtouch-n30i-standard-frame\/"]}]},{"@type":"ImageObject","inLanguage":"de","@id":"https:\/\/www.oxysphair.be\/de\/produits\/schlafapnoe\/cpap-masken\/airtouch-n30i-standard-frame\/#primaryimage","url":"https:\/\/www.oxysphair.be\/wp-content\/uploads\/2025\/11\/AirTouchN30i-Fitting-Resmed.avif","contentUrl":"https:\/\/www.oxysphair.be\/wp-content\/uploads\/2025\/11\/AirTouchN30i-Fitting-Resmed.avif","width":350,"height":350},{"@type":"BreadcrumbList","@id":"https:\/\/www.oxysphair.be\/de\/produits\/schlafapnoe\/cpap-masken\/airtouch-n30i-standard-frame\/#breadcrumb","itemListElement":[{"@type":"ListItem","position":1,"name":"Accueil","item":"https:\/\/www.oxysphair.be\/de\/"},{"@type":"ListItem","position":2,"name":"Produkte","item":"https:\/\/www.oxysphair.be\/de\/shop-produkte\/"},{"@type":"ListItem","position":3,"name":"AirTouch N30i &#8211; Standard Frame"}]},{"@type":"WebSite","@id":"https:\/\/www.oxysphair.be\/de\/#website","url":"https:\/\/www.oxysphair.be\/de\/","name":"Oxysphair","description":"","potentialAction":[{"@type":"SearchAction","target":{"@type":"EntryPoint","urlTemplate":"https:\/\/www.oxysphair.be\/de\/?s={search_term_string}"},"query-input":{"@type":"PropertyValueSpecification","valueRequired":true,"valueName":"search_term_string"}}],"inLanguage":"de"}]}},"_links":{"self":[{"href":"https:\/\/www.oxysphair.be\/de\/wp-json\/wp\/v2\/product\/265409","targetHints":{"allow":["GET"]}}],"collection":[{"href":"https:\/\/www.oxysphair.be\/de\/wp-json\/wp\/v2\/product"}],"about":[{"href":"https:\/\/www.oxysphair.be\/de\/wp-json\/wp\/v2\/types\/product"}],"replies":[{"embeddable":true,"href":"https:\/\/www.oxysphair.be\/de\/wp-json\/wp\/v2\/comments?post=265409"}],"wp:featuredmedia":[{"embeddable":true,"href":"https:\/\/www.oxysphair.be\/de\/wp-json\/wp\/v2\/media\/265335"}],"wp:attachment":[{"href":"https:\/\/www.oxysphair.be\/de\/wp-json\/wp\/v2\/media?parent=265409"}],"wp:term":[{"taxonomy":"product_brand","embeddable":true,"href":"https:\/\/www.oxysphair.be\/de\/wp-json\/wp\/v2\/product_brand?post=265409"},{"taxonomy":"product_cat","embeddable":true,"href":"https:\/\/www.oxysphair.be\/de\/wp-json\/wp\/v2\/product_cat?post=265409"},{"taxonomy":"product_tag","embeddable":true,"href":"https:\/\/www.oxysphair.be\/de\/wp-json\/wp\/v2\/product_tag?post=265409"}],"curies":[{"name":"wp","href":"https:\/\/api.w.org\/{rel}","templated":true}]}}