{"id":265519,"date":"2025-11-26T12:22:03","date_gmt":"2025-11-26T11:22:03","guid":{"rendered":"https:\/\/www.oxysphair.be\/?post_type=product&#038;p=265519"},"modified":"2026-04-29T22:22:05","modified_gmt":"2026-04-29T20:22:05","slug":"filtre-fin-blanc-pour-cpap-sleepcube-4-piece","status":"publish","type":"product","link":"https:\/\/www.oxysphair.be\/de\/produits\/schlafapnoe\/cpap-zubehor\/filtre-fin-blanc-pour-cpap-sleepcube-4-piece\/","title":{"rendered":"Filtre fin (blanc) pour cpap Sleepcube (4 pi\u00e8ce) &#8211; HUM"},"content":{"rendered":"<p>Lot de 4 filtres fins blancs pour les appareils CPAP SleepCube de DeVilbiss. Ces filtres assurent une filtration efficace des particules et garantissent un fonctionnement optimal de votre appareil.<\/p>\n<p>Ce <strong>filtre fin blanc<\/strong> est con\u00e7u pour les appareils <strong>CPAP SleepCube<\/strong> de DeVilbiss. Il permet de maintenir une <strong>qualit\u00e9 d\u2019air optimale<\/strong> en retenant les particules fines et la poussi\u00e8re avant qu\u2019elles n\u2019entrent dans votre appareil.<\/p>\n<p>Remplacer r\u00e9guli\u00e8rement le <strong>filtre fin<\/strong> contribue \u00e0 pr\u00e9server la performance de votre CPAP et \u00e0 prolonger sa dur\u00e9e de vie. Ce lot contient <strong>4 filtres<\/strong> faciles \u00e0 installer, con\u00e7us pour un usage domestique r\u00e9gulier.<\/p>\n<p>Un entretien r\u00e9gulier du syst\u00e8me de filtration garantit un <strong>traitement de l\u2019apn\u00e9e du sommeil<\/strong> plus confortable et plus hygi\u00e9nique.<\/p>\n<h3>Type de produit<\/h3>\n<p>Filtre fin de remplacement pour appareil CPAP.<\/p>\n<h3>Compatibilit\u00e9<\/h3>\n<p>Compatible avec tous les mod\u00e8les <strong>SleepCube<\/strong> de <strong>DeVilbiss \/ Drive DeVilbiss Healthcare<\/strong>.<\/p>\n<h3>Mat\u00e9riaux<\/h3>\n<p>Mousse fine blanche assurant une filtration efficace des particules.<\/p>\n<h3>Entretien &amp; remplacement<\/h3>\n<p>Remplacer le filtre toutes les 2 \u00e0 4 semaines selon l\u2019environnement d\u2019utilisation. Ne pas laver ni r\u00e9utiliser les filtres usag\u00e9s.<\/p>\n","protected":false},"excerpt":{"rendered":"<p>Lot de 4 filtres fins blancs pour les appareils CPAP SleepCube de DeVilbiss. Ces filtres assurent une filtration efficace des particules et garantissent un fonctionnement optimal de votre appareil. Ce filtre fin blanc est con\u00e7u pour les appareils CPAP SleepCube de DeVilbiss. Il permet de maintenir une qualit\u00e9 d\u2019air optimale en retenant les particules fines [&hellip;]<\/p>\n","protected":false},"featured_media":266949,"comment_status":"closed","ping_status":"closed","template":"","meta":{"_et_pb_use_builder":"","_et_pb_old_content":"","_et_gb_content_width":"","inline_featured_image":false},"product_brand":[154],"product_cat":[28],"product_tag":[],"class_list":{"0":"post-265519","1":"product","2":"type-product","3":"status-publish","4":"has-post-thumbnail","6":"product_brand-hum","7":"product_cat-accessoires-cpap","8":"pa_brand-hum","10":"first","11":"instock","12":"taxable","13":"shipping-taxable","14":"purchasable","15":"product-type-simple"},"acf":[],"yoast_head":"<!-- This site is optimized with the Yoast SEO plugin v27.5 - https:\/\/yoast.com\/product\/yoast-seo-wordpress\/ -->\n<title>Filtre fin (blanc) pour cpap Sleepcube (4 pi\u00e8ce) - HUM | Oxysphair<\/title>\n<meta name=\"robots\" content=\"index, follow, max-snippet:-1, max-image-preview:large, max-video-preview:-1\" \/>\n<link rel=\"canonical\" href=\"https:\/\/www.oxysphair.be\/de\/produits\/schlafapnoe\/cpap-zubehor\/filtre-fin-blanc-pour-cpap-sleepcube-4-piece\/\" \/>\n<meta property=\"og:locale\" content=\"de_DE\" \/>\n<meta property=\"og:type\" content=\"article\" \/>\n<meta property=\"og:title\" content=\"Filtre fin (blanc) pour cpap Sleepcube (4 pi\u00e8ce) - HUM | Oxysphair\" \/>\n<meta property=\"og:description\" content=\"Lot de 4 filtres fins blancs pour les appareils CPAP SleepCube de DeVilbiss. Ces filtres assurent une filtration efficace des particules et garantissent un fonctionnement optimal de votre appareil. Ce filtre fin blanc est con\u00e7u pour les appareils CPAP SleepCube de DeVilbiss. Il permet de maintenir une qualit\u00e9 d\u2019air optimale en retenant les particules fines [&hellip;]\" \/>\n<meta property=\"og:url\" content=\"https:\/\/www.oxysphair.be\/de\/produits\/schlafapnoe\/cpap-zubehor\/filtre-fin-blanc-pour-cpap-sleepcube-4-piece\/\" \/>\n<meta property=\"og:site_name\" content=\"Oxysphair\" \/>\n<meta property=\"article:modified_time\" content=\"2026-04-29T20:22:05+00:00\" \/>\n<meta property=\"og:image\" content=\"https:\/\/www.oxysphair.be\/wp-content\/uploads\/2025\/11\/original-filtre-fin-pour-sleepcube-de-devilbiss-02.jpg\" \/>\n\t<meta property=\"og:image:width\" content=\"1000\" \/>\n\t<meta property=\"og:image:height\" content=\"1000\" \/>\n\t<meta property=\"og:image:type\" content=\"image\/jpeg\" \/>\n<meta name=\"twitter:card\" content=\"summary_large_image\" \/>\n<meta name=\"twitter:label1\" content=\"Gesch\u00e4tzte Lesezeit\" \/>\n\t<meta name=\"twitter:data1\" content=\"2\u00a0Minuten\" \/>\n<script type=\"application\/ld+json\" class=\"yoast-schema-graph\">{\"@context\":\"https:\\\/\\\/schema.org\",\"@graph\":[{\"@type\":\"WebPage\",\"@id\":\"https:\\\/\\\/www.oxysphair.be\\\/de\\\/produits\\\/schlafapnoe\\\/cpap-zubehor\\\/filtre-fin-blanc-pour-cpap-sleepcube-4-piece\\\/\",\"url\":\"https:\\\/\\\/www.oxysphair.be\\\/de\\\/produits\\\/schlafapnoe\\\/cpap-zubehor\\\/filtre-fin-blanc-pour-cpap-sleepcube-4-piece\\\/\",\"name\":\"Filtre fin (blanc) pour cpap Sleepcube (4 pi\u00e8ce) - HUM | Oxysphair\",\"isPartOf\":{\"@id\":\"https:\\\/\\\/www.oxysphair.be\\\/de\\\/#website\"},\"primaryImageOfPage\":{\"@id\":\"https:\\\/\\\/www.oxysphair.be\\\/de\\\/produits\\\/schlafapnoe\\\/cpap-zubehor\\\/filtre-fin-blanc-pour-cpap-sleepcube-4-piece\\\/#primaryimage\"},\"image\":{\"@id\":\"https:\\\/\\\/www.oxysphair.be\\\/de\\\/produits\\\/schlafapnoe\\\/cpap-zubehor\\\/filtre-fin-blanc-pour-cpap-sleepcube-4-piece\\\/#primaryimage\"},\"thumbnailUrl\":\"https:\\\/\\\/www.oxysphair.be\\\/wp-content\\\/uploads\\\/2025\\\/11\\\/original-filtre-fin-pour-sleepcube-de-devilbiss-02.jpg\",\"datePublished\":\"2025-11-26T11:22:03+00:00\",\"dateModified\":\"2026-04-29T20:22:05+00:00\",\"breadcrumb\":{\"@id\":\"https:\\\/\\\/www.oxysphair.be\\\/de\\\/produits\\\/schlafapnoe\\\/cpap-zubehor\\\/filtre-fin-blanc-pour-cpap-sleepcube-4-piece\\\/#breadcrumb\"},\"inLanguage\":\"de\",\"potentialAction\":[{\"@type\":\"ReadAction\",\"target\":[\"https:\\\/\\\/www.oxysphair.be\\\/de\\\/produits\\\/schlafapnoe\\\/cpap-zubehor\\\/filtre-fin-blanc-pour-cpap-sleepcube-4-piece\\\/\"]}]},{\"@type\":\"ImageObject\",\"inLanguage\":\"de\",\"@id\":\"https:\\\/\\\/www.oxysphair.be\\\/de\\\/produits\\\/schlafapnoe\\\/cpap-zubehor\\\/filtre-fin-blanc-pour-cpap-sleepcube-4-piece\\\/#primaryimage\",\"url\":\"https:\\\/\\\/www.oxysphair.be\\\/wp-content\\\/uploads\\\/2025\\\/11\\\/original-filtre-fin-pour-sleepcube-de-devilbiss-02.jpg\",\"contentUrl\":\"https:\\\/\\\/www.oxysphair.be\\\/wp-content\\\/uploads\\\/2025\\\/11\\\/original-filtre-fin-pour-sleepcube-de-devilbiss-02.jpg\",\"width\":1000,\"height\":1000},{\"@type\":\"BreadcrumbList\",\"@id\":\"https:\\\/\\\/www.oxysphair.be\\\/de\\\/produits\\\/schlafapnoe\\\/cpap-zubehor\\\/filtre-fin-blanc-pour-cpap-sleepcube-4-piece\\\/#breadcrumb\",\"itemListElement\":[{\"@type\":\"ListItem\",\"position\":1,\"name\":\"Accueil\",\"item\":\"https:\\\/\\\/www.oxysphair.be\\\/de\\\/\"},{\"@type\":\"ListItem\",\"position\":2,\"name\":\"Produkte\",\"item\":\"https:\\\/\\\/www.oxysphair.be\\\/de\\\/shop-produkte\\\/\"},{\"@type\":\"ListItem\",\"position\":3,\"name\":\"Filtre fin (blanc) pour cpap Sleepcube (4 pi\u00e8ce) &#8211; HUM\"}]},{\"@type\":\"WebSite\",\"@id\":\"https:\\\/\\\/www.oxysphair.be\\\/de\\\/#website\",\"url\":\"https:\\\/\\\/www.oxysphair.be\\\/de\\\/\",\"name\":\"Oxysphair\",\"description\":\"\",\"potentialAction\":[{\"@type\":\"SearchAction\",\"target\":{\"@type\":\"EntryPoint\",\"urlTemplate\":\"https:\\\/\\\/www.oxysphair.be\\\/de\\\/?s={search_term_string}\"},\"query-input\":{\"@type\":\"PropertyValueSpecification\",\"valueRequired\":true,\"valueName\":\"search_term_string\"}}],\"inLanguage\":\"de\"}]}<\/script>\n<!-- \/ Yoast SEO plugin. -->","yoast_head_json":{"title":"Filtre fin (blanc) pour cpap Sleepcube (4 pi\u00e8ce) - HUM | Oxysphair","robots":{"index":"index","follow":"follow","max-snippet":"max-snippet:-1","max-image-preview":"max-image-preview:large","max-video-preview":"max-video-preview:-1"},"canonical":"https:\/\/www.oxysphair.be\/de\/produits\/schlafapnoe\/cpap-zubehor\/filtre-fin-blanc-pour-cpap-sleepcube-4-piece\/","og_locale":"de_DE","og_type":"article","og_title":"Filtre fin (blanc) pour cpap Sleepcube (4 pi\u00e8ce) - HUM | Oxysphair","og_description":"Lot de 4 filtres fins blancs pour les appareils CPAP SleepCube de DeVilbiss. Ces filtres assurent une filtration efficace des particules et garantissent un fonctionnement optimal de votre appareil. Ce filtre fin blanc est con\u00e7u pour les appareils CPAP SleepCube de DeVilbiss. Il permet de maintenir une qualit\u00e9 d\u2019air optimale en retenant les particules fines [&hellip;]","og_url":"https:\/\/www.oxysphair.be\/de\/produits\/schlafapnoe\/cpap-zubehor\/filtre-fin-blanc-pour-cpap-sleepcube-4-piece\/","og_site_name":"Oxysphair","article_modified_time":"2026-04-29T20:22:05+00:00","og_image":[{"width":1000,"height":1000,"url":"https:\/\/www.oxysphair.be\/wp-content\/uploads\/2025\/11\/original-filtre-fin-pour-sleepcube-de-devilbiss-02.jpg","type":"image\/jpeg"}],"twitter_card":"summary_large_image","twitter_misc":{"Gesch\u00e4tzte Lesezeit":"2\u00a0Minuten"},"schema":{"@context":"https:\/\/schema.org","@graph":[{"@type":"WebPage","@id":"https:\/\/www.oxysphair.be\/de\/produits\/schlafapnoe\/cpap-zubehor\/filtre-fin-blanc-pour-cpap-sleepcube-4-piece\/","url":"https:\/\/www.oxysphair.be\/de\/produits\/schlafapnoe\/cpap-zubehor\/filtre-fin-blanc-pour-cpap-sleepcube-4-piece\/","name":"Filtre fin (blanc) pour cpap Sleepcube (4 pi\u00e8ce) - HUM | Oxysphair","isPartOf":{"@id":"https:\/\/www.oxysphair.be\/de\/#website"},"primaryImageOfPage":{"@id":"https:\/\/www.oxysphair.be\/de\/produits\/schlafapnoe\/cpap-zubehor\/filtre-fin-blanc-pour-cpap-sleepcube-4-piece\/#primaryimage"},"image":{"@id":"https:\/\/www.oxysphair.be\/de\/produits\/schlafapnoe\/cpap-zubehor\/filtre-fin-blanc-pour-cpap-sleepcube-4-piece\/#primaryimage"},"thumbnailUrl":"https:\/\/www.oxysphair.be\/wp-content\/uploads\/2025\/11\/original-filtre-fin-pour-sleepcube-de-devilbiss-02.jpg","datePublished":"2025-11-26T11:22:03+00:00","dateModified":"2026-04-29T20:22:05+00:00","breadcrumb":{"@id":"https:\/\/www.oxysphair.be\/de\/produits\/schlafapnoe\/cpap-zubehor\/filtre-fin-blanc-pour-cpap-sleepcube-4-piece\/#breadcrumb"},"inLanguage":"de","potentialAction":[{"@type":"ReadAction","target":["https:\/\/www.oxysphair.be\/de\/produits\/schlafapnoe\/cpap-zubehor\/filtre-fin-blanc-pour-cpap-sleepcube-4-piece\/"]}]},{"@type":"ImageObject","inLanguage":"de","@id":"https:\/\/www.oxysphair.be\/de\/produits\/schlafapnoe\/cpap-zubehor\/filtre-fin-blanc-pour-cpap-sleepcube-4-piece\/#primaryimage","url":"https:\/\/www.oxysphair.be\/wp-content\/uploads\/2025\/11\/original-filtre-fin-pour-sleepcube-de-devilbiss-02.jpg","contentUrl":"https:\/\/www.oxysphair.be\/wp-content\/uploads\/2025\/11\/original-filtre-fin-pour-sleepcube-de-devilbiss-02.jpg","width":1000,"height":1000},{"@type":"BreadcrumbList","@id":"https:\/\/www.oxysphair.be\/de\/produits\/schlafapnoe\/cpap-zubehor\/filtre-fin-blanc-pour-cpap-sleepcube-4-piece\/#breadcrumb","itemListElement":[{"@type":"ListItem","position":1,"name":"Accueil","item":"https:\/\/www.oxysphair.be\/de\/"},{"@type":"ListItem","position":2,"name":"Produkte","item":"https:\/\/www.oxysphair.be\/de\/shop-produkte\/"},{"@type":"ListItem","position":3,"name":"Filtre fin (blanc) pour cpap Sleepcube (4 pi\u00e8ce) &#8211; HUM"}]},{"@type":"WebSite","@id":"https:\/\/www.oxysphair.be\/de\/#website","url":"https:\/\/www.oxysphair.be\/de\/","name":"Oxysphair","description":"","potentialAction":[{"@type":"SearchAction","target":{"@type":"EntryPoint","urlTemplate":"https:\/\/www.oxysphair.be\/de\/?s={search_term_string}"},"query-input":{"@type":"PropertyValueSpecification","valueRequired":true,"valueName":"search_term_string"}}],"inLanguage":"de"}]}},"_links":{"self":[{"href":"https:\/\/www.oxysphair.be\/de\/wp-json\/wp\/v2\/product\/265519","targetHints":{"allow":["GET"]}}],"collection":[{"href":"https:\/\/www.oxysphair.be\/de\/wp-json\/wp\/v2\/product"}],"about":[{"href":"https:\/\/www.oxysphair.be\/de\/wp-json\/wp\/v2\/types\/product"}],"replies":[{"embeddable":true,"href":"https:\/\/www.oxysphair.be\/de\/wp-json\/wp\/v2\/comments?post=265519"}],"wp:featuredmedia":[{"embeddable":true,"href":"https:\/\/www.oxysphair.be\/de\/wp-json\/wp\/v2\/media\/266949"}],"wp:attachment":[{"href":"https:\/\/www.oxysphair.be\/de\/wp-json\/wp\/v2\/media?parent=265519"}],"wp:term":[{"taxonomy":"product_brand","embeddable":true,"href":"https:\/\/www.oxysphair.be\/de\/wp-json\/wp\/v2\/product_brand?post=265519"},{"taxonomy":"product_cat","embeddable":true,"href":"https:\/\/www.oxysphair.be\/de\/wp-json\/wp\/v2\/product_cat?post=265519"},{"taxonomy":"product_tag","embeddable":true,"href":"https:\/\/www.oxysphair.be\/de\/wp-json\/wp\/v2\/product_tag?post=265519"}],"curies":[{"name":"wp","href":"https:\/\/api.w.org\/{rel}","templated":true}]}}