{"id":265692,"date":"2025-11-30T06:22:51","date_gmt":"2025-11-30T05:22:51","guid":{"rendered":"https:\/\/www.oxysphair.be\/?post_type=product&#038;p=265692"},"modified":"2026-04-15T12:22:32","modified_gmt":"2026-04-15T10:22:32","slug":"dreamwear-fabric-wraps","status":"publish","type":"product","link":"https:\/\/www.oxysphair.be\/de\/produits\/schlafapnoe\/cpap-zubehor\/dreamwear-fabric-wraps\/","title":{"rendered":"Dreamwear Fabric Wraps &#8211; Philips-Respironics"},"content":{"rendered":"<p><strong>Enveloppes en tissu<\/strong> pour le masque <strong>Philips Respironics DreamWear<\/strong>, con\u00e7ues pour offrir plus de confort et r\u00e9duire les irritations cutan\u00e9es dues au contact du cadre avec les joues.<\/p>\n<p>Les <strong>DreamWear Fabric Wraps<\/strong> de <strong>Philips Respironics<\/strong> sont des accessoires destin\u00e9s \u00e0 augmenter le confort des utilisateurs de masques DreamWear. Plac\u00e9es autour du cadre du masque, ces bandelettes en tissu souple r\u00e9duisent les marques et les irritations sur la peau.<\/p>\n<p>Leur mati\u00e8re douce assure une sensation agr\u00e9able sur la peau et un ajustement optimal tout au long de la nuit. Faciles \u00e0 fixer et \u00e0 entretenir, elles constituent une solution simple pour am\u00e9liorer le confort du traitement par <strong>th\u00e9rapie CPAP<\/strong>.<\/p>\n<h3>Type de produit<\/h3>\n<p>Accessoire de confort pour masque CPAP.<\/p>\n<h3>Compatibilit\u00e9<\/h3>\n<p>Con\u00e7u pour les masques <strong>Philips Respironics DreamWear<\/strong>, y compris les versions nasal, nasal pillows et full face.<\/p>\n<h3>Mat\u00e9riaux<\/h3>\n<p>Tissu doux en microfibre pour un contact agr\u00e9able avec la peau.<\/p>\n<h3>Entretien &amp; remplacement<\/h3>\n<p>Les enveloppes se retirent facilement pour le lavage \u00e0 la main \u00e0 l\u2019eau ti\u00e8de avec un savon doux. Remplacer en cas d\u2019usure ou de perte de douceur.<\/p>\n","protected":false},"excerpt":{"rendered":"<p>Enveloppes en tissu pour le masque Philips Respironics DreamWear, con\u00e7ues pour offrir plus de confort et r\u00e9duire les irritations cutan\u00e9es dues au contact du cadre avec les joues. Les DreamWear Fabric Wraps de Philips Respironics sont des accessoires destin\u00e9s \u00e0 augmenter le confort des utilisateurs de masques DreamWear. Plac\u00e9es autour du cadre du masque, ces [&hellip;]<\/p>\n","protected":false},"featured_media":266928,"comment_status":"closed","ping_status":"closed","template":"","meta":{"_et_pb_use_builder":"","_et_pb_old_content":"","_et_gb_content_width":"","inline_featured_image":false},"product_brand":[148],"product_cat":[28],"product_tag":[],"class_list":{"0":"post-265692","1":"product","2":"type-product","3":"status-publish","4":"has-post-thumbnail","6":"product_brand-philips-respironics","7":"product_cat-accessoires-cpap","8":"pa_brand-philips-respironics","10":"first","11":"instock","12":"taxable","13":"shipping-taxable","14":"purchasable","15":"product-type-simple"},"acf":[],"yoast_head":"<!-- This site is optimized with the Yoast SEO plugin v27.4 - https:\/\/yoast.com\/product\/yoast-seo-wordpress\/ -->\n<title>Dreamwear Fabric Wraps - Philips-Respironics | Oxysphair<\/title>\n<meta name=\"robots\" content=\"index, follow, max-snippet:-1, max-image-preview:large, max-video-preview:-1\" \/>\n<link rel=\"canonical\" href=\"https:\/\/www.oxysphair.be\/de\/produits\/schlafapnoe\/cpap-zubehor\/dreamwear-fabric-wraps\/\" \/>\n<meta property=\"og:locale\" content=\"de_DE\" \/>\n<meta property=\"og:type\" content=\"article\" \/>\n<meta property=\"og:title\" content=\"Dreamwear Fabric Wraps - Philips-Respironics | Oxysphair\" \/>\n<meta property=\"og:description\" content=\"Enveloppes en tissu pour le masque Philips Respironics DreamWear, con\u00e7ues pour offrir plus de confort et r\u00e9duire les irritations cutan\u00e9es dues au contact du cadre avec les joues. Les DreamWear Fabric Wraps de Philips Respironics sont des accessoires destin\u00e9s \u00e0 augmenter le confort des utilisateurs de masques DreamWear. Plac\u00e9es autour du cadre du masque, ces [&hellip;]\" \/>\n<meta property=\"og:url\" content=\"https:\/\/www.oxysphair.be\/de\/produits\/schlafapnoe\/cpap-zubehor\/dreamwear-fabric-wraps\/\" \/>\n<meta property=\"og:site_name\" content=\"Oxysphair\" \/>\n<meta property=\"article:modified_time\" content=\"2026-04-15T10:22:32+00:00\" \/>\n<meta property=\"og:image\" content=\"https:\/\/www.oxysphair.be\/wp-content\/uploads\/2025\/11\/fabric.wraps_.1116754.webp\" \/>\n\t<meta property=\"og:image:width\" content=\"603\" \/>\n\t<meta property=\"og:image:height\" content=\"603\" \/>\n\t<meta property=\"og:image:type\" content=\"image\/webp\" \/>\n<meta name=\"twitter:card\" content=\"summary_large_image\" \/>\n<meta name=\"twitter:label1\" content=\"Gesch\u00e4tzte Lesezeit\" \/>\n\t<meta name=\"twitter:data1\" content=\"2\u00a0Minuten\" \/>\n<script type=\"application\/ld+json\" class=\"yoast-schema-graph\">{\"@context\":\"https:\\\/\\\/schema.org\",\"@graph\":[{\"@type\":\"WebPage\",\"@id\":\"https:\\\/\\\/www.oxysphair.be\\\/de\\\/produits\\\/schlafapnoe\\\/cpap-zubehor\\\/dreamwear-fabric-wraps\\\/\",\"url\":\"https:\\\/\\\/www.oxysphair.be\\\/de\\\/produits\\\/schlafapnoe\\\/cpap-zubehor\\\/dreamwear-fabric-wraps\\\/\",\"name\":\"Dreamwear Fabric Wraps - Philips-Respironics | Oxysphair\",\"isPartOf\":{\"@id\":\"https:\\\/\\\/www.oxysphair.be\\\/de\\\/#website\"},\"primaryImageOfPage\":{\"@id\":\"https:\\\/\\\/www.oxysphair.be\\\/de\\\/produits\\\/schlafapnoe\\\/cpap-zubehor\\\/dreamwear-fabric-wraps\\\/#primaryimage\"},\"image\":{\"@id\":\"https:\\\/\\\/www.oxysphair.be\\\/de\\\/produits\\\/schlafapnoe\\\/cpap-zubehor\\\/dreamwear-fabric-wraps\\\/#primaryimage\"},\"thumbnailUrl\":\"https:\\\/\\\/www.oxysphair.be\\\/wp-content\\\/uploads\\\/2025\\\/11\\\/fabric.wraps_.1116754.webp\",\"datePublished\":\"2025-11-30T05:22:51+00:00\",\"dateModified\":\"2026-04-15T10:22:32+00:00\",\"breadcrumb\":{\"@id\":\"https:\\\/\\\/www.oxysphair.be\\\/de\\\/produits\\\/schlafapnoe\\\/cpap-zubehor\\\/dreamwear-fabric-wraps\\\/#breadcrumb\"},\"inLanguage\":\"de\",\"potentialAction\":[{\"@type\":\"ReadAction\",\"target\":[\"https:\\\/\\\/www.oxysphair.be\\\/de\\\/produits\\\/schlafapnoe\\\/cpap-zubehor\\\/dreamwear-fabric-wraps\\\/\"]}]},{\"@type\":\"ImageObject\",\"inLanguage\":\"de\",\"@id\":\"https:\\\/\\\/www.oxysphair.be\\\/de\\\/produits\\\/schlafapnoe\\\/cpap-zubehor\\\/dreamwear-fabric-wraps\\\/#primaryimage\",\"url\":\"https:\\\/\\\/www.oxysphair.be\\\/wp-content\\\/uploads\\\/2025\\\/11\\\/fabric.wraps_.1116754.webp\",\"contentUrl\":\"https:\\\/\\\/www.oxysphair.be\\\/wp-content\\\/uploads\\\/2025\\\/11\\\/fabric.wraps_.1116754.webp\",\"width\":603,\"height\":603},{\"@type\":\"BreadcrumbList\",\"@id\":\"https:\\\/\\\/www.oxysphair.be\\\/de\\\/produits\\\/schlafapnoe\\\/cpap-zubehor\\\/dreamwear-fabric-wraps\\\/#breadcrumb\",\"itemListElement\":[{\"@type\":\"ListItem\",\"position\":1,\"name\":\"Accueil\",\"item\":\"https:\\\/\\\/www.oxysphair.be\\\/de\\\/\"},{\"@type\":\"ListItem\",\"position\":2,\"name\":\"Produkte\",\"item\":\"https:\\\/\\\/www.oxysphair.be\\\/de\\\/shop-produkte\\\/\"},{\"@type\":\"ListItem\",\"position\":3,\"name\":\"Dreamwear Fabric Wraps &#8211; Philips-Respironics\"}]},{\"@type\":\"WebSite\",\"@id\":\"https:\\\/\\\/www.oxysphair.be\\\/de\\\/#website\",\"url\":\"https:\\\/\\\/www.oxysphair.be\\\/de\\\/\",\"name\":\"Oxysphair\",\"description\":\"\",\"potentialAction\":[{\"@type\":\"SearchAction\",\"target\":{\"@type\":\"EntryPoint\",\"urlTemplate\":\"https:\\\/\\\/www.oxysphair.be\\\/de\\\/?s={search_term_string}\"},\"query-input\":{\"@type\":\"PropertyValueSpecification\",\"valueRequired\":true,\"valueName\":\"search_term_string\"}}],\"inLanguage\":\"de\"}]}<\/script>\n<!-- \/ Yoast SEO plugin. -->","yoast_head_json":{"title":"Dreamwear Fabric Wraps - Philips-Respironics | Oxysphair","robots":{"index":"index","follow":"follow","max-snippet":"max-snippet:-1","max-image-preview":"max-image-preview:large","max-video-preview":"max-video-preview:-1"},"canonical":"https:\/\/www.oxysphair.be\/de\/produits\/schlafapnoe\/cpap-zubehor\/dreamwear-fabric-wraps\/","og_locale":"de_DE","og_type":"article","og_title":"Dreamwear Fabric Wraps - Philips-Respironics | Oxysphair","og_description":"Enveloppes en tissu pour le masque Philips Respironics DreamWear, con\u00e7ues pour offrir plus de confort et r\u00e9duire les irritations cutan\u00e9es dues au contact du cadre avec les joues. Les DreamWear Fabric Wraps de Philips Respironics sont des accessoires destin\u00e9s \u00e0 augmenter le confort des utilisateurs de masques DreamWear. Plac\u00e9es autour du cadre du masque, ces [&hellip;]","og_url":"https:\/\/www.oxysphair.be\/de\/produits\/schlafapnoe\/cpap-zubehor\/dreamwear-fabric-wraps\/","og_site_name":"Oxysphair","article_modified_time":"2026-04-15T10:22:32+00:00","og_image":[{"width":603,"height":603,"url":"https:\/\/www.oxysphair.be\/wp-content\/uploads\/2025\/11\/fabric.wraps_.1116754.webp","type":"image\/webp"}],"twitter_card":"summary_large_image","twitter_misc":{"Gesch\u00e4tzte Lesezeit":"2\u00a0Minuten"},"schema":{"@context":"https:\/\/schema.org","@graph":[{"@type":"WebPage","@id":"https:\/\/www.oxysphair.be\/de\/produits\/schlafapnoe\/cpap-zubehor\/dreamwear-fabric-wraps\/","url":"https:\/\/www.oxysphair.be\/de\/produits\/schlafapnoe\/cpap-zubehor\/dreamwear-fabric-wraps\/","name":"Dreamwear Fabric Wraps - Philips-Respironics | Oxysphair","isPartOf":{"@id":"https:\/\/www.oxysphair.be\/de\/#website"},"primaryImageOfPage":{"@id":"https:\/\/www.oxysphair.be\/de\/produits\/schlafapnoe\/cpap-zubehor\/dreamwear-fabric-wraps\/#primaryimage"},"image":{"@id":"https:\/\/www.oxysphair.be\/de\/produits\/schlafapnoe\/cpap-zubehor\/dreamwear-fabric-wraps\/#primaryimage"},"thumbnailUrl":"https:\/\/www.oxysphair.be\/wp-content\/uploads\/2025\/11\/fabric.wraps_.1116754.webp","datePublished":"2025-11-30T05:22:51+00:00","dateModified":"2026-04-15T10:22:32+00:00","breadcrumb":{"@id":"https:\/\/www.oxysphair.be\/de\/produits\/schlafapnoe\/cpap-zubehor\/dreamwear-fabric-wraps\/#breadcrumb"},"inLanguage":"de","potentialAction":[{"@type":"ReadAction","target":["https:\/\/www.oxysphair.be\/de\/produits\/schlafapnoe\/cpap-zubehor\/dreamwear-fabric-wraps\/"]}]},{"@type":"ImageObject","inLanguage":"de","@id":"https:\/\/www.oxysphair.be\/de\/produits\/schlafapnoe\/cpap-zubehor\/dreamwear-fabric-wraps\/#primaryimage","url":"https:\/\/www.oxysphair.be\/wp-content\/uploads\/2025\/11\/fabric.wraps_.1116754.webp","contentUrl":"https:\/\/www.oxysphair.be\/wp-content\/uploads\/2025\/11\/fabric.wraps_.1116754.webp","width":603,"height":603},{"@type":"BreadcrumbList","@id":"https:\/\/www.oxysphair.be\/de\/produits\/schlafapnoe\/cpap-zubehor\/dreamwear-fabric-wraps\/#breadcrumb","itemListElement":[{"@type":"ListItem","position":1,"name":"Accueil","item":"https:\/\/www.oxysphair.be\/de\/"},{"@type":"ListItem","position":2,"name":"Produkte","item":"https:\/\/www.oxysphair.be\/de\/shop-produkte\/"},{"@type":"ListItem","position":3,"name":"Dreamwear Fabric Wraps &#8211; Philips-Respironics"}]},{"@type":"WebSite","@id":"https:\/\/www.oxysphair.be\/de\/#website","url":"https:\/\/www.oxysphair.be\/de\/","name":"Oxysphair","description":"","potentialAction":[{"@type":"SearchAction","target":{"@type":"EntryPoint","urlTemplate":"https:\/\/www.oxysphair.be\/de\/?s={search_term_string}"},"query-input":{"@type":"PropertyValueSpecification","valueRequired":true,"valueName":"search_term_string"}}],"inLanguage":"de"}]}},"_links":{"self":[{"href":"https:\/\/www.oxysphair.be\/de\/wp-json\/wp\/v2\/product\/265692","targetHints":{"allow":["GET"]}}],"collection":[{"href":"https:\/\/www.oxysphair.be\/de\/wp-json\/wp\/v2\/product"}],"about":[{"href":"https:\/\/www.oxysphair.be\/de\/wp-json\/wp\/v2\/types\/product"}],"replies":[{"embeddable":true,"href":"https:\/\/www.oxysphair.be\/de\/wp-json\/wp\/v2\/comments?post=265692"}],"wp:featuredmedia":[{"embeddable":true,"href":"https:\/\/www.oxysphair.be\/de\/wp-json\/wp\/v2\/media\/266928"}],"wp:attachment":[{"href":"https:\/\/www.oxysphair.be\/de\/wp-json\/wp\/v2\/media?parent=265692"}],"wp:term":[{"taxonomy":"product_brand","embeddable":true,"href":"https:\/\/www.oxysphair.be\/de\/wp-json\/wp\/v2\/product_brand?post=265692"},{"taxonomy":"product_cat","embeddable":true,"href":"https:\/\/www.oxysphair.be\/de\/wp-json\/wp\/v2\/product_cat?post=265692"},{"taxonomy":"product_tag","embeddable":true,"href":"https:\/\/www.oxysphair.be\/de\/wp-json\/wp\/v2\/product_tag?post=265692"}],"curies":[{"name":"wp","href":"https:\/\/api.w.org\/{rel}","templated":true}]}}