{"id":265710,"date":"2025-11-30T16:22:16","date_gmt":"2025-11-30T15:22:16","guid":{"rendered":"https:\/\/www.oxysphair.be\/?post_type=product&#038;p=265710"},"modified":"2026-04-29T08:22:20","modified_gmt":"2026-04-29T06:22:20","slug":"dreamwear-headgear","status":"publish","type":"product","link":"https:\/\/www.oxysphair.be\/de\/produits\/schlafapnoe\/cpap-zubehor\/dreamwear-headgear\/","title":{"rendered":"DreamWear Headgear &#8211; Philips-Respironics"},"content":{"rendered":"<p>Le <strong>harnais DreamWear<\/strong> de <strong>Philips Respironics<\/strong> est un accessoire essentiel pour garantir un maintien stable et confortable de votre masque CPAP DreamWear, tout en offrant une libert\u00e9 de mouvement pendant le sommeil.<\/p>\n<p>Le <strong>harnais DreamWear<\/strong> de <strong>Philips Respironics<\/strong> est con\u00e7u pour remplacer ou renouveler le support de votre masque CPAP <strong>DreamWear<\/strong>. Gr\u00e2ce \u00e0 son tissu doux et sa fixation ajustable, il assure un <strong>maintien stable<\/strong> tout en offrant un <strong>confort optimal<\/strong> tout au long de la nuit.<\/p>\n<p>Ce harnais l\u00e9ger prot\u00e8ge contre les points de pression et s\u2019adapte facilement \u00e0 la forme de votre t\u00eate. Il permet de conserver la position id\u00e9ale du masque sans compromettre la libert\u00e9 de mouvement, pour un <strong>traitement de l\u2019apn\u00e9e du sommeil<\/strong> plus agr\u00e9able et efficace.<\/p>\n<h3>Type de produit<\/h3>\n<p>Harnais de remplacement pour masque CPAP Philips Respironics DreamWear.<\/p>\n<h3>Compatibilit\u00e9<\/h3>\n<p>Compatible uniquement avec les masques nasaux et naso-buccaux de la gamme DreamWear.<\/p>\n<h3>Tailles et ajustement<\/h3>\n<p>Disponible en taille standard, avec sangles ajustables pour un maintien personnalis\u00e9.<\/p>\n<h3>Confort &amp; \u00e9tanch\u00e9it\u00e9<\/h3>\n<p>Le tissu doux et \u00e9lastique du harnais assure une r\u00e9partition homog\u00e8ne de la pression et limite les irritations cutan\u00e9es.<\/p>\n<h3>Mat\u00e9riaux<\/h3>\n<p>Compos\u00e9 de nylon, \u00e9lasthanne et fixations velcro de haute qualit\u00e9.<\/p>\n<h3>Entretien &amp; remplacement<\/h3>\n<p>Lavage \u00e0 la main \u00e0 l\u2019eau ti\u00e8de avec un savon doux. Remplacer le harnais tous les 6 \u00e0 12 mois selon l\u2019usage.<\/p>\n","protected":false},"excerpt":{"rendered":"<p>Le harnais DreamWear de Philips Respironics est un accessoire essentiel pour garantir un maintien stable et confortable de votre masque CPAP DreamWear, tout en offrant une libert\u00e9 de mouvement pendant le sommeil. Le harnais DreamWear de Philips Respironics est con\u00e7u pour remplacer ou renouveler le support de votre masque CPAP DreamWear. Gr\u00e2ce \u00e0 son tissu [&hellip;]<\/p>\n","protected":false},"featured_media":266921,"comment_status":"closed","ping_status":"closed","template":"","meta":{"_et_pb_use_builder":"","_et_pb_old_content":"","_et_gb_content_width":"","inline_featured_image":false},"product_brand":[148],"product_cat":[28],"product_tag":[],"class_list":{"0":"post-265710","1":"product","2":"type-product","3":"status-publish","4":"has-post-thumbnail","6":"product_brand-philips-respironics","7":"product_cat-accessoires-cpap","8":"pa_brand-philips-respironics","10":"first","11":"instock","12":"taxable","13":"shipping-taxable","14":"purchasable","15":"product-type-simple"},"acf":[],"yoast_head":"<!-- This site is optimized with the Yoast SEO plugin v27.5 - https:\/\/yoast.com\/product\/yoast-seo-wordpress\/ -->\n<title>DreamWear Headgear - Philips-Respironics | Oxysphair<\/title>\n<meta name=\"robots\" content=\"index, follow, max-snippet:-1, max-image-preview:large, max-video-preview:-1\" \/>\n<link rel=\"canonical\" href=\"https:\/\/www.oxysphair.be\/de\/produits\/schlafapnoe\/cpap-zubehor\/dreamwear-headgear\/\" \/>\n<meta property=\"og:locale\" content=\"de_DE\" \/>\n<meta property=\"og:type\" content=\"article\" \/>\n<meta property=\"og:title\" content=\"DreamWear Headgear - Philips-Respironics | Oxysphair\" \/>\n<meta property=\"og:description\" content=\"Le harnais DreamWear de Philips Respironics est un accessoire essentiel pour garantir un maintien stable et confortable de votre masque CPAP DreamWear, tout en offrant une libert\u00e9 de mouvement pendant le sommeil. Le harnais DreamWear de Philips Respironics est con\u00e7u pour remplacer ou renouveler le support de votre masque CPAP DreamWear. Gr\u00e2ce \u00e0 son tissu [&hellip;]\" \/>\n<meta property=\"og:url\" content=\"https:\/\/www.oxysphair.be\/de\/produits\/schlafapnoe\/cpap-zubehor\/dreamwear-headgear\/\" \/>\n<meta property=\"og:site_name\" content=\"Oxysphair\" \/>\n<meta property=\"article:modified_time\" content=\"2026-04-29T06:22:20+00:00\" \/>\n<meta property=\"og:image\" content=\"https:\/\/www.oxysphair.be\/wp-content\/uploads\/2025\/11\/9fd7c927bf3e4940909babbf00e3f8ee.webp\" \/>\n\t<meta property=\"og:image:width\" content=\"1250\" \/>\n\t<meta property=\"og:image:height\" content=\"937\" \/>\n\t<meta property=\"og:image:type\" content=\"image\/webp\" \/>\n<meta name=\"twitter:card\" content=\"summary_large_image\" \/>\n<meta name=\"twitter:label1\" content=\"Gesch\u00e4tzte Lesezeit\" \/>\n\t<meta name=\"twitter:data1\" content=\"2\u00a0Minuten\" \/>\n<script type=\"application\/ld+json\" class=\"yoast-schema-graph\">{\"@context\":\"https:\\\/\\\/schema.org\",\"@graph\":[{\"@type\":\"WebPage\",\"@id\":\"https:\\\/\\\/www.oxysphair.be\\\/de\\\/produits\\\/schlafapnoe\\\/cpap-zubehor\\\/dreamwear-headgear\\\/\",\"url\":\"https:\\\/\\\/www.oxysphair.be\\\/de\\\/produits\\\/schlafapnoe\\\/cpap-zubehor\\\/dreamwear-headgear\\\/\",\"name\":\"DreamWear Headgear - Philips-Respironics | Oxysphair\",\"isPartOf\":{\"@id\":\"https:\\\/\\\/www.oxysphair.be\\\/de\\\/#website\"},\"primaryImageOfPage\":{\"@id\":\"https:\\\/\\\/www.oxysphair.be\\\/de\\\/produits\\\/schlafapnoe\\\/cpap-zubehor\\\/dreamwear-headgear\\\/#primaryimage\"},\"image\":{\"@id\":\"https:\\\/\\\/www.oxysphair.be\\\/de\\\/produits\\\/schlafapnoe\\\/cpap-zubehor\\\/dreamwear-headgear\\\/#primaryimage\"},\"thumbnailUrl\":\"https:\\\/\\\/www.oxysphair.be\\\/wp-content\\\/uploads\\\/2025\\\/11\\\/9fd7c927bf3e4940909babbf00e3f8ee.webp\",\"datePublished\":\"2025-11-30T15:22:16+00:00\",\"dateModified\":\"2026-04-29T06:22:20+00:00\",\"breadcrumb\":{\"@id\":\"https:\\\/\\\/www.oxysphair.be\\\/de\\\/produits\\\/schlafapnoe\\\/cpap-zubehor\\\/dreamwear-headgear\\\/#breadcrumb\"},\"inLanguage\":\"de\",\"potentialAction\":[{\"@type\":\"ReadAction\",\"target\":[\"https:\\\/\\\/www.oxysphair.be\\\/de\\\/produits\\\/schlafapnoe\\\/cpap-zubehor\\\/dreamwear-headgear\\\/\"]}]},{\"@type\":\"ImageObject\",\"inLanguage\":\"de\",\"@id\":\"https:\\\/\\\/www.oxysphair.be\\\/de\\\/produits\\\/schlafapnoe\\\/cpap-zubehor\\\/dreamwear-headgear\\\/#primaryimage\",\"url\":\"https:\\\/\\\/www.oxysphair.be\\\/wp-content\\\/uploads\\\/2025\\\/11\\\/9fd7c927bf3e4940909babbf00e3f8ee.webp\",\"contentUrl\":\"https:\\\/\\\/www.oxysphair.be\\\/wp-content\\\/uploads\\\/2025\\\/11\\\/9fd7c927bf3e4940909babbf00e3f8ee.webp\",\"width\":1250,\"height\":937},{\"@type\":\"BreadcrumbList\",\"@id\":\"https:\\\/\\\/www.oxysphair.be\\\/de\\\/produits\\\/schlafapnoe\\\/cpap-zubehor\\\/dreamwear-headgear\\\/#breadcrumb\",\"itemListElement\":[{\"@type\":\"ListItem\",\"position\":1,\"name\":\"Accueil\",\"item\":\"https:\\\/\\\/www.oxysphair.be\\\/de\\\/\"},{\"@type\":\"ListItem\",\"position\":2,\"name\":\"Produkte\",\"item\":\"https:\\\/\\\/www.oxysphair.be\\\/de\\\/shop-produkte\\\/\"},{\"@type\":\"ListItem\",\"position\":3,\"name\":\"DreamWear Headgear &#8211; Philips-Respironics\"}]},{\"@type\":\"WebSite\",\"@id\":\"https:\\\/\\\/www.oxysphair.be\\\/de\\\/#website\",\"url\":\"https:\\\/\\\/www.oxysphair.be\\\/de\\\/\",\"name\":\"Oxysphair\",\"description\":\"\",\"potentialAction\":[{\"@type\":\"SearchAction\",\"target\":{\"@type\":\"EntryPoint\",\"urlTemplate\":\"https:\\\/\\\/www.oxysphair.be\\\/de\\\/?s={search_term_string}\"},\"query-input\":{\"@type\":\"PropertyValueSpecification\",\"valueRequired\":true,\"valueName\":\"search_term_string\"}}],\"inLanguage\":\"de\"}]}<\/script>\n<!-- \/ Yoast SEO plugin. -->","yoast_head_json":{"title":"DreamWear Headgear - Philips-Respironics | Oxysphair","robots":{"index":"index","follow":"follow","max-snippet":"max-snippet:-1","max-image-preview":"max-image-preview:large","max-video-preview":"max-video-preview:-1"},"canonical":"https:\/\/www.oxysphair.be\/de\/produits\/schlafapnoe\/cpap-zubehor\/dreamwear-headgear\/","og_locale":"de_DE","og_type":"article","og_title":"DreamWear Headgear - Philips-Respironics | Oxysphair","og_description":"Le harnais DreamWear de Philips Respironics est un accessoire essentiel pour garantir un maintien stable et confortable de votre masque CPAP DreamWear, tout en offrant une libert\u00e9 de mouvement pendant le sommeil. Le harnais DreamWear de Philips Respironics est con\u00e7u pour remplacer ou renouveler le support de votre masque CPAP DreamWear. Gr\u00e2ce \u00e0 son tissu [&hellip;]","og_url":"https:\/\/www.oxysphair.be\/de\/produits\/schlafapnoe\/cpap-zubehor\/dreamwear-headgear\/","og_site_name":"Oxysphair","article_modified_time":"2026-04-29T06:22:20+00:00","og_image":[{"width":1250,"height":937,"url":"https:\/\/www.oxysphair.be\/wp-content\/uploads\/2025\/11\/9fd7c927bf3e4940909babbf00e3f8ee.webp","type":"image\/webp"}],"twitter_card":"summary_large_image","twitter_misc":{"Gesch\u00e4tzte Lesezeit":"2\u00a0Minuten"},"schema":{"@context":"https:\/\/schema.org","@graph":[{"@type":"WebPage","@id":"https:\/\/www.oxysphair.be\/de\/produits\/schlafapnoe\/cpap-zubehor\/dreamwear-headgear\/","url":"https:\/\/www.oxysphair.be\/de\/produits\/schlafapnoe\/cpap-zubehor\/dreamwear-headgear\/","name":"DreamWear Headgear - Philips-Respironics | Oxysphair","isPartOf":{"@id":"https:\/\/www.oxysphair.be\/de\/#website"},"primaryImageOfPage":{"@id":"https:\/\/www.oxysphair.be\/de\/produits\/schlafapnoe\/cpap-zubehor\/dreamwear-headgear\/#primaryimage"},"image":{"@id":"https:\/\/www.oxysphair.be\/de\/produits\/schlafapnoe\/cpap-zubehor\/dreamwear-headgear\/#primaryimage"},"thumbnailUrl":"https:\/\/www.oxysphair.be\/wp-content\/uploads\/2025\/11\/9fd7c927bf3e4940909babbf00e3f8ee.webp","datePublished":"2025-11-30T15:22:16+00:00","dateModified":"2026-04-29T06:22:20+00:00","breadcrumb":{"@id":"https:\/\/www.oxysphair.be\/de\/produits\/schlafapnoe\/cpap-zubehor\/dreamwear-headgear\/#breadcrumb"},"inLanguage":"de","potentialAction":[{"@type":"ReadAction","target":["https:\/\/www.oxysphair.be\/de\/produits\/schlafapnoe\/cpap-zubehor\/dreamwear-headgear\/"]}]},{"@type":"ImageObject","inLanguage":"de","@id":"https:\/\/www.oxysphair.be\/de\/produits\/schlafapnoe\/cpap-zubehor\/dreamwear-headgear\/#primaryimage","url":"https:\/\/www.oxysphair.be\/wp-content\/uploads\/2025\/11\/9fd7c927bf3e4940909babbf00e3f8ee.webp","contentUrl":"https:\/\/www.oxysphair.be\/wp-content\/uploads\/2025\/11\/9fd7c927bf3e4940909babbf00e3f8ee.webp","width":1250,"height":937},{"@type":"BreadcrumbList","@id":"https:\/\/www.oxysphair.be\/de\/produits\/schlafapnoe\/cpap-zubehor\/dreamwear-headgear\/#breadcrumb","itemListElement":[{"@type":"ListItem","position":1,"name":"Accueil","item":"https:\/\/www.oxysphair.be\/de\/"},{"@type":"ListItem","position":2,"name":"Produkte","item":"https:\/\/www.oxysphair.be\/de\/shop-produkte\/"},{"@type":"ListItem","position":3,"name":"DreamWear Headgear &#8211; Philips-Respironics"}]},{"@type":"WebSite","@id":"https:\/\/www.oxysphair.be\/de\/#website","url":"https:\/\/www.oxysphair.be\/de\/","name":"Oxysphair","description":"","potentialAction":[{"@type":"SearchAction","target":{"@type":"EntryPoint","urlTemplate":"https:\/\/www.oxysphair.be\/de\/?s={search_term_string}"},"query-input":{"@type":"PropertyValueSpecification","valueRequired":true,"valueName":"search_term_string"}}],"inLanguage":"de"}]}},"_links":{"self":[{"href":"https:\/\/www.oxysphair.be\/de\/wp-json\/wp\/v2\/product\/265710","targetHints":{"allow":["GET"]}}],"collection":[{"href":"https:\/\/www.oxysphair.be\/de\/wp-json\/wp\/v2\/product"}],"about":[{"href":"https:\/\/www.oxysphair.be\/de\/wp-json\/wp\/v2\/types\/product"}],"replies":[{"embeddable":true,"href":"https:\/\/www.oxysphair.be\/de\/wp-json\/wp\/v2\/comments?post=265710"}],"wp:featuredmedia":[{"embeddable":true,"href":"https:\/\/www.oxysphair.be\/de\/wp-json\/wp\/v2\/media\/266921"}],"wp:attachment":[{"href":"https:\/\/www.oxysphair.be\/de\/wp-json\/wp\/v2\/media?parent=265710"}],"wp:term":[{"taxonomy":"product_brand","embeddable":true,"href":"https:\/\/www.oxysphair.be\/de\/wp-json\/wp\/v2\/product_brand?post=265710"},{"taxonomy":"product_cat","embeddable":true,"href":"https:\/\/www.oxysphair.be\/de\/wp-json\/wp\/v2\/product_cat?post=265710"},{"taxonomy":"product_tag","embeddable":true,"href":"https:\/\/www.oxysphair.be\/de\/wp-json\/wp\/v2\/product_tag?post=265710"}],"curies":[{"name":"wp","href":"https:\/\/api.w.org\/{rel}","templated":true}]}}