{"id":267189,"date":"2026-01-31T12:20:31","date_gmt":"2026-01-31T11:20:31","guid":{"rendered":"https:\/\/www.oxysphair.be\/?post_type=product&#038;p=267189"},"modified":"2026-04-05T18:22:18","modified_gmt":"2026-04-05T16:22:18","slug":"mt-prisma-filtre-fin-pollen-set-de-12","status":"publish","type":"product","link":"https:\/\/www.oxysphair.be\/de\/produits\/schlafapnoe\/cpap-zubehor\/mt-prisma-filtre-fin-pollen-set-de-12\/","title":{"rendered":"MT Prisma Filtre fin\/ Pollen (Set de 12) &#8211; Loewenstein"},"content":{"rendered":"<p><strong>Filtre fin d\u2019origine Loewenstein Prisma<\/strong> pour le remplacement r\u00e9gulier de la filtration de votre appareil CPAP. Ce set de <strong>12 filtres \u00e0 pollen<\/strong> garantit une <strong>inspiration d\u2019air purifi\u00e9e<\/strong> et prot\u00e8ge votre dispositif contre la poussi\u00e8re et les microparticules.<\/p>\n<p>Le <strong>filtre fin Loewenstein Prisma<\/strong> est con\u00e7u pour assurer une <strong>filtration optimale des particules fines, du pollen et de la poussi\u00e8re<\/strong> pr\u00e9sentes dans l\u2019air ambiant. Compatible avec la <strong>s\u00e9rie PrismaLINE<\/strong> (Prisma SMART, Prisma 20A, 20C, 30ST), il contribue \u00e0 pr\u00e9server la performance de votre appareil et la qualit\u00e9 de votre th\u00e9rapie CPAP.<\/p>\n<p>Ces filtres \u00e0 usage unique sont livr\u00e9s par <strong>set de 12 pi\u00e8ces<\/strong>, afin de simplifier votre entretien habituel. Leur remplacement r\u00e9gulier permet de <strong>maintenir une ventilation propre et hygi\u00e9nique<\/strong> tout en prolongeant la dur\u00e9e de vie de votre appareil.<\/p>\n<h3>Type de produit<\/h3>\n<p>Filtre fin \/ filtre \u00e0 pollen pour appareils CPAP Loewenstein.<\/p>\n<h3>Compatibilit\u00e9<\/h3>\n<p>Compatible avec les dispositifs Loewenstein <strong>PrismaLINE<\/strong> : Prisma SMART, Prisma 20A, Prisma 20C, Prisma 30ST.<\/p>\n<h3>Mat\u00e9riaux<\/h3>\n<p>Structure en <strong>mousse synth\u00e9tique fine<\/strong> pour une r\u00e9tention optimale des particules l\u00e9g\u00e8res.<\/p>\n<h3>Entretien &amp; remplacement<\/h3>\n<p>Remplacer le filtre toutes les 4 semaines ou plus fr\u00e9quemment selon l\u2019environnement. \u00c9viter de laver le filtre. Jeter apr\u00e8s usage.<\/p>\n","protected":false},"excerpt":{"rendered":"<p>Filtre fin d\u2019origine Loewenstein Prisma pour le remplacement r\u00e9gulier de la filtration de votre appareil CPAP. Ce set de 12 filtres \u00e0 pollen garantit une inspiration d\u2019air purifi\u00e9e et prot\u00e8ge votre dispositif contre la poussi\u00e8re et les microparticules. Le filtre fin Loewenstein Prisma est con\u00e7u pour assurer une filtration optimale des particules fines, du pollen [&hellip;]<\/p>\n","protected":false},"featured_media":267243,"comment_status":"closed","ping_status":"closed","template":"","meta":{"_et_pb_use_builder":"","_et_pb_old_content":"","_et_gb_content_width":"","inline_featured_image":false},"product_brand":[145],"product_cat":[28],"product_tag":[],"class_list":{"0":"post-267189","1":"product","2":"type-product","3":"status-publish","4":"has-post-thumbnail","6":"product_brand-loewenstein","7":"product_cat-accessoires-cpap","8":"pa_brand-loewenstein","10":"first","11":"instock","12":"taxable","13":"shipping-taxable","14":"purchasable","15":"product-type-simple"},"acf":[],"yoast_head":"<!-- This site is optimized with the Yoast SEO plugin v27.3 - https:\/\/yoast.com\/product\/yoast-seo-wordpress\/ -->\n<title>MT Prisma Filtre fin\/ Pollen (Set de 12) - Loewenstein | Oxysphair<\/title>\n<meta name=\"robots\" content=\"index, follow, max-snippet:-1, max-image-preview:large, max-video-preview:-1\" \/>\n<link rel=\"canonical\" href=\"https:\/\/www.oxysphair.be\/de\/produits\/schlafapnoe\/cpap-zubehor\/mt-prisma-filtre-fin-pollen-set-de-12\/\" \/>\n<meta property=\"og:locale\" content=\"de_DE\" \/>\n<meta property=\"og:type\" content=\"article\" \/>\n<meta property=\"og:title\" content=\"MT Prisma Filtre fin\/ Pollen (Set de 12) - Loewenstein | Oxysphair\" \/>\n<meta property=\"og:description\" content=\"Filtre fin d\u2019origine Loewenstein Prisma pour le remplacement r\u00e9gulier de la filtration de votre appareil CPAP. Ce set de 12 filtres \u00e0 pollen garantit une inspiration d\u2019air purifi\u00e9e et prot\u00e8ge votre dispositif contre la poussi\u00e8re et les microparticules. Le filtre fin Loewenstein Prisma est con\u00e7u pour assurer une filtration optimale des particules fines, du pollen [&hellip;]\" \/>\n<meta property=\"og:url\" content=\"https:\/\/www.oxysphair.be\/de\/produits\/schlafapnoe\/cpap-zubehor\/mt-prisma-filtre-fin-pollen-set-de-12\/\" \/>\n<meta property=\"og:site_name\" content=\"Oxysphair\" \/>\n<meta property=\"article:modified_time\" content=\"2026-04-05T16:22:18+00:00\" \/>\n<meta property=\"og:image\" content=\"https:\/\/www.oxysphair.be\/wp-content\/uploads\/2026\/01\/Set-of-12-Pollen-Filters-LowenStein-Prisma-Line-WM-29652-pic00-a_b5f3c78f-a90d-4dd8-bf38-3e3dc556273a.webp\" \/>\n\t<meta property=\"og:image:width\" content=\"600\" \/>\n\t<meta property=\"og:image:height\" content=\"600\" \/>\n\t<meta property=\"og:image:type\" content=\"image\/webp\" \/>\n<meta name=\"twitter:card\" content=\"summary_large_image\" \/>\n<meta name=\"twitter:label1\" content=\"Gesch\u00e4tzte Lesezeit\" \/>\n\t<meta name=\"twitter:data1\" content=\"2\u00a0Minuten\" \/>\n<script type=\"application\/ld+json\" class=\"yoast-schema-graph\">{\"@context\":\"https:\\\/\\\/schema.org\",\"@graph\":[{\"@type\":\"WebPage\",\"@id\":\"https:\\\/\\\/www.oxysphair.be\\\/de\\\/produits\\\/schlafapnoe\\\/cpap-zubehor\\\/mt-prisma-filtre-fin-pollen-set-de-12\\\/\",\"url\":\"https:\\\/\\\/www.oxysphair.be\\\/de\\\/produits\\\/schlafapnoe\\\/cpap-zubehor\\\/mt-prisma-filtre-fin-pollen-set-de-12\\\/\",\"name\":\"MT Prisma Filtre fin\\\/ Pollen (Set de 12) - Loewenstein | Oxysphair\",\"isPartOf\":{\"@id\":\"https:\\\/\\\/www.oxysphair.be\\\/de\\\/#website\"},\"primaryImageOfPage\":{\"@id\":\"https:\\\/\\\/www.oxysphair.be\\\/de\\\/produits\\\/schlafapnoe\\\/cpap-zubehor\\\/mt-prisma-filtre-fin-pollen-set-de-12\\\/#primaryimage\"},\"image\":{\"@id\":\"https:\\\/\\\/www.oxysphair.be\\\/de\\\/produits\\\/schlafapnoe\\\/cpap-zubehor\\\/mt-prisma-filtre-fin-pollen-set-de-12\\\/#primaryimage\"},\"thumbnailUrl\":\"https:\\\/\\\/www.oxysphair.be\\\/wp-content\\\/uploads\\\/2026\\\/01\\\/Set-of-12-Pollen-Filters-LowenStein-Prisma-Line-WM-29652-pic00-a_b5f3c78f-a90d-4dd8-bf38-3e3dc556273a.webp\",\"datePublished\":\"2026-01-31T11:20:31+00:00\",\"dateModified\":\"2026-04-05T16:22:18+00:00\",\"breadcrumb\":{\"@id\":\"https:\\\/\\\/www.oxysphair.be\\\/de\\\/produits\\\/schlafapnoe\\\/cpap-zubehor\\\/mt-prisma-filtre-fin-pollen-set-de-12\\\/#breadcrumb\"},\"inLanguage\":\"de\",\"potentialAction\":[{\"@type\":\"ReadAction\",\"target\":[\"https:\\\/\\\/www.oxysphair.be\\\/de\\\/produits\\\/schlafapnoe\\\/cpap-zubehor\\\/mt-prisma-filtre-fin-pollen-set-de-12\\\/\"]}]},{\"@type\":\"ImageObject\",\"inLanguage\":\"de\",\"@id\":\"https:\\\/\\\/www.oxysphair.be\\\/de\\\/produits\\\/schlafapnoe\\\/cpap-zubehor\\\/mt-prisma-filtre-fin-pollen-set-de-12\\\/#primaryimage\",\"url\":\"https:\\\/\\\/www.oxysphair.be\\\/wp-content\\\/uploads\\\/2026\\\/01\\\/Set-of-12-Pollen-Filters-LowenStein-Prisma-Line-WM-29652-pic00-a_b5f3c78f-a90d-4dd8-bf38-3e3dc556273a.webp\",\"contentUrl\":\"https:\\\/\\\/www.oxysphair.be\\\/wp-content\\\/uploads\\\/2026\\\/01\\\/Set-of-12-Pollen-Filters-LowenStein-Prisma-Line-WM-29652-pic00-a_b5f3c78f-a90d-4dd8-bf38-3e3dc556273a.webp\",\"width\":600,\"height\":600},{\"@type\":\"BreadcrumbList\",\"@id\":\"https:\\\/\\\/www.oxysphair.be\\\/de\\\/produits\\\/schlafapnoe\\\/cpap-zubehor\\\/mt-prisma-filtre-fin-pollen-set-de-12\\\/#breadcrumb\",\"itemListElement\":[{\"@type\":\"ListItem\",\"position\":1,\"name\":\"Accueil\",\"item\":\"https:\\\/\\\/www.oxysphair.be\\\/de\\\/\"},{\"@type\":\"ListItem\",\"position\":2,\"name\":\"Produkte\",\"item\":\"https:\\\/\\\/www.oxysphair.be\\\/de\\\/shop-produkte\\\/\"},{\"@type\":\"ListItem\",\"position\":3,\"name\":\"MT Prisma Filtre fin\\\/ Pollen (Set de 12) &#8211; Loewenstein\"}]},{\"@type\":\"WebSite\",\"@id\":\"https:\\\/\\\/www.oxysphair.be\\\/de\\\/#website\",\"url\":\"https:\\\/\\\/www.oxysphair.be\\\/de\\\/\",\"name\":\"Oxysphair\",\"description\":\"\",\"potentialAction\":[{\"@type\":\"SearchAction\",\"target\":{\"@type\":\"EntryPoint\",\"urlTemplate\":\"https:\\\/\\\/www.oxysphair.be\\\/de\\\/?s={search_term_string}\"},\"query-input\":{\"@type\":\"PropertyValueSpecification\",\"valueRequired\":true,\"valueName\":\"search_term_string\"}}],\"inLanguage\":\"de\"}]}<\/script>\n<!-- \/ Yoast SEO plugin. -->","yoast_head_json":{"title":"MT Prisma Filtre fin\/ Pollen (Set de 12) - Loewenstein | Oxysphair","robots":{"index":"index","follow":"follow","max-snippet":"max-snippet:-1","max-image-preview":"max-image-preview:large","max-video-preview":"max-video-preview:-1"},"canonical":"https:\/\/www.oxysphair.be\/de\/produits\/schlafapnoe\/cpap-zubehor\/mt-prisma-filtre-fin-pollen-set-de-12\/","og_locale":"de_DE","og_type":"article","og_title":"MT Prisma Filtre fin\/ Pollen (Set de 12) - Loewenstein | Oxysphair","og_description":"Filtre fin d\u2019origine Loewenstein Prisma pour le remplacement r\u00e9gulier de la filtration de votre appareil CPAP. Ce set de 12 filtres \u00e0 pollen garantit une inspiration d\u2019air purifi\u00e9e et prot\u00e8ge votre dispositif contre la poussi\u00e8re et les microparticules. Le filtre fin Loewenstein Prisma est con\u00e7u pour assurer une filtration optimale des particules fines, du pollen [&hellip;]","og_url":"https:\/\/www.oxysphair.be\/de\/produits\/schlafapnoe\/cpap-zubehor\/mt-prisma-filtre-fin-pollen-set-de-12\/","og_site_name":"Oxysphair","article_modified_time":"2026-04-05T16:22:18+00:00","og_image":[{"width":600,"height":600,"url":"https:\/\/www.oxysphair.be\/wp-content\/uploads\/2026\/01\/Set-of-12-Pollen-Filters-LowenStein-Prisma-Line-WM-29652-pic00-a_b5f3c78f-a90d-4dd8-bf38-3e3dc556273a.webp","type":"image\/webp"}],"twitter_card":"summary_large_image","twitter_misc":{"Gesch\u00e4tzte Lesezeit":"2\u00a0Minuten"},"schema":{"@context":"https:\/\/schema.org","@graph":[{"@type":"WebPage","@id":"https:\/\/www.oxysphair.be\/de\/produits\/schlafapnoe\/cpap-zubehor\/mt-prisma-filtre-fin-pollen-set-de-12\/","url":"https:\/\/www.oxysphair.be\/de\/produits\/schlafapnoe\/cpap-zubehor\/mt-prisma-filtre-fin-pollen-set-de-12\/","name":"MT Prisma Filtre fin\/ Pollen (Set de 12) - Loewenstein | Oxysphair","isPartOf":{"@id":"https:\/\/www.oxysphair.be\/de\/#website"},"primaryImageOfPage":{"@id":"https:\/\/www.oxysphair.be\/de\/produits\/schlafapnoe\/cpap-zubehor\/mt-prisma-filtre-fin-pollen-set-de-12\/#primaryimage"},"image":{"@id":"https:\/\/www.oxysphair.be\/de\/produits\/schlafapnoe\/cpap-zubehor\/mt-prisma-filtre-fin-pollen-set-de-12\/#primaryimage"},"thumbnailUrl":"https:\/\/www.oxysphair.be\/wp-content\/uploads\/2026\/01\/Set-of-12-Pollen-Filters-LowenStein-Prisma-Line-WM-29652-pic00-a_b5f3c78f-a90d-4dd8-bf38-3e3dc556273a.webp","datePublished":"2026-01-31T11:20:31+00:00","dateModified":"2026-04-05T16:22:18+00:00","breadcrumb":{"@id":"https:\/\/www.oxysphair.be\/de\/produits\/schlafapnoe\/cpap-zubehor\/mt-prisma-filtre-fin-pollen-set-de-12\/#breadcrumb"},"inLanguage":"de","potentialAction":[{"@type":"ReadAction","target":["https:\/\/www.oxysphair.be\/de\/produits\/schlafapnoe\/cpap-zubehor\/mt-prisma-filtre-fin-pollen-set-de-12\/"]}]},{"@type":"ImageObject","inLanguage":"de","@id":"https:\/\/www.oxysphair.be\/de\/produits\/schlafapnoe\/cpap-zubehor\/mt-prisma-filtre-fin-pollen-set-de-12\/#primaryimage","url":"https:\/\/www.oxysphair.be\/wp-content\/uploads\/2026\/01\/Set-of-12-Pollen-Filters-LowenStein-Prisma-Line-WM-29652-pic00-a_b5f3c78f-a90d-4dd8-bf38-3e3dc556273a.webp","contentUrl":"https:\/\/www.oxysphair.be\/wp-content\/uploads\/2026\/01\/Set-of-12-Pollen-Filters-LowenStein-Prisma-Line-WM-29652-pic00-a_b5f3c78f-a90d-4dd8-bf38-3e3dc556273a.webp","width":600,"height":600},{"@type":"BreadcrumbList","@id":"https:\/\/www.oxysphair.be\/de\/produits\/schlafapnoe\/cpap-zubehor\/mt-prisma-filtre-fin-pollen-set-de-12\/#breadcrumb","itemListElement":[{"@type":"ListItem","position":1,"name":"Accueil","item":"https:\/\/www.oxysphair.be\/de\/"},{"@type":"ListItem","position":2,"name":"Produkte","item":"https:\/\/www.oxysphair.be\/de\/shop-produkte\/"},{"@type":"ListItem","position":3,"name":"MT Prisma Filtre fin\/ Pollen (Set de 12) &#8211; Loewenstein"}]},{"@type":"WebSite","@id":"https:\/\/www.oxysphair.be\/de\/#website","url":"https:\/\/www.oxysphair.be\/de\/","name":"Oxysphair","description":"","potentialAction":[{"@type":"SearchAction","target":{"@type":"EntryPoint","urlTemplate":"https:\/\/www.oxysphair.be\/de\/?s={search_term_string}"},"query-input":{"@type":"PropertyValueSpecification","valueRequired":true,"valueName":"search_term_string"}}],"inLanguage":"de"}]}},"_links":{"self":[{"href":"https:\/\/www.oxysphair.be\/de\/wp-json\/wp\/v2\/product\/267189","targetHints":{"allow":["GET"]}}],"collection":[{"href":"https:\/\/www.oxysphair.be\/de\/wp-json\/wp\/v2\/product"}],"about":[{"href":"https:\/\/www.oxysphair.be\/de\/wp-json\/wp\/v2\/types\/product"}],"replies":[{"embeddable":true,"href":"https:\/\/www.oxysphair.be\/de\/wp-json\/wp\/v2\/comments?post=267189"}],"wp:featuredmedia":[{"embeddable":true,"href":"https:\/\/www.oxysphair.be\/de\/wp-json\/wp\/v2\/media\/267243"}],"wp:attachment":[{"href":"https:\/\/www.oxysphair.be\/de\/wp-json\/wp\/v2\/media?parent=267189"}],"wp:term":[{"taxonomy":"product_brand","embeddable":true,"href":"https:\/\/www.oxysphair.be\/de\/wp-json\/wp\/v2\/product_brand?post=267189"},{"taxonomy":"product_cat","embeddable":true,"href":"https:\/\/www.oxysphair.be\/de\/wp-json\/wp\/v2\/product_cat?post=267189"},{"taxonomy":"product_tag","embeddable":true,"href":"https:\/\/www.oxysphair.be\/de\/wp-json\/wp\/v2\/product_tag?post=267189"}],"curies":[{"name":"wp","href":"https:\/\/api.w.org\/{rel}","templated":true}]}}