{"id":267982,"date":"2025-11-05T12:28:52","date_gmt":"2025-11-05T11:28:52","guid":{"rendered":"https:\/\/www.oxysphair.be\/?post_type=product&#038;p=267982"},"modified":"2026-03-03T11:47:24","modified_gmt":"2026-03-03T10:47:24","slug":"stationaerer-sauerstoffkonzentrator-zy-5ac-5-lpm-rhythm-healthcare","status":"publish","type":"product","link":"https:\/\/www.oxysphair.be\/de\/produits\/sauerstofftherapie\/stationaerer-sauerstoffkonzentrator-zy-5ac-5-lpm-rhythm-healthcare\/","title":{"rendered":"Station\u00e4rer Sauerstoffkonzentrator ZY-5AC \u2013 5 LPM \u2013 Rhythm Healthcare"},"content":{"rendered":"<p>[et_pb_section fb_built=&#8220;1&#8243; _builder_version=&#8220;4.16&#8243; custom_padding=&#8220;0px||||false|false&#8220; global_colors_info=&#8220;{}&#8220;][et_pb_row _builder_version=&#8220;4.16&#8243; background_size=&#8220;initial&#8220; background_position=&#8220;top_left&#8220; background_repeat=&#8220;repeat&#8220; width=&#8220;100%&#8220; custom_padding=&#8220;0px||0px||false|false&#8220; global_colors_info=&#8220;{}&#8220;][et_pb_column type=&#8220;4_4&#8243; _builder_version=&#8220;4.16&#8243; custom_padding=&#8220;|||&#8220; global_colors_info=&#8220;{}&#8220; custom_padding__hover=&#8220;|||&#8220;][et_pb_wc_breadcrumb _builder_version=&#8220;4.16&#8243; global_colors_info=&#8220;{}&#8220;][\/et_pb_wc_breadcrumb][et_pb_wc_cart_notice _builder_version=&#8220;4.16&#8243; global_colors_info=&#8220;{}&#8220;][\/et_pb_wc_cart_notice][\/et_pb_column][\/et_pb_row][et_pb_row _builder_version=&#8220;4.16&#8243; background_size=&#8220;initial&#8220; background_position=&#8220;top_left&#8220; background_repeat=&#8220;repeat&#8220; width=&#8220;100%&#8220; custom_padding=&#8220;0px||||false|false&#8220; global_colors_info=&#8220;{}&#8220; column_structure=&#8220;1_2,1_2&#8243;][et_pb_column type=&#8220;1_2&#8243; _builder_version=&#8220;4.16&#8243; custom_padding=&#8220;|||&#8220; global_colors_info=&#8220;{}&#8220; custom_padding__hover=&#8220;|||&#8220;][et_pb_wc_images _builder_version=&#8220;4.16&#8243; global_colors_info=&#8220;{}&#8220;][\/et_pb_wc_images][\/et_pb_column][et_pb_column type=&#8220;1_2&#8243; _builder_version=&#8220;4.16&#8243; custom_padding=&#8220;|||&#8220; global_colors_info=&#8220;{}&#8220; custom_padding__hover=&#8220;|||&#8220;][et_pb_wc_title _builder_version=&#8220;4.16&#8243; global_colors_info=&#8220;{}&#8220;][\/et_pb_wc_title][et_pb_wc_rating _builder_version=&#8220;4.16&#8243; global_colors_info=&#8220;{}&#8220;][\/et_pb_wc_rating][et_pb_wc_price _builder_version=&#8220;4.16&#8243; global_colors_info=&#8220;{}&#8220;][\/et_pb_wc_price][et_pb_wc_description _builder_version=&#8220;4.16&#8243; global_colors_info=&#8220;{}&#8220;][\/et_pb_wc_description][et_pb_wc_add_to_cart _builder_version=&#8220;4.16&#8243; global_colors_info=&#8220;{}&#8220;][\/et_pb_wc_add_to_cart][et_pb_wc_meta _builder_version=&#8220;4.16&#8243; global_colors_info=&#8220;{}&#8220;][\/et_pb_wc_meta][\/et_pb_column][\/et_pb_row][et_pb_row _builder_version=&#8220;4.16&#8243; background_size=&#8220;initial&#8220; background_position=&#8220;top_left&#8220; background_repeat=&#8220;repeat&#8220; width=&#8220;100%&#8220; global_colors_info=&#8220;{}&#8220;][et_pb_column type=&#8220;4_4&#8243; _builder_version=&#8220;4.16&#8243; custom_padding=&#8220;|||&#8220; global_colors_info=&#8220;{}&#8220; custom_padding__hover=&#8220;|||&#8220;][et_pb_wc_tabs _builder_version=&#8220;4.16&#8243; global_colors_info=&#8220;{}&#8220;]\t\t\t\t\t[\/et_pb_wc_tabs][et_pb_wc_upsells _builder_version=&#8220;4.16&#8243; global_colors_info=&#8220;{}&#8220;][\/et_pb_wc_upsells][et_pb_wc_related_products _builder_version=&#8220;4.16&#8243; global_colors_info=&#8220;{}&#8220;][\/et_pb_wc_related_products][\/et_pb_column][\/et_pb_row][\/et_pb_section][et_pb_section fb_built=&#8220;1&#8243; _builder_version=&#8220;4.16&#8243; custom_padding=&#8220;0px||||false|false&#8220; global_colors_info=&#8220;{}&#8220;][et_pb_row _builder_version=&#8220;4.16&#8243; background_size=&#8220;initial&#8220; background_position=&#8220;top_left&#8220; background_repeat=&#8220;repeat&#8220; width=&#8220;100%&#8220; custom_padding=&#8220;0px||0px||false|false&#8220; global_colors_info=&#8220;{}&#8220;][et_pb_column type=&#8220;4_4&#8243; _builder_version=&#8220;4.16&#8243; custom_padding=&#8220;|||&#8220; global_colors_info=&#8220;{}&#8220; custom_padding__hover=&#8220;|||&#8220;][et_pb_wc_breadcrumb _builder_version=&#8220;4.16&#8243; global_colors_info=&#8220;{}&#8220;][\/et_pb_wc_breadcrumb][et_pb_wc_cart_notice _builder_version=&#8220;4.16&#8243; global_colors_info=&#8220;{}&#8220;][\/et_pb_wc_cart_notice][\/et_pb_column][\/et_pb_row][et_pb_row column_structure=&#8220;1_2,1_2&#8243; _builder_version=&#8220;4.16&#8243; background_size=&#8220;initial&#8220; background_position=&#8220;top_left&#8220; background_repeat=&#8220;repeat&#8220; width=&#8220;100%&#8220; custom_padding=&#8220;0px||||false|false&#8220; global_colors_info=&#8220;{}&#8220;][et_pb_column type=&#8220;1_2&#8243; _builder_version=&#8220;4.16&#8243; custom_padding=&#8220;|||&#8220; global_colors_info=&#8220;{}&#8220; custom_padding__hover=&#8220;|||&#8220;][et_pb_wc_images _builder_version=&#8220;4.16&#8243; global_colors_info=&#8220;{}&#8220;][\/et_pb_wc_images][\/et_pb_column][et_pb_column type=&#8220;1_2&#8243; _builder_version=&#8220;4.16&#8243; custom_padding=&#8220;|||&#8220; global_colors_info=&#8220;{}&#8220; custom_padding__hover=&#8220;|||&#8220;][et_pb_wc_title _builder_version=&#8220;4.16&#8243; global_colors_info=&#8220;{}&#8220;][\/et_pb_wc_title][et_pb_wc_rating _builder_version=&#8220;4.16&#8243; global_colors_info=&#8220;{}&#8220;][\/et_pb_wc_rating][et_pb_wc_price _builder_version=&#8220;4.16&#8243; global_colors_info=&#8220;{}&#8220;][\/et_pb_wc_price][et_pb_wc_description _builder_version=&#8220;4.16&#8243; global_colors_info=&#8220;{}&#8220;][\/et_pb_wc_description][et_pb_wc_add_to_cart _builder_version=&#8220;4.16&#8243; global_colors_info=&#8220;{}&#8220;][\/et_pb_wc_add_to_cart][et_pb_wc_meta _builder_version=&#8220;4.16&#8243; global_colors_info=&#8220;{}&#8220;][\/et_pb_wc_meta][\/et_pb_column][\/et_pb_row][et_pb_row _builder_version=&#8220;4.16&#8243; background_size=&#8220;initial&#8220; background_position=&#8220;top_left&#8220; background_repeat=&#8220;repeat&#8220; width=&#8220;100%&#8220; global_colors_info=&#8220;{}&#8220;][et_pb_column type=&#8220;4_4&#8243; _builder_version=&#8220;4.16&#8243; custom_padding=&#8220;|||&#8220; global_colors_info=&#8220;{}&#8220; custom_padding__hover=&#8220;|||&#8220;][et_pb_wc_tabs _builder_version=&#8220;4.16&#8243; global_colors_info=&#8220;{}&#8220;]\t\t\t\t\t[\/et_pb_wc_tabs][et_pb_wc_upsells _builder_version=&#8220;4.16&#8243; global_colors_info=&#8220;{}&#8220;][\/et_pb_wc_upsells][et_pb_wc_related_products _builder_version=&#8220;4.16&#8243; global_colors_info=&#8220;{}&#8220;][\/et_pb_wc_related_products][\/et_pb_column][\/et_pb_row][\/et_pb_section]<\/p>\n","protected":false},"excerpt":{"rendered":"<p>Der station\u00e4re Sauerstoffkonzentrator ZY-5AC 5 LPM von Rhythm Healthcare ist eine zuverl\u00e4ssige, leise und leistungsstarke L\u00f6sung f\u00fcr die Sauerstofftherapie zu Hause. Er wurde f\u00fcr den intensiven t\u00e4glichen Gebrauch entwickelt und liefert eine hohe Sauerstoffkonzentration bei gleichzeitig optimalem Komfort. Sein einzigartiger Vorteil: <strong>Bei einem Ausfall wird er sofort ersetzt<\/strong>, sodass die Behandlung ohne Unterbrechung fortgesetzt werden kann und Sie sich keine Sorgen machen m\u00fcssen.<\/p>\n","protected":false},"featured_media":267158,"comment_status":"closed","ping_status":"closed","template":"","meta":{"_et_pb_use_builder":"on","_et_pb_old_content":"<h3>Atemkomfort, absolute Zuverl\u00e4ssigkeit und garantierter Direktersatz.<\/h3>\r\nDer Sauerstoffkonzentrator ZY-5AC von Rhythm Healthcare bietet eine leistungsstarke, leise und benutzerfreundliche L\u00f6sung f\u00fcr Patienten, die eine Sauerstofftherapie mit bis zu 5 Litern pro Minute ben\u00f6tigen. Dank seines robusten Designs, der integrierten Sicherheitsalarme und seiner einfachen Bedienung eignet er sich perfekt f\u00fcr den t\u00e4glichen Gebrauch zu Hause.\r\n\r\n<strong>Garantie: Im Falle einer St\u00f6rung ist der ZY-5AC der einzige Sauerstoffkonzentrator auf dem Markt, der direkt ausgetauscht wird, ohne dass Sie auf eine Reparatur warten m\u00fcssen. Ihr Ger\u00e4t wird gegen ein neues ausgetauscht. So profitieren Sie von einem Premium-Service, der Ihnen Sicherheit gibt.<\/strong>\r\n<h3>Hauptmerkmale:<\/h3>\r\n<ul>\r\n \t<li>Stabiler Sauerstoffdurchfluss bis zu 5 LPM (Liter pro Minute)<\/li>\r\n \t<li>Hohe Konzentration: 87 % bis 96 % reiner Sauerstoff<\/li>\r\n \t<li>Hoher Ausgangsdruck: 40\u201360 kPa f\u00fcr optimale Effizienz<\/li>\r\n \t<li>Einfache und schnelle Bedienung: intuitives Bedienfeld<\/li>\r\n \t<li>Umfassendes Alarmsystem: Temperatur, Verstopfung, Stromausfall, abnormaler Druck, Konzentration<\/li>\r\n \t<li>Ger\u00e4uscharm: f\u00fcr komfortablen Einsatz bei Tag und Nacht<\/li>\r\n \t<li>Einfache Wartung: schnelle und zug\u00e4ngliche Wartung<\/li>\r\n<\/ul>\r\n<h3>Technische Daten:<\/h3>\r\n<ul>\r\n \t<li>Stromversorgung: 230 V \u2013 50 Hz<\/li>\r\n \t<li>Leistungsaufnahme: &lt; 365 W<\/li>\r\n \t<li>Abmessungen: 43 x 36,5 x 65 cm<\/li>\r\n \t<li>Gewicht: 15,2 kg<\/li>\r\n \t<li>Klasse: Medizinprodukt der Klasse II, Typ B<\/li>\r\n \t<li>Garantie: 3 Jahre mit direktem Austausch im Falle eines Defekts<\/li>\r\n<\/ul>\r\n<h3>Warum sollten Sie sich f\u00fcr den ZY-5AC entscheiden?<\/h3>\r\n<ul>\r\n \t<li>Der einzige Sauerstoffkonzentrator mit sofortigem Austausch ohne Wartezeit.<\/li>\r\n \t<li>Entwickelt f\u00fcr den intensiven Einsatz bei maximaler Sicherheit.<\/li>\r\n \t<li>Hervorragende technische Zuverl\u00e4ssigkeit und ger\u00e4uscharm.<\/li>\r\n \t<li>Ideal f\u00fcr Menschen mit COPD, Ateminsuffizienz oder Langzeit-Sauerstofftherapie.<\/li>\r\n<\/ul>\r\n<strong>Bestellen Sie jetzt und profitieren Sie von einer zuverl\u00e4ssigen Sauerstofftherapie und einem exklusiven Service ohne Unterbrechung.<\/strong>","_et_gb_content_width":"","inline_featured_image":false},"product_brand":[234],"product_cat":[73],"product_tag":[],"class_list":{"0":"post-267982","1":"product","2":"type-product","3":"status-publish","4":"has-post-thumbnail","6":"product_brand-rhytm-healthcare","7":"product_cat-sauerstofftherapie","8":"pa_brand-rhytm-healthcare","10":"first","11":"instock","12":"taxable","13":"shipping-taxable","14":"purchasable","15":"product-type-simple"},"acf":[],"yoast_head":"<!-- This site is optimized with the Yoast SEO plugin v27.5 - https:\/\/yoast.com\/product\/yoast-seo-wordpress\/ -->\n<title>Station\u00e4rer Sauerstoffkonzentrator ZY-5AC \u2013 5 LPM \u2013 Rhythm Healthcare | Oxysphair<\/title>\n<meta name=\"robots\" content=\"index, follow, max-snippet:-1, max-image-preview:large, max-video-preview:-1\" \/>\n<link rel=\"canonical\" href=\"https:\/\/www.oxysphair.be\/de\/produits\/sauerstofftherapie\/stationaerer-sauerstoffkonzentrator-zy-5ac-5-lpm-rhythm-healthcare\/\" \/>\n<meta property=\"og:locale\" content=\"de_DE\" \/>\n<meta property=\"og:type\" content=\"article\" \/>\n<meta property=\"og:title\" content=\"Station\u00e4rer Sauerstoffkonzentrator ZY-5AC \u2013 5 LPM \u2013 Rhythm Healthcare | Oxysphair\" \/>\n<meta property=\"og:description\" content=\"Der station\u00e4re Sauerstoffkonzentrator ZY-5AC 5 LPM von Rhythm Healthcare ist eine zuverl\u00e4ssige, leise und leistungsstarke L\u00f6sung f\u00fcr die Sauerstofftherapie zu Hause. Er wurde f\u00fcr den intensiven t\u00e4glichen Gebrauch entwickelt und liefert eine hohe Sauerstoffkonzentration bei gleichzeitig optimalem Komfort. Sein einzigartiger Vorteil: Bei einem Ausfall wird er sofort ersetzt, sodass die Behandlung ohne Unterbrechung fortgesetzt werden kann und Sie sich keine Sorgen machen m\u00fcssen.\" \/>\n<meta property=\"og:url\" content=\"https:\/\/www.oxysphair.be\/de\/produits\/sauerstofftherapie\/stationaerer-sauerstoffkonzentrator-zy-5ac-5-lpm-rhythm-healthcare\/\" \/>\n<meta property=\"og:site_name\" content=\"Oxysphair\" \/>\n<meta property=\"article:modified_time\" content=\"2026-03-03T10:47:24+00:00\" \/>\n<meta property=\"og:image\" content=\"https:\/\/www.oxysphair.be\/wp-content\/uploads\/2025\/11\/4579583-20611666.webp\" \/>\n\t<meta property=\"og:image:width\" content=\"893\" \/>\n\t<meta property=\"og:image:height\" content=\"893\" \/>\n\t<meta property=\"og:image:type\" content=\"image\/webp\" \/>\n<meta name=\"twitter:card\" content=\"summary_large_image\" \/>\n<meta name=\"twitter:label1\" content=\"Gesch\u00e4tzte Lesezeit\" \/>\n\t<meta name=\"twitter:data1\" content=\"1\u00a0Minute\" \/>\n<script type=\"application\/ld+json\" class=\"yoast-schema-graph\">{\"@context\":\"https:\\\/\\\/schema.org\",\"@graph\":[{\"@type\":\"WebPage\",\"@id\":\"https:\\\/\\\/www.oxysphair.be\\\/de\\\/produits\\\/sauerstofftherapie\\\/stationaerer-sauerstoffkonzentrator-zy-5ac-5-lpm-rhythm-healthcare\\\/\",\"url\":\"https:\\\/\\\/www.oxysphair.be\\\/de\\\/produits\\\/sauerstofftherapie\\\/stationaerer-sauerstoffkonzentrator-zy-5ac-5-lpm-rhythm-healthcare\\\/\",\"name\":\"Station\u00e4rer Sauerstoffkonzentrator ZY-5AC \u2013 5 LPM \u2013 Rhythm Healthcare | Oxysphair\",\"isPartOf\":{\"@id\":\"https:\\\/\\\/www.oxysphair.be\\\/de\\\/#website\"},\"primaryImageOfPage\":{\"@id\":\"https:\\\/\\\/www.oxysphair.be\\\/de\\\/produits\\\/sauerstofftherapie\\\/stationaerer-sauerstoffkonzentrator-zy-5ac-5-lpm-rhythm-healthcare\\\/#primaryimage\"},\"image\":{\"@id\":\"https:\\\/\\\/www.oxysphair.be\\\/de\\\/produits\\\/sauerstofftherapie\\\/stationaerer-sauerstoffkonzentrator-zy-5ac-5-lpm-rhythm-healthcare\\\/#primaryimage\"},\"thumbnailUrl\":\"https:\\\/\\\/www.oxysphair.be\\\/wp-content\\\/uploads\\\/2025\\\/11\\\/4579583-20611666.webp\",\"datePublished\":\"2025-11-05T11:28:52+00:00\",\"dateModified\":\"2026-03-03T10:47:24+00:00\",\"breadcrumb\":{\"@id\":\"https:\\\/\\\/www.oxysphair.be\\\/de\\\/produits\\\/sauerstofftherapie\\\/stationaerer-sauerstoffkonzentrator-zy-5ac-5-lpm-rhythm-healthcare\\\/#breadcrumb\"},\"inLanguage\":\"de\",\"potentialAction\":[{\"@type\":\"ReadAction\",\"target\":[\"https:\\\/\\\/www.oxysphair.be\\\/de\\\/produits\\\/sauerstofftherapie\\\/stationaerer-sauerstoffkonzentrator-zy-5ac-5-lpm-rhythm-healthcare\\\/\"]}]},{\"@type\":\"ImageObject\",\"inLanguage\":\"de\",\"@id\":\"https:\\\/\\\/www.oxysphair.be\\\/de\\\/produits\\\/sauerstofftherapie\\\/stationaerer-sauerstoffkonzentrator-zy-5ac-5-lpm-rhythm-healthcare\\\/#primaryimage\",\"url\":\"https:\\\/\\\/www.oxysphair.be\\\/wp-content\\\/uploads\\\/2025\\\/11\\\/4579583-20611666.webp\",\"contentUrl\":\"https:\\\/\\\/www.oxysphair.be\\\/wp-content\\\/uploads\\\/2025\\\/11\\\/4579583-20611666.webp\",\"width\":893,\"height\":893},{\"@type\":\"BreadcrumbList\",\"@id\":\"https:\\\/\\\/www.oxysphair.be\\\/de\\\/produits\\\/sauerstofftherapie\\\/stationaerer-sauerstoffkonzentrator-zy-5ac-5-lpm-rhythm-healthcare\\\/#breadcrumb\",\"itemListElement\":[{\"@type\":\"ListItem\",\"position\":1,\"name\":\"Accueil\",\"item\":\"https:\\\/\\\/www.oxysphair.be\\\/de\\\/\"},{\"@type\":\"ListItem\",\"position\":2,\"name\":\"Produkte\",\"item\":\"https:\\\/\\\/www.oxysphair.be\\\/de\\\/shop-produkte\\\/\"},{\"@type\":\"ListItem\",\"position\":3,\"name\":\"Station\u00e4rer Sauerstoffkonzentrator ZY-5AC \u2013 5 LPM \u2013 Rhythm Healthcare\"}]},{\"@type\":\"WebSite\",\"@id\":\"https:\\\/\\\/www.oxysphair.be\\\/de\\\/#website\",\"url\":\"https:\\\/\\\/www.oxysphair.be\\\/de\\\/\",\"name\":\"Oxysphair\",\"description\":\"\",\"potentialAction\":[{\"@type\":\"SearchAction\",\"target\":{\"@type\":\"EntryPoint\",\"urlTemplate\":\"https:\\\/\\\/www.oxysphair.be\\\/de\\\/?s={search_term_string}\"},\"query-input\":{\"@type\":\"PropertyValueSpecification\",\"valueRequired\":true,\"valueName\":\"search_term_string\"}}],\"inLanguage\":\"de\"}]}<\/script>\n<!-- \/ Yoast SEO plugin. -->","yoast_head_json":{"title":"Station\u00e4rer Sauerstoffkonzentrator ZY-5AC \u2013 5 LPM \u2013 Rhythm Healthcare | Oxysphair","robots":{"index":"index","follow":"follow","max-snippet":"max-snippet:-1","max-image-preview":"max-image-preview:large","max-video-preview":"max-video-preview:-1"},"canonical":"https:\/\/www.oxysphair.be\/de\/produits\/sauerstofftherapie\/stationaerer-sauerstoffkonzentrator-zy-5ac-5-lpm-rhythm-healthcare\/","og_locale":"de_DE","og_type":"article","og_title":"Station\u00e4rer Sauerstoffkonzentrator ZY-5AC \u2013 5 LPM \u2013 Rhythm Healthcare | Oxysphair","og_description":"Der station\u00e4re Sauerstoffkonzentrator ZY-5AC 5 LPM von Rhythm Healthcare ist eine zuverl\u00e4ssige, leise und leistungsstarke L\u00f6sung f\u00fcr die Sauerstofftherapie zu Hause. Er wurde f\u00fcr den intensiven t\u00e4glichen Gebrauch entwickelt und liefert eine hohe Sauerstoffkonzentration bei gleichzeitig optimalem Komfort. Sein einzigartiger Vorteil: Bei einem Ausfall wird er sofort ersetzt, sodass die Behandlung ohne Unterbrechung fortgesetzt werden kann und Sie sich keine Sorgen machen m\u00fcssen.","og_url":"https:\/\/www.oxysphair.be\/de\/produits\/sauerstofftherapie\/stationaerer-sauerstoffkonzentrator-zy-5ac-5-lpm-rhythm-healthcare\/","og_site_name":"Oxysphair","article_modified_time":"2026-03-03T10:47:24+00:00","og_image":[{"width":893,"height":893,"url":"https:\/\/www.oxysphair.be\/wp-content\/uploads\/2025\/11\/4579583-20611666.webp","type":"image\/webp"}],"twitter_card":"summary_large_image","twitter_misc":{"Gesch\u00e4tzte Lesezeit":"1\u00a0Minute"},"schema":{"@context":"https:\/\/schema.org","@graph":[{"@type":"WebPage","@id":"https:\/\/www.oxysphair.be\/de\/produits\/sauerstofftherapie\/stationaerer-sauerstoffkonzentrator-zy-5ac-5-lpm-rhythm-healthcare\/","url":"https:\/\/www.oxysphair.be\/de\/produits\/sauerstofftherapie\/stationaerer-sauerstoffkonzentrator-zy-5ac-5-lpm-rhythm-healthcare\/","name":"Station\u00e4rer Sauerstoffkonzentrator ZY-5AC \u2013 5 LPM \u2013 Rhythm Healthcare | Oxysphair","isPartOf":{"@id":"https:\/\/www.oxysphair.be\/de\/#website"},"primaryImageOfPage":{"@id":"https:\/\/www.oxysphair.be\/de\/produits\/sauerstofftherapie\/stationaerer-sauerstoffkonzentrator-zy-5ac-5-lpm-rhythm-healthcare\/#primaryimage"},"image":{"@id":"https:\/\/www.oxysphair.be\/de\/produits\/sauerstofftherapie\/stationaerer-sauerstoffkonzentrator-zy-5ac-5-lpm-rhythm-healthcare\/#primaryimage"},"thumbnailUrl":"https:\/\/www.oxysphair.be\/wp-content\/uploads\/2025\/11\/4579583-20611666.webp","datePublished":"2025-11-05T11:28:52+00:00","dateModified":"2026-03-03T10:47:24+00:00","breadcrumb":{"@id":"https:\/\/www.oxysphair.be\/de\/produits\/sauerstofftherapie\/stationaerer-sauerstoffkonzentrator-zy-5ac-5-lpm-rhythm-healthcare\/#breadcrumb"},"inLanguage":"de","potentialAction":[{"@type":"ReadAction","target":["https:\/\/www.oxysphair.be\/de\/produits\/sauerstofftherapie\/stationaerer-sauerstoffkonzentrator-zy-5ac-5-lpm-rhythm-healthcare\/"]}]},{"@type":"ImageObject","inLanguage":"de","@id":"https:\/\/www.oxysphair.be\/de\/produits\/sauerstofftherapie\/stationaerer-sauerstoffkonzentrator-zy-5ac-5-lpm-rhythm-healthcare\/#primaryimage","url":"https:\/\/www.oxysphair.be\/wp-content\/uploads\/2025\/11\/4579583-20611666.webp","contentUrl":"https:\/\/www.oxysphair.be\/wp-content\/uploads\/2025\/11\/4579583-20611666.webp","width":893,"height":893},{"@type":"BreadcrumbList","@id":"https:\/\/www.oxysphair.be\/de\/produits\/sauerstofftherapie\/stationaerer-sauerstoffkonzentrator-zy-5ac-5-lpm-rhythm-healthcare\/#breadcrumb","itemListElement":[{"@type":"ListItem","position":1,"name":"Accueil","item":"https:\/\/www.oxysphair.be\/de\/"},{"@type":"ListItem","position":2,"name":"Produkte","item":"https:\/\/www.oxysphair.be\/de\/shop-produkte\/"},{"@type":"ListItem","position":3,"name":"Station\u00e4rer Sauerstoffkonzentrator ZY-5AC \u2013 5 LPM \u2013 Rhythm Healthcare"}]},{"@type":"WebSite","@id":"https:\/\/www.oxysphair.be\/de\/#website","url":"https:\/\/www.oxysphair.be\/de\/","name":"Oxysphair","description":"","potentialAction":[{"@type":"SearchAction","target":{"@type":"EntryPoint","urlTemplate":"https:\/\/www.oxysphair.be\/de\/?s={search_term_string}"},"query-input":{"@type":"PropertyValueSpecification","valueRequired":true,"valueName":"search_term_string"}}],"inLanguage":"de"}]}},"_links":{"self":[{"href":"https:\/\/www.oxysphair.be\/de\/wp-json\/wp\/v2\/product\/267982","targetHints":{"allow":["GET"]}}],"collection":[{"href":"https:\/\/www.oxysphair.be\/de\/wp-json\/wp\/v2\/product"}],"about":[{"href":"https:\/\/www.oxysphair.be\/de\/wp-json\/wp\/v2\/types\/product"}],"replies":[{"embeddable":true,"href":"https:\/\/www.oxysphair.be\/de\/wp-json\/wp\/v2\/comments?post=267982"}],"wp:featuredmedia":[{"embeddable":true,"href":"https:\/\/www.oxysphair.be\/de\/wp-json\/wp\/v2\/media\/267158"}],"wp:attachment":[{"href":"https:\/\/www.oxysphair.be\/de\/wp-json\/wp\/v2\/media?parent=267982"}],"wp:term":[{"taxonomy":"product_brand","embeddable":true,"href":"https:\/\/www.oxysphair.be\/de\/wp-json\/wp\/v2\/product_brand?post=267982"},{"taxonomy":"product_cat","embeddable":true,"href":"https:\/\/www.oxysphair.be\/de\/wp-json\/wp\/v2\/product_cat?post=267982"},{"taxonomy":"product_tag","embeddable":true,"href":"https:\/\/www.oxysphair.be\/de\/wp-json\/wp\/v2\/product_tag?post=267982"}],"curies":[{"name":"wp","href":"https:\/\/api.w.org\/{rel}","templated":true}]}}