{"id":268988,"date":"2024-02-06T17:14:59","date_gmt":"2024-02-06T16:14:59","guid":{"rendered":"https:\/\/www.oxysphair.be\/?post_type=product&#038;p=268988"},"modified":"2026-03-16T14:16:40","modified_gmt":"2026-03-16T13:16:40","slug":"starter-kit-o2-luftbefeuchter","status":"publish","type":"product","link":"https:\/\/www.oxysphair.be\/de\/produits\/sauerstofftherapie\/zubehor-fur-sauerstofftherapie\/starter-kit-o2-luftbefeuchter\/","title":{"rendered":"Starter kit O2 + Luftbefeuchter"},"content":{"rendered":"","protected":false},"excerpt":{"rendered":"<p>Das Sauerstoff-Starterkit enth\u00e4lt s\u00e4mtliches Zubeh\u00f6r, das f\u00fcr den Beginn einer Sauerstofftherapie erforderlich ist.<\/p>\n<p>Das O2-Starterkit enth\u00e4lt:<\/p>\n<ul>\n<li>6 Nasenkan\u00fclen f\u00fcr Erwachsene<\/li>\n<li>2 Verl\u00e4ngerungsschl\u00e4uche \u00e0 7,5 m<\/li>\n<li>2 O2-Anschl\u00fcsse<\/li>\n<li>3 Luftbefeuchter<\/li>\n<li>2 Verbindungsschl\u00e4uche \u00e0 53 cm<\/li>\n<\/ul>\n","protected":false},"featured_media":269418,"comment_status":"closed","ping_status":"closed","template":"","meta":{"_et_pb_use_builder":"","_et_pb_old_content":"","_et_gb_content_width":"","inline_featured_image":false},"product_brand":[218],"product_cat":[75],"product_tag":[],"class_list":{"0":"post-268988","1":"product","2":"type-product","3":"status-publish","4":"has-post-thumbnail","6":"product_brand-hum","7":"product_cat-zubehor-fur-sauerstofftherapie","9":"first","10":"instock","11":"taxable","12":"shipping-taxable","13":"purchasable","14":"product-type-simple"},"acf":[],"yoast_head":"<!-- This site is optimized with the Yoast SEO plugin v27.4 - https:\/\/yoast.com\/product\/yoast-seo-wordpress\/ -->\n<title>Starter kit O2 + Luftbefeuchter | Oxysphair<\/title>\n<meta name=\"robots\" content=\"index, follow, max-snippet:-1, max-image-preview:large, max-video-preview:-1\" \/>\n<link rel=\"canonical\" href=\"https:\/\/www.oxysphair.be\/de\/produits\/sauerstofftherapie\/zubehor-fur-sauerstofftherapie\/starter-kit-o2-luftbefeuchter\/\" \/>\n<meta property=\"og:locale\" content=\"de_DE\" \/>\n<meta property=\"og:type\" content=\"article\" \/>\n<meta property=\"og:title\" content=\"Starter kit O2 + Luftbefeuchter | Oxysphair\" \/>\n<meta property=\"og:description\" content=\"Das Sauerstoff-Starterkit enth\u00e4lt s\u00e4mtliches Zubeh\u00f6r, das f\u00fcr den Beginn einer Sauerstofftherapie erforderlich ist.  Das O2-Starterkit enth\u00e4lt:   6 Nasenkan\u00fclen f\u00fcr Erwachsene  2 Verl\u00e4ngerungsschl\u00e4uche \u00e0 7,5 m  2 O2-Anschl\u00fcsse  3 Luftbefeuchter  2 Verbindungsschl\u00e4uche \u00e0 53 cm\" \/>\n<meta property=\"og:url\" content=\"https:\/\/www.oxysphair.be\/de\/produits\/sauerstofftherapie\/zubehor-fur-sauerstofftherapie\/starter-kit-o2-luftbefeuchter\/\" \/>\n<meta property=\"og:site_name\" content=\"Oxysphair\" \/>\n<meta property=\"article:modified_time\" content=\"2026-03-16T13:16:40+00:00\" \/>\n<meta property=\"og:image\" content=\"https:\/\/www.oxysphair.be\/wp-content\/uploads\/2024\/02\/STK-O2.jpg\" \/>\n\t<meta property=\"og:image:width\" content=\"1536\" \/>\n\t<meta property=\"og:image:height\" content=\"1024\" \/>\n\t<meta property=\"og:image:type\" content=\"image\/jpeg\" \/>\n<meta name=\"twitter:card\" content=\"summary_large_image\" \/>\n<meta name=\"twitter:label1\" content=\"Gesch\u00e4tzte Lesezeit\" \/>\n\t<meta name=\"twitter:data1\" content=\"1\u00a0Minute\" \/>\n<script type=\"application\/ld+json\" class=\"yoast-schema-graph\">{\"@context\":\"https:\\\/\\\/schema.org\",\"@graph\":[{\"@type\":\"WebPage\",\"@id\":\"https:\\\/\\\/www.oxysphair.be\\\/de\\\/produits\\\/sauerstofftherapie\\\/zubehor-fur-sauerstofftherapie\\\/starter-kit-o2-luftbefeuchter\\\/\",\"url\":\"https:\\\/\\\/www.oxysphair.be\\\/de\\\/produits\\\/sauerstofftherapie\\\/zubehor-fur-sauerstofftherapie\\\/starter-kit-o2-luftbefeuchter\\\/\",\"name\":\"Starter kit O2 + Luftbefeuchter | Oxysphair\",\"isPartOf\":{\"@id\":\"https:\\\/\\\/www.oxysphair.be\\\/de\\\/#website\"},\"primaryImageOfPage\":{\"@id\":\"https:\\\/\\\/www.oxysphair.be\\\/de\\\/produits\\\/sauerstofftherapie\\\/zubehor-fur-sauerstofftherapie\\\/starter-kit-o2-luftbefeuchter\\\/#primaryimage\"},\"image\":{\"@id\":\"https:\\\/\\\/www.oxysphair.be\\\/de\\\/produits\\\/sauerstofftherapie\\\/zubehor-fur-sauerstofftherapie\\\/starter-kit-o2-luftbefeuchter\\\/#primaryimage\"},\"thumbnailUrl\":\"https:\\\/\\\/www.oxysphair.be\\\/wp-content\\\/uploads\\\/2024\\\/02\\\/STK-O2.jpg\",\"datePublished\":\"2024-02-06T16:14:59+00:00\",\"dateModified\":\"2026-03-16T13:16:40+00:00\",\"breadcrumb\":{\"@id\":\"https:\\\/\\\/www.oxysphair.be\\\/de\\\/produits\\\/sauerstofftherapie\\\/zubehor-fur-sauerstofftherapie\\\/starter-kit-o2-luftbefeuchter\\\/#breadcrumb\"},\"inLanguage\":\"de\",\"potentialAction\":[{\"@type\":\"ReadAction\",\"target\":[\"https:\\\/\\\/www.oxysphair.be\\\/de\\\/produits\\\/sauerstofftherapie\\\/zubehor-fur-sauerstofftherapie\\\/starter-kit-o2-luftbefeuchter\\\/\"]}]},{\"@type\":\"ImageObject\",\"inLanguage\":\"de\",\"@id\":\"https:\\\/\\\/www.oxysphair.be\\\/de\\\/produits\\\/sauerstofftherapie\\\/zubehor-fur-sauerstofftherapie\\\/starter-kit-o2-luftbefeuchter\\\/#primaryimage\",\"url\":\"https:\\\/\\\/www.oxysphair.be\\\/wp-content\\\/uploads\\\/2024\\\/02\\\/STK-O2.jpg\",\"contentUrl\":\"https:\\\/\\\/www.oxysphair.be\\\/wp-content\\\/uploads\\\/2024\\\/02\\\/STK-O2.jpg\",\"width\":1536,\"height\":1024},{\"@type\":\"BreadcrumbList\",\"@id\":\"https:\\\/\\\/www.oxysphair.be\\\/de\\\/produits\\\/sauerstofftherapie\\\/zubehor-fur-sauerstofftherapie\\\/starter-kit-o2-luftbefeuchter\\\/#breadcrumb\",\"itemListElement\":[{\"@type\":\"ListItem\",\"position\":1,\"name\":\"Accueil\",\"item\":\"https:\\\/\\\/www.oxysphair.be\\\/de\\\/\"},{\"@type\":\"ListItem\",\"position\":2,\"name\":\"Produkte\",\"item\":\"https:\\\/\\\/www.oxysphair.be\\\/de\\\/shop-produkte\\\/\"},{\"@type\":\"ListItem\",\"position\":3,\"name\":\"Starter kit O2 + Luftbefeuchter\"}]},{\"@type\":\"WebSite\",\"@id\":\"https:\\\/\\\/www.oxysphair.be\\\/de\\\/#website\",\"url\":\"https:\\\/\\\/www.oxysphair.be\\\/de\\\/\",\"name\":\"Oxysphair\",\"description\":\"\",\"potentialAction\":[{\"@type\":\"SearchAction\",\"target\":{\"@type\":\"EntryPoint\",\"urlTemplate\":\"https:\\\/\\\/www.oxysphair.be\\\/de\\\/?s={search_term_string}\"},\"query-input\":{\"@type\":\"PropertyValueSpecification\",\"valueRequired\":true,\"valueName\":\"search_term_string\"}}],\"inLanguage\":\"de\"}]}<\/script>\n<!-- \/ Yoast SEO plugin. -->","yoast_head_json":{"title":"Starter kit O2 + Luftbefeuchter | Oxysphair","robots":{"index":"index","follow":"follow","max-snippet":"max-snippet:-1","max-image-preview":"max-image-preview:large","max-video-preview":"max-video-preview:-1"},"canonical":"https:\/\/www.oxysphair.be\/de\/produits\/sauerstofftherapie\/zubehor-fur-sauerstofftherapie\/starter-kit-o2-luftbefeuchter\/","og_locale":"de_DE","og_type":"article","og_title":"Starter kit O2 + Luftbefeuchter | Oxysphair","og_description":"Das Sauerstoff-Starterkit enth\u00e4lt s\u00e4mtliches Zubeh\u00f6r, das f\u00fcr den Beginn einer Sauerstofftherapie erforderlich ist.  Das O2-Starterkit enth\u00e4lt:   6 Nasenkan\u00fclen f\u00fcr Erwachsene  2 Verl\u00e4ngerungsschl\u00e4uche \u00e0 7,5 m  2 O2-Anschl\u00fcsse  3 Luftbefeuchter  2 Verbindungsschl\u00e4uche \u00e0 53 cm","og_url":"https:\/\/www.oxysphair.be\/de\/produits\/sauerstofftherapie\/zubehor-fur-sauerstofftherapie\/starter-kit-o2-luftbefeuchter\/","og_site_name":"Oxysphair","article_modified_time":"2026-03-16T13:16:40+00:00","og_image":[{"width":1536,"height":1024,"url":"https:\/\/www.oxysphair.be\/wp-content\/uploads\/2024\/02\/STK-O2.jpg","type":"image\/jpeg"}],"twitter_card":"summary_large_image","twitter_misc":{"Gesch\u00e4tzte Lesezeit":"1\u00a0Minute"},"schema":{"@context":"https:\/\/schema.org","@graph":[{"@type":"WebPage","@id":"https:\/\/www.oxysphair.be\/de\/produits\/sauerstofftherapie\/zubehor-fur-sauerstofftherapie\/starter-kit-o2-luftbefeuchter\/","url":"https:\/\/www.oxysphair.be\/de\/produits\/sauerstofftherapie\/zubehor-fur-sauerstofftherapie\/starter-kit-o2-luftbefeuchter\/","name":"Starter kit O2 + Luftbefeuchter | Oxysphair","isPartOf":{"@id":"https:\/\/www.oxysphair.be\/de\/#website"},"primaryImageOfPage":{"@id":"https:\/\/www.oxysphair.be\/de\/produits\/sauerstofftherapie\/zubehor-fur-sauerstofftherapie\/starter-kit-o2-luftbefeuchter\/#primaryimage"},"image":{"@id":"https:\/\/www.oxysphair.be\/de\/produits\/sauerstofftherapie\/zubehor-fur-sauerstofftherapie\/starter-kit-o2-luftbefeuchter\/#primaryimage"},"thumbnailUrl":"https:\/\/www.oxysphair.be\/wp-content\/uploads\/2024\/02\/STK-O2.jpg","datePublished":"2024-02-06T16:14:59+00:00","dateModified":"2026-03-16T13:16:40+00:00","breadcrumb":{"@id":"https:\/\/www.oxysphair.be\/de\/produits\/sauerstofftherapie\/zubehor-fur-sauerstofftherapie\/starter-kit-o2-luftbefeuchter\/#breadcrumb"},"inLanguage":"de","potentialAction":[{"@type":"ReadAction","target":["https:\/\/www.oxysphair.be\/de\/produits\/sauerstofftherapie\/zubehor-fur-sauerstofftherapie\/starter-kit-o2-luftbefeuchter\/"]}]},{"@type":"ImageObject","inLanguage":"de","@id":"https:\/\/www.oxysphair.be\/de\/produits\/sauerstofftherapie\/zubehor-fur-sauerstofftherapie\/starter-kit-o2-luftbefeuchter\/#primaryimage","url":"https:\/\/www.oxysphair.be\/wp-content\/uploads\/2024\/02\/STK-O2.jpg","contentUrl":"https:\/\/www.oxysphair.be\/wp-content\/uploads\/2024\/02\/STK-O2.jpg","width":1536,"height":1024},{"@type":"BreadcrumbList","@id":"https:\/\/www.oxysphair.be\/de\/produits\/sauerstofftherapie\/zubehor-fur-sauerstofftherapie\/starter-kit-o2-luftbefeuchter\/#breadcrumb","itemListElement":[{"@type":"ListItem","position":1,"name":"Accueil","item":"https:\/\/www.oxysphair.be\/de\/"},{"@type":"ListItem","position":2,"name":"Produkte","item":"https:\/\/www.oxysphair.be\/de\/shop-produkte\/"},{"@type":"ListItem","position":3,"name":"Starter kit O2 + Luftbefeuchter"}]},{"@type":"WebSite","@id":"https:\/\/www.oxysphair.be\/de\/#website","url":"https:\/\/www.oxysphair.be\/de\/","name":"Oxysphair","description":"","potentialAction":[{"@type":"SearchAction","target":{"@type":"EntryPoint","urlTemplate":"https:\/\/www.oxysphair.be\/de\/?s={search_term_string}"},"query-input":{"@type":"PropertyValueSpecification","valueRequired":true,"valueName":"search_term_string"}}],"inLanguage":"de"}]}},"_links":{"self":[{"href":"https:\/\/www.oxysphair.be\/de\/wp-json\/wp\/v2\/product\/268988","targetHints":{"allow":["GET"]}}],"collection":[{"href":"https:\/\/www.oxysphair.be\/de\/wp-json\/wp\/v2\/product"}],"about":[{"href":"https:\/\/www.oxysphair.be\/de\/wp-json\/wp\/v2\/types\/product"}],"replies":[{"embeddable":true,"href":"https:\/\/www.oxysphair.be\/de\/wp-json\/wp\/v2\/comments?post=268988"}],"wp:featuredmedia":[{"embeddable":true,"href":"https:\/\/www.oxysphair.be\/de\/wp-json\/wp\/v2\/media\/269418"}],"wp:attachment":[{"href":"https:\/\/www.oxysphair.be\/de\/wp-json\/wp\/v2\/media?parent=268988"}],"wp:term":[{"taxonomy":"product_brand","embeddable":true,"href":"https:\/\/www.oxysphair.be\/de\/wp-json\/wp\/v2\/product_brand?post=268988"},{"taxonomy":"product_cat","embeddable":true,"href":"https:\/\/www.oxysphair.be\/de\/wp-json\/wp\/v2\/product_cat?post=268988"},{"taxonomy":"product_tag","embeddable":true,"href":"https:\/\/www.oxysphair.be\/de\/wp-json\/wp\/v2\/product_tag?post=268988"}],"curies":[{"name":"wp","href":"https:\/\/api.w.org\/{rel}","templated":true}]}}