{"id":253282,"date":"2024-02-06T17:14:52","date_gmt":"2024-02-06T16:14:52","guid":{"rendered":"https:\/\/oxysphair.poush-dev.be\/?post_type=product&#038;p=253282"},"modified":"2026-05-13T16:24:03","modified_gmt":"2026-05-13T14:24:03","slug":"joyce-one-neusmasker","status":"publish","type":"product","link":"https:\/\/www.oxysphair.be\/nl\/produits\/slaapapneu\/masker-cpap\/joyce-one-neusmasker\/","title":{"rendered":"JOYCE One Neusmasker"},"content":{"rendered":"<p>Moeizame aanpassingen behoren tot het verleden. Nu bieden wij u Joyce One, het one-size-fits-all beademingsmasker dat bijna iedereen past.<br \/>\nDit masker is het resultaat van jarenlange ervaring en expertise in maskers en is verkrijgbaar in neus- en volgelaatsmodellen.<\/p>\n<p>Ons huidige best verkochte masker op de internationale markten wordt geleverd in \u00e9\u00e9n maat die voor de meeste pati\u00ebnten een betrouwbare en absoluut nauwsluitende pasvorm biedt. Deze goede pasvorm wordt mogelijk gemaakt door het speciaal ontworpen maskerkussen en de nieuwe zeer flexibele voorhoofdsteun.<\/p>\n<p>Het beproefde kogelgewricht zorgt ervoor dat de tube op zijn plaats blijft.<br \/>\nNet als onze andere maskers laat de JOYCEone de uitgeademde lucht van de pati\u00ebnt zeer stil ontsnappen.<\/p>\n<h2><strong>Hand in hand: comfort en effectieve therapie\u00a0<\/strong><\/h2>\n<p>De voorhoofdssteunveer zorgt er automatisch voor dat de juiste afstand wordt aangehouden voor het comfort van de pati\u00ebnt en een effectieve behandeling. Het eenlaagse maskerkussen is al even goed ontworpen. Het vindt automatisch de ideale positie, ongeacht de grootte en vorm van de neus en het gezicht van de pati\u00ebnt.<\/p>\n<h2><strong>Het ontwerp zit in de details\u00a0<\/strong><\/h2>\n<p>Uw pati\u00ebnten zullen dol zijn op de JOYCEone! Dit masker biedt meer dan alleen een perfecte pasvorm en draagcomfort. De onmiskenbare kleurcodering van het hoofddeksel en de clips en de handige verzonken handgreep helpen uw pati\u00ebnt om de JOYCEone vanaf het begin snel en correct te monteren.<\/p>\n<h2><strong>Moderne effici\u00ebntie\u00a0<\/strong><\/h2>\n<p>Kortom, de intelligente JOYCEone helpt u tijd te besparen zonder afbreuk te doen aan de pati\u00ebntenzorg.<\/p>\n<p>JOYCEone is voor u!<\/p>\n<h2><strong>De voordelen van JOYCEone\u00a0<\/strong><\/h2>\n<ul>\n<li>Tijdsbesparing: automatische aanpassing van voorhoofdssteun en maskerkussen.<\/li>\n<li>Gemakkelijk aan te brengen: kleurgecodeerde hoofdband en clips.<\/li>\n<li>Voordelig: \u00e9\u00e9n maat voor de meeste pati\u00ebnten Praktisch: moeiteloze reiniging<\/li>\n<li>Comfortabel: stil en diffuus uitademingssysteem<\/li>\n<li>Stabiel: zeer resistente materialen<\/li>\n<\/ul>\n","protected":false},"excerpt":{"rendered":"<p>Ontdek het JOYCE One neusmasker: universele pasvorm, superieur comfort voor een ononderbroken nachtrust.<\/p>\n","protected":false},"featured_media":253952,"comment_status":"closed","ping_status":"closed","template":"","meta":{"_et_pb_use_builder":"","_et_pb_old_content":"","_et_gb_content_width":"","inline_featured_image":false},"product_brand":[222],"product_cat":[64,62],"product_tag":[],"class_list":{"0":"post-253282","1":"product","2":"type-product","3":"status-publish","4":"has-post-thumbnail","6":"product_brand-loewenstein","7":"product_cat-masker-cpap","8":"product_cat-slaapapneu","10":"first","11":"instock","12":"taxable","13":"shipping-taxable","14":"purchasable","15":"product-type-simple"},"acf":[],"yoast_head":"<!-- This site is optimized with the Yoast SEO plugin v27.6 - https:\/\/yoast.com\/product\/yoast-seo-wordpress\/ -->\n<title>JOYCE One Neusmasker | Oxysphair<\/title>\n<meta name=\"description\" content=\"Ontdek het JOYCE One neusmasker: universele pasvorm, superieur comfort voor een ononderbroken nachtrust.\" \/>\n<meta name=\"robots\" content=\"index, follow, max-snippet:-1, max-image-preview:large, max-video-preview:-1\" \/>\n<link rel=\"canonical\" href=\"https:\/\/www.oxysphair.be\/nl\/produits\/slaapapneu\/masker-cpap\/joyce-one-neusmasker\/\" \/>\n<meta property=\"og:locale\" content=\"nl_BE\" \/>\n<meta property=\"og:type\" content=\"article\" \/>\n<meta property=\"og:title\" content=\"JOYCE One Neusmasker | Oxysphair\" \/>\n<meta property=\"og:description\" content=\"Ontdek het JOYCE One neusmasker: universele pasvorm, superieur comfort voor een ononderbroken nachtrust.\" \/>\n<meta property=\"og:url\" content=\"https:\/\/www.oxysphair.be\/nl\/produits\/slaapapneu\/masker-cpap\/joyce-one-neusmasker\/\" \/>\n<meta property=\"og:site_name\" content=\"Oxysphair\" \/>\n<meta property=\"article:modified_time\" content=\"2026-05-13T14:24:03+00:00\" \/>\n<meta property=\"og:image\" content=\"https:\/\/www.oxysphair.be\/wp-content\/uploads\/2024\/02\/masque-nasal-joyce-one.jpeg\" \/>\n\t<meta property=\"og:image:width\" content=\"400\" \/>\n\t<meta property=\"og:image:height\" content=\"699\" \/>\n\t<meta property=\"og:image:type\" content=\"image\/jpeg\" \/>\n<meta name=\"twitter:card\" content=\"summary_large_image\" \/>\n<meta name=\"twitter:label1\" content=\"Geschatte leestijd\" \/>\n\t<meta name=\"twitter:data1\" content=\"2 minuten\" \/>\n<script type=\"application\/ld+json\" class=\"yoast-schema-graph\">{\"@context\":\"https:\\\/\\\/schema.org\",\"@graph\":[{\"@type\":\"WebPage\",\"@id\":\"https:\\\/\\\/www.oxysphair.be\\\/nl\\\/produits\\\/slaapapneu\\\/masker-cpap\\\/joyce-one-neusmasker\\\/\",\"url\":\"https:\\\/\\\/www.oxysphair.be\\\/nl\\\/produits\\\/slaapapneu\\\/masker-cpap\\\/joyce-one-neusmasker\\\/\",\"name\":\"JOYCE One Neusmasker | Oxysphair\",\"isPartOf\":{\"@id\":\"https:\\\/\\\/www.oxysphair.be\\\/nl\\\/#website\"},\"primaryImageOfPage\":{\"@id\":\"https:\\\/\\\/www.oxysphair.be\\\/nl\\\/produits\\\/slaapapneu\\\/masker-cpap\\\/joyce-one-neusmasker\\\/#primaryimage\"},\"image\":{\"@id\":\"https:\\\/\\\/www.oxysphair.be\\\/nl\\\/produits\\\/slaapapneu\\\/masker-cpap\\\/joyce-one-neusmasker\\\/#primaryimage\"},\"thumbnailUrl\":\"https:\\\/\\\/www.oxysphair.be\\\/wp-content\\\/uploads\\\/2024\\\/02\\\/masque-nasal-joyce-one.jpeg\",\"datePublished\":\"2024-02-06T16:14:52+00:00\",\"dateModified\":\"2026-05-13T14:24:03+00:00\",\"description\":\"Ontdek het JOYCE One neusmasker: universele pasvorm, superieur comfort voor een ononderbroken nachtrust.\",\"breadcrumb\":{\"@id\":\"https:\\\/\\\/www.oxysphair.be\\\/nl\\\/produits\\\/slaapapneu\\\/masker-cpap\\\/joyce-one-neusmasker\\\/#breadcrumb\"},\"inLanguage\":\"nl-BE\",\"potentialAction\":[{\"@type\":\"ReadAction\",\"target\":[\"https:\\\/\\\/www.oxysphair.be\\\/nl\\\/produits\\\/slaapapneu\\\/masker-cpap\\\/joyce-one-neusmasker\\\/\"]}]},{\"@type\":\"ImageObject\",\"inLanguage\":\"nl-BE\",\"@id\":\"https:\\\/\\\/www.oxysphair.be\\\/nl\\\/produits\\\/slaapapneu\\\/masker-cpap\\\/joyce-one-neusmasker\\\/#primaryimage\",\"url\":\"https:\\\/\\\/www.oxysphair.be\\\/wp-content\\\/uploads\\\/2024\\\/02\\\/masque-nasal-joyce-one.jpeg\",\"contentUrl\":\"https:\\\/\\\/www.oxysphair.be\\\/wp-content\\\/uploads\\\/2024\\\/02\\\/masque-nasal-joyce-one.jpeg\",\"width\":400,\"height\":699,\"caption\":\"masque nasal pour cpap joyce one\"},{\"@type\":\"BreadcrumbList\",\"@id\":\"https:\\\/\\\/www.oxysphair.be\\\/nl\\\/produits\\\/slaapapneu\\\/masker-cpap\\\/joyce-one-neusmasker\\\/#breadcrumb\",\"itemListElement\":[{\"@type\":\"ListItem\",\"position\":1,\"name\":\"Accueil\",\"item\":\"https:\\\/\\\/www.oxysphair.be\\\/nl\\\/\"},{\"@type\":\"ListItem\",\"position\":2,\"name\":\"Producten\",\"item\":\"https:\\\/\\\/www.oxysphair.be\\\/nl\\\/shop-producten\\\/\"},{\"@type\":\"ListItem\",\"position\":3,\"name\":\"JOYCE One Neusmasker\"}]},{\"@type\":\"WebSite\",\"@id\":\"https:\\\/\\\/www.oxysphair.be\\\/nl\\\/#website\",\"url\":\"https:\\\/\\\/www.oxysphair.be\\\/nl\\\/\",\"name\":\"Oxysphair\",\"description\":\"\",\"potentialAction\":[{\"@type\":\"SearchAction\",\"target\":{\"@type\":\"EntryPoint\",\"urlTemplate\":\"https:\\\/\\\/www.oxysphair.be\\\/nl\\\/?s={search_term_string}\"},\"query-input\":{\"@type\":\"PropertyValueSpecification\",\"valueRequired\":true,\"valueName\":\"search_term_string\"}}],\"inLanguage\":\"nl-BE\"}]}<\/script>\n<!-- \/ Yoast SEO plugin. -->","yoast_head_json":{"title":"JOYCE One Neusmasker | Oxysphair","description":"Ontdek het JOYCE One neusmasker: universele pasvorm, superieur comfort voor een ononderbroken nachtrust.","robots":{"index":"index","follow":"follow","max-snippet":"max-snippet:-1","max-image-preview":"max-image-preview:large","max-video-preview":"max-video-preview:-1"},"canonical":"https:\/\/www.oxysphair.be\/nl\/produits\/slaapapneu\/masker-cpap\/joyce-one-neusmasker\/","og_locale":"nl_BE","og_type":"article","og_title":"JOYCE One Neusmasker | Oxysphair","og_description":"Ontdek het JOYCE One neusmasker: universele pasvorm, superieur comfort voor een ononderbroken nachtrust.","og_url":"https:\/\/www.oxysphair.be\/nl\/produits\/slaapapneu\/masker-cpap\/joyce-one-neusmasker\/","og_site_name":"Oxysphair","article_modified_time":"2026-05-13T14:24:03+00:00","og_image":[{"width":400,"height":699,"url":"https:\/\/www.oxysphair.be\/wp-content\/uploads\/2024\/02\/masque-nasal-joyce-one.jpeg","type":"image\/jpeg"}],"twitter_card":"summary_large_image","twitter_misc":{"Geschatte leestijd":"2 minuten"},"schema":{"@context":"https:\/\/schema.org","@graph":[{"@type":"WebPage","@id":"https:\/\/www.oxysphair.be\/nl\/produits\/slaapapneu\/masker-cpap\/joyce-one-neusmasker\/","url":"https:\/\/www.oxysphair.be\/nl\/produits\/slaapapneu\/masker-cpap\/joyce-one-neusmasker\/","name":"JOYCE One Neusmasker | Oxysphair","isPartOf":{"@id":"https:\/\/www.oxysphair.be\/nl\/#website"},"primaryImageOfPage":{"@id":"https:\/\/www.oxysphair.be\/nl\/produits\/slaapapneu\/masker-cpap\/joyce-one-neusmasker\/#primaryimage"},"image":{"@id":"https:\/\/www.oxysphair.be\/nl\/produits\/slaapapneu\/masker-cpap\/joyce-one-neusmasker\/#primaryimage"},"thumbnailUrl":"https:\/\/www.oxysphair.be\/wp-content\/uploads\/2024\/02\/masque-nasal-joyce-one.jpeg","datePublished":"2024-02-06T16:14:52+00:00","dateModified":"2026-05-13T14:24:03+00:00","description":"Ontdek het JOYCE One neusmasker: universele pasvorm, superieur comfort voor een ononderbroken nachtrust.","breadcrumb":{"@id":"https:\/\/www.oxysphair.be\/nl\/produits\/slaapapneu\/masker-cpap\/joyce-one-neusmasker\/#breadcrumb"},"inLanguage":"nl-BE","potentialAction":[{"@type":"ReadAction","target":["https:\/\/www.oxysphair.be\/nl\/produits\/slaapapneu\/masker-cpap\/joyce-one-neusmasker\/"]}]},{"@type":"ImageObject","inLanguage":"nl-BE","@id":"https:\/\/www.oxysphair.be\/nl\/produits\/slaapapneu\/masker-cpap\/joyce-one-neusmasker\/#primaryimage","url":"https:\/\/www.oxysphair.be\/wp-content\/uploads\/2024\/02\/masque-nasal-joyce-one.jpeg","contentUrl":"https:\/\/www.oxysphair.be\/wp-content\/uploads\/2024\/02\/masque-nasal-joyce-one.jpeg","width":400,"height":699,"caption":"masque nasal pour cpap joyce one"},{"@type":"BreadcrumbList","@id":"https:\/\/www.oxysphair.be\/nl\/produits\/slaapapneu\/masker-cpap\/joyce-one-neusmasker\/#breadcrumb","itemListElement":[{"@type":"ListItem","position":1,"name":"Accueil","item":"https:\/\/www.oxysphair.be\/nl\/"},{"@type":"ListItem","position":2,"name":"Producten","item":"https:\/\/www.oxysphair.be\/nl\/shop-producten\/"},{"@type":"ListItem","position":3,"name":"JOYCE One Neusmasker"}]},{"@type":"WebSite","@id":"https:\/\/www.oxysphair.be\/nl\/#website","url":"https:\/\/www.oxysphair.be\/nl\/","name":"Oxysphair","description":"","potentialAction":[{"@type":"SearchAction","target":{"@type":"EntryPoint","urlTemplate":"https:\/\/www.oxysphair.be\/nl\/?s={search_term_string}"},"query-input":{"@type":"PropertyValueSpecification","valueRequired":true,"valueName":"search_term_string"}}],"inLanguage":"nl-BE"}]}},"_links":{"self":[{"href":"https:\/\/www.oxysphair.be\/nl\/wp-json\/wp\/v2\/product\/253282","targetHints":{"allow":["GET"]}}],"collection":[{"href":"https:\/\/www.oxysphair.be\/nl\/wp-json\/wp\/v2\/product"}],"about":[{"href":"https:\/\/www.oxysphair.be\/nl\/wp-json\/wp\/v2\/types\/product"}],"replies":[{"embeddable":true,"href":"https:\/\/www.oxysphair.be\/nl\/wp-json\/wp\/v2\/comments?post=253282"}],"wp:featuredmedia":[{"embeddable":true,"href":"https:\/\/www.oxysphair.be\/nl\/wp-json\/wp\/v2\/media\/253952"}],"wp:attachment":[{"href":"https:\/\/www.oxysphair.be\/nl\/wp-json\/wp\/v2\/media?parent=253282"}],"wp:term":[{"taxonomy":"product_brand","embeddable":true,"href":"https:\/\/www.oxysphair.be\/nl\/wp-json\/wp\/v2\/product_brand?post=253282"},{"taxonomy":"product_cat","embeddable":true,"href":"https:\/\/www.oxysphair.be\/nl\/wp-json\/wp\/v2\/product_cat?post=253282"},{"taxonomy":"product_tag","embeddable":true,"href":"https:\/\/www.oxysphair.be\/nl\/wp-json\/wp\/v2\/product_tag?post=253282"}],"curies":[{"name":"wp","href":"https:\/\/api.w.org\/{rel}","templated":true}]}}