{"id":253292,"date":"2024-02-06T17:14:53","date_gmt":"2024-02-06T16:14:53","guid":{"rendered":"https:\/\/oxysphair.poush-dev.be\/?post_type=product&#038;p=253292"},"modified":"2026-04-12T16:24:08","modified_gmt":"2026-04-12T14:24:08","slug":"masque-nasal-dreamwear-fitpack","status":"publish","type":"product","link":"https:\/\/www.oxysphair.be\/nl\/produits\/slaapapneu\/masker-cpap\/masque-nasal-dreamwear-fitpack\/","title":{"rendered":"DreamWear Nasal Under The Nose &#8211; Fitpack"},"content":{"rendered":"<h2><strong>Productkenmerken<\/strong><\/h2>\n<p>Het DreamWear Nasaal CPAP-masker met hoofddeksel &#8211; Fit Pack (alle kussens zijn inbegrepen bij het medium frame) is een masker met minimaal contact, ontworpen om gebruikers te helpen meerdere slaaphoudingen aan te nemen. Het is een neusmasker dat therapie biedt door beide neusgaten te bedekken.<\/p>\n<h2><strong>Kenmerken<\/strong><\/h2>\n<ul>\n<li>Innovatief buisvormig frame<\/li>\n<li>Ontwerp met minimaal contact<\/li>\n<li>Meerdere kussens inbegrepen<\/li>\n<li>Slangaansluiting bovenaan het hoofd<\/li>\n<li>Inclusief stoffen bekleding<\/li>\n<li>Innovatief buisvormig frame<\/li>\n<\/ul>\n<p>Het DreamWear CPAP-maskerframe is zo ontworpen dat er lucht doorheen kan stromen naar het neuskussen. Het frame bestaat uit \u00e9\u00e9n stuk met aansluitingen voor de slangelleboog, het hoofddeksel en het neuskussen. Als \u00e9\u00e9n kant van het frame gesloten is wanneer het wordt gemonteerd, kan de luchtstroom volledig door de andere kant stromen zonder de therapiedruk negatief te be\u00efnvloeden. Het medium frame is inbegrepen in dit paspakket, maar is desgewenst ook verkrijgbaar in andere maten. DreamWear frames en kussens zijn onderling uitwisselbaar, dus elke framemaat past op elke kussenmaat.<\/p>\n<h2><strong>Ontwerp met minimaal contact<\/strong><\/h2>\n<p>Het DreamWear-masker heeft een kussen dat onder de neus zit en beide neusgaten afsluit zonder dat de hele neus bedekt hoeft te worden. Dit vermindert het ongemak en de irritatie van de neusbrug die meer traditionele maskers kunnen veroorzaken. Het ontwerp laat de gezichtslijn open voor lezen en tv-kijken voor het slapen gaan.<\/p>\n<h2><strong>Meerdere kussens inbegrepen<\/strong><\/h2>\n<p>Het DreamWear Fit-pakket bevat alle vier maten DreamWear neuskussens: small, medium, medium large en large. Elk formaat kussen past op elk formaat frame, dus zodra de gewenste pasvorm is gevonden, kunnen vervangingen in de gewenste maat worden gekocht. Deze pasvormset bevat het medium kussen dat de meeste gebruikers zal passen.<\/p>\n<h2><strong>Slangaansluiting bovenaan het hoofd<\/strong><\/h2>\n<p>Het Dreamwear-frame is ontworpen met de elleboog aan de bovenkant van het hoofd, zodat de slang over de gebruiker kan worden geleid voor optimaal comfort. Dit ontwerp ontlast de voorkant van het masker en zorgt &#8217;s nachts voor een stabielere afdichting. De elleboog kan vrij in de connector draaien om actieve slapers te helpen een correcte maskerpositionering te behouden wanneer de slaaphouding verandert.<\/p>\n<h2><strong>Inbegrepen stoffen hoezen<\/strong><\/h2>\n<p>De DreamWear wordt geleverd met twee stoffen hoezen met klittenbandsluiting voor snelle en eenvoudige plaatsing op het maskerframe. De hoezen zijn bedoeld om over het wanggedeelte van het maskerframe te plaatsen om het comfort te verhogen en irritatie te verminderen.<\/p>\n","protected":false},"excerpt":{"rendered":"<p>Het DreamWear neusmasker met hoofddeksel is een revolutionaire doorbraak, een neuskussen onder de neus met een zacht frame waar de luchtstroom doorheen gaat. Een hybride van een neuskussen en een neusmasker! Het FitPack bevat een medium frame met 4 kussenmaten.<\/p>\n","protected":false},"featured_media":253879,"comment_status":"closed","ping_status":"closed","template":"","meta":{"_et_pb_use_builder":"","_et_pb_old_content":"","_et_gb_content_width":"","inline_featured_image":false},"product_brand":[227],"product_cat":[64],"product_tag":[],"class_list":{"0":"post-253292","1":"product","2":"type-product","3":"status-publish","4":"has-post-thumbnail","6":"product_brand-philips-respironics","7":"product_cat-masker-cpap","9":"first","10":"instock","11":"taxable","12":"shipping-taxable","13":"purchasable","14":"product-type-simple"},"acf":[],"yoast_head":"<!-- This site is optimized with the Yoast SEO plugin v27.3 - https:\/\/yoast.com\/product\/yoast-seo-wordpress\/ -->\n<title>DreamWear Nasal Under The Nose - Fitpack | Oxysphair<\/title>\n<meta name=\"description\" content=\"Geniet van het DreamWear neusmasker onder je neus voor onbeperkte slaap en ultiem comfort dankzij het unieke ontwerp.\" \/>\n<meta name=\"robots\" content=\"index, follow, max-snippet:-1, max-image-preview:large, max-video-preview:-1\" \/>\n<link rel=\"canonical\" href=\"https:\/\/www.oxysphair.be\/nl\/produits\/slaapapneu\/masker-cpap\/masque-nasal-dreamwear-fitpack\/\" \/>\n<meta property=\"og:locale\" content=\"nl_BE\" \/>\n<meta property=\"og:type\" content=\"article\" \/>\n<meta property=\"og:title\" content=\"DreamWear Nasal Under The Nose - Fitpack | Oxysphair\" \/>\n<meta property=\"og:description\" content=\"Geniet van het DreamWear neusmasker onder je neus voor onbeperkte slaap en ultiem comfort dankzij het unieke ontwerp.\" \/>\n<meta property=\"og:url\" content=\"https:\/\/www.oxysphair.be\/nl\/produits\/slaapapneu\/masker-cpap\/masque-nasal-dreamwear-fitpack\/\" \/>\n<meta property=\"og:site_name\" content=\"Oxysphair\" \/>\n<meta property=\"article:modified_time\" content=\"2026-04-12T14:24:08+00:00\" \/>\n<meta property=\"og:image\" content=\"https:\/\/www.oxysphair.be\/wp-content\/uploads\/2024\/02\/philips-respironics-dreamwear-under-the-nose-cpap.jpg.png\" \/>\n\t<meta property=\"og:image:width\" content=\"750\" \/>\n\t<meta property=\"og:image:height\" content=\"562\" \/>\n\t<meta property=\"og:image:type\" content=\"image\/png\" \/>\n<meta name=\"twitter:card\" content=\"summary_large_image\" \/>\n<meta name=\"twitter:label1\" content=\"Geschatte leestijd\" \/>\n\t<meta name=\"twitter:data1\" content=\"3 minuten\" \/>\n<script type=\"application\/ld+json\" class=\"yoast-schema-graph\">{\"@context\":\"https:\\\/\\\/schema.org\",\"@graph\":[{\"@type\":\"WebPage\",\"@id\":\"https:\\\/\\\/www.oxysphair.be\\\/nl\\\/produits\\\/slaapapneu\\\/masker-cpap\\\/masque-nasal-dreamwear-fitpack\\\/\",\"url\":\"https:\\\/\\\/www.oxysphair.be\\\/nl\\\/produits\\\/slaapapneu\\\/masker-cpap\\\/masque-nasal-dreamwear-fitpack\\\/\",\"name\":\"DreamWear Nasal Under The Nose - Fitpack | Oxysphair\",\"isPartOf\":{\"@id\":\"https:\\\/\\\/www.oxysphair.be\\\/nl\\\/#website\"},\"primaryImageOfPage\":{\"@id\":\"https:\\\/\\\/www.oxysphair.be\\\/nl\\\/produits\\\/slaapapneu\\\/masker-cpap\\\/masque-nasal-dreamwear-fitpack\\\/#primaryimage\"},\"image\":{\"@id\":\"https:\\\/\\\/www.oxysphair.be\\\/nl\\\/produits\\\/slaapapneu\\\/masker-cpap\\\/masque-nasal-dreamwear-fitpack\\\/#primaryimage\"},\"thumbnailUrl\":\"https:\\\/\\\/www.oxysphair.be\\\/wp-content\\\/uploads\\\/2024\\\/02\\\/philips-respironics-dreamwear-under-the-nose-cpap.jpg.png\",\"datePublished\":\"2024-02-06T16:14:53+00:00\",\"dateModified\":\"2026-04-12T14:24:08+00:00\",\"description\":\"Geniet van het DreamWear neusmasker onder je neus voor onbeperkte slaap en ultiem comfort dankzij het unieke ontwerp.\",\"breadcrumb\":{\"@id\":\"https:\\\/\\\/www.oxysphair.be\\\/nl\\\/produits\\\/slaapapneu\\\/masker-cpap\\\/masque-nasal-dreamwear-fitpack\\\/#breadcrumb\"},\"inLanguage\":\"nl-BE\",\"potentialAction\":[{\"@type\":\"ReadAction\",\"target\":[\"https:\\\/\\\/www.oxysphair.be\\\/nl\\\/produits\\\/slaapapneu\\\/masker-cpap\\\/masque-nasal-dreamwear-fitpack\\\/\"]}]},{\"@type\":\"ImageObject\",\"inLanguage\":\"nl-BE\",\"@id\":\"https:\\\/\\\/www.oxysphair.be\\\/nl\\\/produits\\\/slaapapneu\\\/masker-cpap\\\/masque-nasal-dreamwear-fitpack\\\/#primaryimage\",\"url\":\"https:\\\/\\\/www.oxysphair.be\\\/wp-content\\\/uploads\\\/2024\\\/02\\\/philips-respironics-dreamwear-under-the-nose-cpap.jpg.png\",\"contentUrl\":\"https:\\\/\\\/www.oxysphair.be\\\/wp-content\\\/uploads\\\/2024\\\/02\\\/philips-respironics-dreamwear-under-the-nose-cpap.jpg.png\",\"width\":750,\"height\":562,\"caption\":\"masque nasal pour cpap dreamwear - fitpack\"},{\"@type\":\"BreadcrumbList\",\"@id\":\"https:\\\/\\\/www.oxysphair.be\\\/nl\\\/produits\\\/slaapapneu\\\/masker-cpap\\\/masque-nasal-dreamwear-fitpack\\\/#breadcrumb\",\"itemListElement\":[{\"@type\":\"ListItem\",\"position\":1,\"name\":\"Accueil\",\"item\":\"https:\\\/\\\/www.oxysphair.be\\\/nl\\\/\"},{\"@type\":\"ListItem\",\"position\":2,\"name\":\"Producten\",\"item\":\"https:\\\/\\\/www.oxysphair.be\\\/nl\\\/shop-producten\\\/\"},{\"@type\":\"ListItem\",\"position\":3,\"name\":\"DreamWear Nasal Under The Nose &#8211; Fitpack\"}]},{\"@type\":\"WebSite\",\"@id\":\"https:\\\/\\\/www.oxysphair.be\\\/nl\\\/#website\",\"url\":\"https:\\\/\\\/www.oxysphair.be\\\/nl\\\/\",\"name\":\"Oxysphair\",\"description\":\"\",\"potentialAction\":[{\"@type\":\"SearchAction\",\"target\":{\"@type\":\"EntryPoint\",\"urlTemplate\":\"https:\\\/\\\/www.oxysphair.be\\\/nl\\\/?s={search_term_string}\"},\"query-input\":{\"@type\":\"PropertyValueSpecification\",\"valueRequired\":true,\"valueName\":\"search_term_string\"}}],\"inLanguage\":\"nl-BE\"}]}<\/script>\n<!-- \/ Yoast SEO plugin. -->","yoast_head_json":{"title":"DreamWear Nasal Under The Nose - Fitpack | Oxysphair","description":"Geniet van het DreamWear neusmasker onder je neus voor onbeperkte slaap en ultiem comfort dankzij het unieke ontwerp.","robots":{"index":"index","follow":"follow","max-snippet":"max-snippet:-1","max-image-preview":"max-image-preview:large","max-video-preview":"max-video-preview:-1"},"canonical":"https:\/\/www.oxysphair.be\/nl\/produits\/slaapapneu\/masker-cpap\/masque-nasal-dreamwear-fitpack\/","og_locale":"nl_BE","og_type":"article","og_title":"DreamWear Nasal Under The Nose - Fitpack | Oxysphair","og_description":"Geniet van het DreamWear neusmasker onder je neus voor onbeperkte slaap en ultiem comfort dankzij het unieke ontwerp.","og_url":"https:\/\/www.oxysphair.be\/nl\/produits\/slaapapneu\/masker-cpap\/masque-nasal-dreamwear-fitpack\/","og_site_name":"Oxysphair","article_modified_time":"2026-04-12T14:24:08+00:00","og_image":[{"width":750,"height":562,"url":"https:\/\/www.oxysphair.be\/wp-content\/uploads\/2024\/02\/philips-respironics-dreamwear-under-the-nose-cpap.jpg.png","type":"image\/png"}],"twitter_card":"summary_large_image","twitter_misc":{"Geschatte leestijd":"3 minuten"},"schema":{"@context":"https:\/\/schema.org","@graph":[{"@type":"WebPage","@id":"https:\/\/www.oxysphair.be\/nl\/produits\/slaapapneu\/masker-cpap\/masque-nasal-dreamwear-fitpack\/","url":"https:\/\/www.oxysphair.be\/nl\/produits\/slaapapneu\/masker-cpap\/masque-nasal-dreamwear-fitpack\/","name":"DreamWear Nasal Under The Nose - Fitpack | Oxysphair","isPartOf":{"@id":"https:\/\/www.oxysphair.be\/nl\/#website"},"primaryImageOfPage":{"@id":"https:\/\/www.oxysphair.be\/nl\/produits\/slaapapneu\/masker-cpap\/masque-nasal-dreamwear-fitpack\/#primaryimage"},"image":{"@id":"https:\/\/www.oxysphair.be\/nl\/produits\/slaapapneu\/masker-cpap\/masque-nasal-dreamwear-fitpack\/#primaryimage"},"thumbnailUrl":"https:\/\/www.oxysphair.be\/wp-content\/uploads\/2024\/02\/philips-respironics-dreamwear-under-the-nose-cpap.jpg.png","datePublished":"2024-02-06T16:14:53+00:00","dateModified":"2026-04-12T14:24:08+00:00","description":"Geniet van het DreamWear neusmasker onder je neus voor onbeperkte slaap en ultiem comfort dankzij het unieke ontwerp.","breadcrumb":{"@id":"https:\/\/www.oxysphair.be\/nl\/produits\/slaapapneu\/masker-cpap\/masque-nasal-dreamwear-fitpack\/#breadcrumb"},"inLanguage":"nl-BE","potentialAction":[{"@type":"ReadAction","target":["https:\/\/www.oxysphair.be\/nl\/produits\/slaapapneu\/masker-cpap\/masque-nasal-dreamwear-fitpack\/"]}]},{"@type":"ImageObject","inLanguage":"nl-BE","@id":"https:\/\/www.oxysphair.be\/nl\/produits\/slaapapneu\/masker-cpap\/masque-nasal-dreamwear-fitpack\/#primaryimage","url":"https:\/\/www.oxysphair.be\/wp-content\/uploads\/2024\/02\/philips-respironics-dreamwear-under-the-nose-cpap.jpg.png","contentUrl":"https:\/\/www.oxysphair.be\/wp-content\/uploads\/2024\/02\/philips-respironics-dreamwear-under-the-nose-cpap.jpg.png","width":750,"height":562,"caption":"masque nasal pour cpap dreamwear - fitpack"},{"@type":"BreadcrumbList","@id":"https:\/\/www.oxysphair.be\/nl\/produits\/slaapapneu\/masker-cpap\/masque-nasal-dreamwear-fitpack\/#breadcrumb","itemListElement":[{"@type":"ListItem","position":1,"name":"Accueil","item":"https:\/\/www.oxysphair.be\/nl\/"},{"@type":"ListItem","position":2,"name":"Producten","item":"https:\/\/www.oxysphair.be\/nl\/shop-producten\/"},{"@type":"ListItem","position":3,"name":"DreamWear Nasal Under The Nose &#8211; Fitpack"}]},{"@type":"WebSite","@id":"https:\/\/www.oxysphair.be\/nl\/#website","url":"https:\/\/www.oxysphair.be\/nl\/","name":"Oxysphair","description":"","potentialAction":[{"@type":"SearchAction","target":{"@type":"EntryPoint","urlTemplate":"https:\/\/www.oxysphair.be\/nl\/?s={search_term_string}"},"query-input":{"@type":"PropertyValueSpecification","valueRequired":true,"valueName":"search_term_string"}}],"inLanguage":"nl-BE"}]}},"_links":{"self":[{"href":"https:\/\/www.oxysphair.be\/nl\/wp-json\/wp\/v2\/product\/253292","targetHints":{"allow":["GET"]}}],"collection":[{"href":"https:\/\/www.oxysphair.be\/nl\/wp-json\/wp\/v2\/product"}],"about":[{"href":"https:\/\/www.oxysphair.be\/nl\/wp-json\/wp\/v2\/types\/product"}],"replies":[{"embeddable":true,"href":"https:\/\/www.oxysphair.be\/nl\/wp-json\/wp\/v2\/comments?post=253292"}],"wp:featuredmedia":[{"embeddable":true,"href":"https:\/\/www.oxysphair.be\/nl\/wp-json\/wp\/v2\/media\/253879"}],"wp:attachment":[{"href":"https:\/\/www.oxysphair.be\/nl\/wp-json\/wp\/v2\/media?parent=253292"}],"wp:term":[{"taxonomy":"product_brand","embeddable":true,"href":"https:\/\/www.oxysphair.be\/nl\/wp-json\/wp\/v2\/product_brand?post=253292"},{"taxonomy":"product_cat","embeddable":true,"href":"https:\/\/www.oxysphair.be\/nl\/wp-json\/wp\/v2\/product_cat?post=253292"},{"taxonomy":"product_tag","embeddable":true,"href":"https:\/\/www.oxysphair.be\/nl\/wp-json\/wp\/v2\/product_tag?post=253292"}],"curies":[{"name":"wp","href":"https:\/\/api.w.org\/{rel}","templated":true}]}}