{"id":253356,"date":"2024-02-06T17:15:01","date_gmt":"2024-02-06T16:15:01","guid":{"rendered":"https:\/\/oxysphair.poush-dev.be\/?post_type=product&#038;p=253356"},"modified":"2026-04-29T04:24:32","modified_gmt":"2026-04-29T02:24:32","slug":"large-therapy-mask-3100-under-the-nose","status":"publish","type":"product","link":"https:\/\/www.oxysphair.be\/nl\/produits\/slaapapneu\/masker-cpap\/large-therapy-mask-3100-under-the-nose\/","title":{"rendered":"Therapeutisch neusmasker 3100 NC &#8211; Groot"},"content":{"rendered":"<p>Het compacte, lichtgewicht masker van Philips heeft neuskussentjes en een gestroomlijnde structuur waardoor het gemakkelijk is om een bril te dragen. Deze kleine, zachte kussentjes minimaliseren de druk op de neus, terwijl magneten ervoor zorgen dat ze gemakkelijk aan te brengen en te verwijderen zijn. De aanwezigheid van magneten baart echter zorgen bij dragers van metalen implantaten. Philips raadt aan om een arts te raadplegen voordat het masker voor dit type persoon wordt gebruikt. Lichtgewicht Philips-masker met kussentjes onder de neus, gemakkelijk te dragen met bril. Magneten voor eenvoudige aanpassing. Let op voor dragers van implantaten.<\/p>\n","protected":false},"excerpt":{"rendered":"<p>Het compacte, lichtgewicht masker van Philips heeft neuskussentjes en een gestroomlijnde structuur waardoor het gemakkelijk is om een bril te dragen. Deze kleine, zachte kussentjes minimaliseren de druk op de neus, terwijl magneten ervoor zorgen dat ze gemakkelijk aan te brengen en te verwijderen zijn. De aanwezigheid van magneten baart echter zorgen bij dragers van [&hellip;]<\/p>\n","protected":false},"featured_media":253559,"comment_status":"closed","ping_status":"closed","template":"","meta":{"_et_pb_use_builder":"","_et_pb_old_content":"","_et_gb_content_width":"","inline_featured_image":false},"product_brand":[227],"product_cat":[64],"product_tag":[],"class_list":{"0":"post-253356","1":"product","2":"type-product","3":"status-publish","4":"has-post-thumbnail","6":"product_brand-philips-respironics","7":"product_cat-masker-cpap","9":"first","10":"instock","11":"taxable","12":"shipping-taxable","13":"purchasable","14":"product-type-simple"},"acf":[],"yoast_head":"<!-- This site is optimized with the Yoast SEO plugin v27.5 - https:\/\/yoast.com\/product\/yoast-seo-wordpress\/ -->\n<title>Therapeutisch neusmasker 3100 NC - Groot | Oxysphair<\/title>\n<meta name=\"description\" content=\"Masque Philips l\u00e9ger avec coussinets sous le nez, facile \u00e0 porter avec des lunettes. Aimants pour un r\u00e9glage facile.\" \/>\n<meta name=\"robots\" content=\"index, follow, max-snippet:-1, max-image-preview:large, max-video-preview:-1\" \/>\n<link rel=\"canonical\" href=\"https:\/\/www.oxysphair.be\/nl\/produits\/slaapapneu\/masker-cpap\/large-therapy-mask-3100-under-the-nose\/\" \/>\n<meta property=\"og:locale\" content=\"nl_BE\" \/>\n<meta property=\"og:type\" content=\"article\" \/>\n<meta property=\"og:title\" content=\"Therapeutisch neusmasker 3100 NC - Groot | Oxysphair\" \/>\n<meta property=\"og:description\" content=\"Masque Philips l\u00e9ger avec coussinets sous le nez, facile \u00e0 porter avec des lunettes. Aimants pour un r\u00e9glage facile.\" \/>\n<meta property=\"og:url\" content=\"https:\/\/www.oxysphair.be\/nl\/produits\/slaapapneu\/masker-cpap\/large-therapy-mask-3100-under-the-nose\/\" \/>\n<meta property=\"og:site_name\" content=\"Oxysphair\" \/>\n<meta property=\"article:modified_time\" content=\"2026-04-29T02:24:32+00:00\" \/>\n<meta property=\"og:image\" content=\"https:\/\/www.oxysphair.be\/wp-content\/uploads\/2024\/02\/Masque-nasal-therapeutique-3100-NC-.jpeg\" \/>\n\t<meta property=\"og:image:width\" content=\"900\" \/>\n\t<meta property=\"og:image:height\" content=\"893\" \/>\n\t<meta property=\"og:image:type\" content=\"image\/jpeg\" \/>\n<meta name=\"twitter:card\" content=\"summary_large_image\" \/>\n<meta name=\"twitter:label1\" content=\"Geschatte leestijd\" \/>\n\t<meta name=\"twitter:data1\" content=\"1 minuut\" \/>\n<script type=\"application\/ld+json\" class=\"yoast-schema-graph\">{\"@context\":\"https:\\\/\\\/schema.org\",\"@graph\":[{\"@type\":\"WebPage\",\"@id\":\"https:\\\/\\\/www.oxysphair.be\\\/nl\\\/produits\\\/slaapapneu\\\/masker-cpap\\\/large-therapy-mask-3100-under-the-nose\\\/\",\"url\":\"https:\\\/\\\/www.oxysphair.be\\\/nl\\\/produits\\\/slaapapneu\\\/masker-cpap\\\/large-therapy-mask-3100-under-the-nose\\\/\",\"name\":\"Therapeutisch neusmasker 3100 NC - Groot | Oxysphair\",\"isPartOf\":{\"@id\":\"https:\\\/\\\/www.oxysphair.be\\\/nl\\\/#website\"},\"primaryImageOfPage\":{\"@id\":\"https:\\\/\\\/www.oxysphair.be\\\/nl\\\/produits\\\/slaapapneu\\\/masker-cpap\\\/large-therapy-mask-3100-under-the-nose\\\/#primaryimage\"},\"image\":{\"@id\":\"https:\\\/\\\/www.oxysphair.be\\\/nl\\\/produits\\\/slaapapneu\\\/masker-cpap\\\/large-therapy-mask-3100-under-the-nose\\\/#primaryimage\"},\"thumbnailUrl\":\"https:\\\/\\\/www.oxysphair.be\\\/wp-content\\\/uploads\\\/2024\\\/02\\\/Masque-nasal-therapeutique-3100-NC-.jpeg\",\"datePublished\":\"2024-02-06T16:15:01+00:00\",\"dateModified\":\"2026-04-29T02:24:32+00:00\",\"description\":\"Masque Philips l\u00e9ger avec coussinets sous le nez, facile \u00e0 porter avec des lunettes. Aimants pour un r\u00e9glage facile.\",\"breadcrumb\":{\"@id\":\"https:\\\/\\\/www.oxysphair.be\\\/nl\\\/produits\\\/slaapapneu\\\/masker-cpap\\\/large-therapy-mask-3100-under-the-nose\\\/#breadcrumb\"},\"inLanguage\":\"nl-BE\",\"potentialAction\":[{\"@type\":\"ReadAction\",\"target\":[\"https:\\\/\\\/www.oxysphair.be\\\/nl\\\/produits\\\/slaapapneu\\\/masker-cpap\\\/large-therapy-mask-3100-under-the-nose\\\/\"]}]},{\"@type\":\"ImageObject\",\"inLanguage\":\"nl-BE\",\"@id\":\"https:\\\/\\\/www.oxysphair.be\\\/nl\\\/produits\\\/slaapapneu\\\/masker-cpap\\\/large-therapy-mask-3100-under-the-nose\\\/#primaryimage\",\"url\":\"https:\\\/\\\/www.oxysphair.be\\\/wp-content\\\/uploads\\\/2024\\\/02\\\/Masque-nasal-therapeutique-3100-NC-.jpeg\",\"contentUrl\":\"https:\\\/\\\/www.oxysphair.be\\\/wp-content\\\/uploads\\\/2024\\\/02\\\/Masque-nasal-therapeutique-3100-NC-.jpeg\",\"width\":900,\"height\":893,\"caption\":\"Masque-nasal-therapeutique-3100-NC\"},{\"@type\":\"BreadcrumbList\",\"@id\":\"https:\\\/\\\/www.oxysphair.be\\\/nl\\\/produits\\\/slaapapneu\\\/masker-cpap\\\/large-therapy-mask-3100-under-the-nose\\\/#breadcrumb\",\"itemListElement\":[{\"@type\":\"ListItem\",\"position\":1,\"name\":\"Accueil\",\"item\":\"https:\\\/\\\/www.oxysphair.be\\\/nl\\\/\"},{\"@type\":\"ListItem\",\"position\":2,\"name\":\"Producten\",\"item\":\"https:\\\/\\\/www.oxysphair.be\\\/nl\\\/shop-producten\\\/\"},{\"@type\":\"ListItem\",\"position\":3,\"name\":\"Therapeutisch neusmasker 3100 NC &#8211; Groot\"}]},{\"@type\":\"WebSite\",\"@id\":\"https:\\\/\\\/www.oxysphair.be\\\/nl\\\/#website\",\"url\":\"https:\\\/\\\/www.oxysphair.be\\\/nl\\\/\",\"name\":\"Oxysphair\",\"description\":\"\",\"potentialAction\":[{\"@type\":\"SearchAction\",\"target\":{\"@type\":\"EntryPoint\",\"urlTemplate\":\"https:\\\/\\\/www.oxysphair.be\\\/nl\\\/?s={search_term_string}\"},\"query-input\":{\"@type\":\"PropertyValueSpecification\",\"valueRequired\":true,\"valueName\":\"search_term_string\"}}],\"inLanguage\":\"nl-BE\"}]}<\/script>\n<!-- \/ Yoast SEO plugin. -->","yoast_head_json":{"title":"Therapeutisch neusmasker 3100 NC - Groot | Oxysphair","description":"Masque Philips l\u00e9ger avec coussinets sous le nez, facile \u00e0 porter avec des lunettes. Aimants pour un r\u00e9glage facile.","robots":{"index":"index","follow":"follow","max-snippet":"max-snippet:-1","max-image-preview":"max-image-preview:large","max-video-preview":"max-video-preview:-1"},"canonical":"https:\/\/www.oxysphair.be\/nl\/produits\/slaapapneu\/masker-cpap\/large-therapy-mask-3100-under-the-nose\/","og_locale":"nl_BE","og_type":"article","og_title":"Therapeutisch neusmasker 3100 NC - Groot | Oxysphair","og_description":"Masque Philips l\u00e9ger avec coussinets sous le nez, facile \u00e0 porter avec des lunettes. Aimants pour un r\u00e9glage facile.","og_url":"https:\/\/www.oxysphair.be\/nl\/produits\/slaapapneu\/masker-cpap\/large-therapy-mask-3100-under-the-nose\/","og_site_name":"Oxysphair","article_modified_time":"2026-04-29T02:24:32+00:00","og_image":[{"width":900,"height":893,"url":"https:\/\/www.oxysphair.be\/wp-content\/uploads\/2024\/02\/Masque-nasal-therapeutique-3100-NC-.jpeg","type":"image\/jpeg"}],"twitter_card":"summary_large_image","twitter_misc":{"Geschatte leestijd":"1 minuut"},"schema":{"@context":"https:\/\/schema.org","@graph":[{"@type":"WebPage","@id":"https:\/\/www.oxysphair.be\/nl\/produits\/slaapapneu\/masker-cpap\/large-therapy-mask-3100-under-the-nose\/","url":"https:\/\/www.oxysphair.be\/nl\/produits\/slaapapneu\/masker-cpap\/large-therapy-mask-3100-under-the-nose\/","name":"Therapeutisch neusmasker 3100 NC - Groot | Oxysphair","isPartOf":{"@id":"https:\/\/www.oxysphair.be\/nl\/#website"},"primaryImageOfPage":{"@id":"https:\/\/www.oxysphair.be\/nl\/produits\/slaapapneu\/masker-cpap\/large-therapy-mask-3100-under-the-nose\/#primaryimage"},"image":{"@id":"https:\/\/www.oxysphair.be\/nl\/produits\/slaapapneu\/masker-cpap\/large-therapy-mask-3100-under-the-nose\/#primaryimage"},"thumbnailUrl":"https:\/\/www.oxysphair.be\/wp-content\/uploads\/2024\/02\/Masque-nasal-therapeutique-3100-NC-.jpeg","datePublished":"2024-02-06T16:15:01+00:00","dateModified":"2026-04-29T02:24:32+00:00","description":"Masque Philips l\u00e9ger avec coussinets sous le nez, facile \u00e0 porter avec des lunettes. Aimants pour un r\u00e9glage facile.","breadcrumb":{"@id":"https:\/\/www.oxysphair.be\/nl\/produits\/slaapapneu\/masker-cpap\/large-therapy-mask-3100-under-the-nose\/#breadcrumb"},"inLanguage":"nl-BE","potentialAction":[{"@type":"ReadAction","target":["https:\/\/www.oxysphair.be\/nl\/produits\/slaapapneu\/masker-cpap\/large-therapy-mask-3100-under-the-nose\/"]}]},{"@type":"ImageObject","inLanguage":"nl-BE","@id":"https:\/\/www.oxysphair.be\/nl\/produits\/slaapapneu\/masker-cpap\/large-therapy-mask-3100-under-the-nose\/#primaryimage","url":"https:\/\/www.oxysphair.be\/wp-content\/uploads\/2024\/02\/Masque-nasal-therapeutique-3100-NC-.jpeg","contentUrl":"https:\/\/www.oxysphair.be\/wp-content\/uploads\/2024\/02\/Masque-nasal-therapeutique-3100-NC-.jpeg","width":900,"height":893,"caption":"Masque-nasal-therapeutique-3100-NC"},{"@type":"BreadcrumbList","@id":"https:\/\/www.oxysphair.be\/nl\/produits\/slaapapneu\/masker-cpap\/large-therapy-mask-3100-under-the-nose\/#breadcrumb","itemListElement":[{"@type":"ListItem","position":1,"name":"Accueil","item":"https:\/\/www.oxysphair.be\/nl\/"},{"@type":"ListItem","position":2,"name":"Producten","item":"https:\/\/www.oxysphair.be\/nl\/shop-producten\/"},{"@type":"ListItem","position":3,"name":"Therapeutisch neusmasker 3100 NC &#8211; Groot"}]},{"@type":"WebSite","@id":"https:\/\/www.oxysphair.be\/nl\/#website","url":"https:\/\/www.oxysphair.be\/nl\/","name":"Oxysphair","description":"","potentialAction":[{"@type":"SearchAction","target":{"@type":"EntryPoint","urlTemplate":"https:\/\/www.oxysphair.be\/nl\/?s={search_term_string}"},"query-input":{"@type":"PropertyValueSpecification","valueRequired":true,"valueName":"search_term_string"}}],"inLanguage":"nl-BE"}]}},"_links":{"self":[{"href":"https:\/\/www.oxysphair.be\/nl\/wp-json\/wp\/v2\/product\/253356","targetHints":{"allow":["GET"]}}],"collection":[{"href":"https:\/\/www.oxysphair.be\/nl\/wp-json\/wp\/v2\/product"}],"about":[{"href":"https:\/\/www.oxysphair.be\/nl\/wp-json\/wp\/v2\/types\/product"}],"replies":[{"embeddable":true,"href":"https:\/\/www.oxysphair.be\/nl\/wp-json\/wp\/v2\/comments?post=253356"}],"wp:featuredmedia":[{"embeddable":true,"href":"https:\/\/www.oxysphair.be\/nl\/wp-json\/wp\/v2\/media\/253559"}],"wp:attachment":[{"href":"https:\/\/www.oxysphair.be\/nl\/wp-json\/wp\/v2\/media?parent=253356"}],"wp:term":[{"taxonomy":"product_brand","embeddable":true,"href":"https:\/\/www.oxysphair.be\/nl\/wp-json\/wp\/v2\/product_brand?post=253356"},{"taxonomy":"product_cat","embeddable":true,"href":"https:\/\/www.oxysphair.be\/nl\/wp-json\/wp\/v2\/product_cat?post=253356"},{"taxonomy":"product_tag","embeddable":true,"href":"https:\/\/www.oxysphair.be\/nl\/wp-json\/wp\/v2\/product_tag?post=253356"}],"curies":[{"name":"wp","href":"https:\/\/api.w.org\/{rel}","templated":true}]}}