{"id":255441,"date":"2024-08-27T18:18:24","date_gmt":"2024-08-27T16:18:24","guid":{"rendered":"https:\/\/www.oxysphair.be\/?post_type=product&#038;p=255441"},"modified":"2026-05-13T16:24:40","modified_gmt":"2026-05-13T14:24:40","slug":"phasitron-5","status":"publish","type":"product","link":"https:\/\/www.oxysphair.be\/nl\/produits\/slaapapneu\/accessoires-voor-cpap\/phasitron-5\/","title":{"rendered":"Phasitron 5"},"content":{"rendered":"<p><strong>Le Phasitron<\/strong><\/p>\n<p>La pierre angulaire d&#8217;une th\u00e9rapie IPV\u00ae s\u00fbre et efficace<\/p>\n<p>Les appareils de th\u00e9rapie IPV\u00ae de Sentec utilisent le Phasitron, un syst\u00e8me ouvert \u00e0 r\u00e9action dynamique, d&#8217;une efficacit\u00e9 unique, qui permet d&#8217;administrer la th\u00e9rapie en toute s\u00e9curit\u00e9. Le Phasitron int\u00e8gre un m\u00e9canisme innovant de venturi coulissant, qui permet d&#8217;obtenir trois caract\u00e9ristiques d&#8217;\u00e9coulement distinctes et importantes. Ces caract\u00e9ristiques permettent de contourner efficacement les obstructions, de faciliter la mobilisation et l&#8217;\u00e9limination des s\u00e9cr\u00e9tions dans les voies respiratoires et de stimuler les poumons :<\/p>\n<p>    <strong>Percussion<\/strong><\/p>\n<p>Le mouvement du venturi \u00e0 l&#8217;int\u00e9rieur du Phasitron renforce les percussions qui \u00e9liminent les s\u00e9cr\u00e9tions et les bouchons de mucus.<\/p>\n<p>    <strong>Entra\u00eenement<\/strong><\/p>\n<p>Le mouvement du venturi coulissant entra\u00eene efficacement l&#8217;air pour stimuler les poumons, en r\u00e9agissant dynamiquement et en temps r\u00e9el \u00e0 la r\u00e9sistance des voies a\u00e9riennes et \u00e0 la compliance des poumons.<\/p>\n<p>    <strong>D\u00e9bit \u00e0 grande vitesse<\/strong><\/p>\n<p>Le d\u00e9bit \u00e0 grande vitesse permet d&#8217;acc\u00e9der aux voies a\u00e9riennes distales sans obstructions ni s\u00e9cr\u00e9tions et d&#8217;appliquer les forces n\u00e9cessaires pour \u00e9liminer les s\u00e9cr\u00e9tions des parois des voies a\u00e9riennes et soutenir le d\u00e9bit expiratoire n\u00e9cessaire pour d\u00e9placer les s\u00e9cr\u00e9tions vers l&#8217;ext\u00e9rieur.<\/p>\n","protected":false},"excerpt":{"rendered":"<p>Le Phasitron La pierre angulaire d&#8217;une th\u00e9rapie IPV\u00ae s\u00fbre et efficace Les appareils de th\u00e9rapie IPV\u00ae de Sentec utilisent le Phasitron, un syst\u00e8me ouvert \u00e0 r\u00e9action dynamique, d&#8217;une efficacit\u00e9 unique, qui permet d&#8217;administrer la th\u00e9rapie en toute s\u00e9curit\u00e9. Le Phasitron int\u00e8gre un m\u00e9canisme innovant de venturi coulissant, qui permet d&#8217;obtenir trois caract\u00e9ristiques d&#8217;\u00e9coulement distinctes et [&hellip;]<\/p>\n","protected":false},"featured_media":255453,"comment_status":"closed","ping_status":"closed","template":"","meta":{"_et_pb_use_builder":"","_et_pb_old_content":"","_et_gb_content_width":"","inline_featured_image":false},"product_brand":[240],"product_cat":[28,65],"product_tag":[],"class_list":{"0":"post-255441","1":"product","2":"type-product","3":"status-publish","4":"has-post-thumbnail","6":"product_brand-sentec","7":"product_cat-accessoires-cpap","8":"product_cat-accessoires-voor-cpap","10":"first","11":"instock","12":"taxable","13":"shipping-taxable","14":"purchasable","15":"product-type-simple"},"acf":[],"yoast_head":"<!-- This site is optimized with the Yoast SEO plugin v27.6 - https:\/\/yoast.com\/product\/yoast-seo-wordpress\/ -->\n<title>Phasitron 5 | Oxysphair<\/title>\n<meta name=\"robots\" content=\"index, follow, max-snippet:-1, max-image-preview:large, max-video-preview:-1\" \/>\n<link rel=\"canonical\" href=\"https:\/\/www.oxysphair.be\/nl\/produits\/slaapapneu\/accessoires-voor-cpap\/phasitron-5\/\" \/>\n<meta property=\"og:locale\" content=\"nl_BE\" \/>\n<meta property=\"og:type\" content=\"article\" \/>\n<meta property=\"og:title\" content=\"Phasitron 5 | Oxysphair\" \/>\n<meta property=\"og:description\" content=\"Le Phasitron La pierre angulaire d&#8217;une th\u00e9rapie IPV\u00ae s\u00fbre et efficace Les appareils de th\u00e9rapie IPV\u00ae de Sentec utilisent le Phasitron, un syst\u00e8me ouvert \u00e0 r\u00e9action dynamique, d&#8217;une efficacit\u00e9 unique, qui permet d&#8217;administrer la th\u00e9rapie en toute s\u00e9curit\u00e9. Le Phasitron int\u00e8gre un m\u00e9canisme innovant de venturi coulissant, qui permet d&#8217;obtenir trois caract\u00e9ristiques d&#8217;\u00e9coulement distinctes et [&hellip;]\" \/>\n<meta property=\"og:url\" content=\"https:\/\/www.oxysphair.be\/nl\/produits\/slaapapneu\/accessoires-voor-cpap\/phasitron-5\/\" \/>\n<meta property=\"og:site_name\" content=\"Oxysphair\" \/>\n<meta property=\"article:modified_time\" content=\"2026-05-13T14:24:40+00:00\" \/>\n<meta property=\"og:image\" content=\"https:\/\/www.oxysphair.be\/wp-content\/uploads\/2024\/08\/phasitron-3.png\" \/>\n\t<meta property=\"og:image:width\" content=\"443\" \/>\n\t<meta property=\"og:image:height\" content=\"624\" \/>\n\t<meta property=\"og:image:type\" content=\"image\/png\" \/>\n<meta name=\"twitter:card\" content=\"summary_large_image\" \/>\n<meta name=\"twitter:label1\" content=\"Geschatte leestijd\" \/>\n\t<meta name=\"twitter:data1\" content=\"2 minuten\" \/>\n<script type=\"application\/ld+json\" class=\"yoast-schema-graph\">{\"@context\":\"https:\\\/\\\/schema.org\",\"@graph\":[{\"@type\":\"WebPage\",\"@id\":\"https:\\\/\\\/www.oxysphair.be\\\/nl\\\/produits\\\/slaapapneu\\\/accessoires-voor-cpap\\\/phasitron-5\\\/\",\"url\":\"https:\\\/\\\/www.oxysphair.be\\\/nl\\\/produits\\\/slaapapneu\\\/accessoires-voor-cpap\\\/phasitron-5\\\/\",\"name\":\"Phasitron 5 | Oxysphair\",\"isPartOf\":{\"@id\":\"https:\\\/\\\/www.oxysphair.be\\\/nl\\\/#website\"},\"primaryImageOfPage\":{\"@id\":\"https:\\\/\\\/www.oxysphair.be\\\/nl\\\/produits\\\/slaapapneu\\\/accessoires-voor-cpap\\\/phasitron-5\\\/#primaryimage\"},\"image\":{\"@id\":\"https:\\\/\\\/www.oxysphair.be\\\/nl\\\/produits\\\/slaapapneu\\\/accessoires-voor-cpap\\\/phasitron-5\\\/#primaryimage\"},\"thumbnailUrl\":\"https:\\\/\\\/www.oxysphair.be\\\/wp-content\\\/uploads\\\/2024\\\/08\\\/phasitron-3.png\",\"datePublished\":\"2024-08-27T16:18:24+00:00\",\"dateModified\":\"2026-05-13T14:24:40+00:00\",\"breadcrumb\":{\"@id\":\"https:\\\/\\\/www.oxysphair.be\\\/nl\\\/produits\\\/slaapapneu\\\/accessoires-voor-cpap\\\/phasitron-5\\\/#breadcrumb\"},\"inLanguage\":\"nl-BE\",\"potentialAction\":[{\"@type\":\"ReadAction\",\"target\":[\"https:\\\/\\\/www.oxysphair.be\\\/nl\\\/produits\\\/slaapapneu\\\/accessoires-voor-cpap\\\/phasitron-5\\\/\"]}]},{\"@type\":\"ImageObject\",\"inLanguage\":\"nl-BE\",\"@id\":\"https:\\\/\\\/www.oxysphair.be\\\/nl\\\/produits\\\/slaapapneu\\\/accessoires-voor-cpap\\\/phasitron-5\\\/#primaryimage\",\"url\":\"https:\\\/\\\/www.oxysphair.be\\\/wp-content\\\/uploads\\\/2024\\\/08\\\/phasitron-3.png\",\"contentUrl\":\"https:\\\/\\\/www.oxysphair.be\\\/wp-content\\\/uploads\\\/2024\\\/08\\\/phasitron-3.png\",\"width\":443,\"height\":624},{\"@type\":\"BreadcrumbList\",\"@id\":\"https:\\\/\\\/www.oxysphair.be\\\/nl\\\/produits\\\/slaapapneu\\\/accessoires-voor-cpap\\\/phasitron-5\\\/#breadcrumb\",\"itemListElement\":[{\"@type\":\"ListItem\",\"position\":1,\"name\":\"Accueil\",\"item\":\"https:\\\/\\\/www.oxysphair.be\\\/nl\\\/\"},{\"@type\":\"ListItem\",\"position\":2,\"name\":\"Producten\",\"item\":\"https:\\\/\\\/www.oxysphair.be\\\/nl\\\/shop-producten\\\/\"},{\"@type\":\"ListItem\",\"position\":3,\"name\":\"Phasitron 5\"}]},{\"@type\":\"WebSite\",\"@id\":\"https:\\\/\\\/www.oxysphair.be\\\/nl\\\/#website\",\"url\":\"https:\\\/\\\/www.oxysphair.be\\\/nl\\\/\",\"name\":\"Oxysphair\",\"description\":\"\",\"potentialAction\":[{\"@type\":\"SearchAction\",\"target\":{\"@type\":\"EntryPoint\",\"urlTemplate\":\"https:\\\/\\\/www.oxysphair.be\\\/nl\\\/?s={search_term_string}\"},\"query-input\":{\"@type\":\"PropertyValueSpecification\",\"valueRequired\":true,\"valueName\":\"search_term_string\"}}],\"inLanguage\":\"nl-BE\"}]}<\/script>\n<!-- \/ Yoast SEO plugin. -->","yoast_head_json":{"title":"Phasitron 5 | Oxysphair","robots":{"index":"index","follow":"follow","max-snippet":"max-snippet:-1","max-image-preview":"max-image-preview:large","max-video-preview":"max-video-preview:-1"},"canonical":"https:\/\/www.oxysphair.be\/nl\/produits\/slaapapneu\/accessoires-voor-cpap\/phasitron-5\/","og_locale":"nl_BE","og_type":"article","og_title":"Phasitron 5 | Oxysphair","og_description":"Le Phasitron La pierre angulaire d&#8217;une th\u00e9rapie IPV\u00ae s\u00fbre et efficace Les appareils de th\u00e9rapie IPV\u00ae de Sentec utilisent le Phasitron, un syst\u00e8me ouvert \u00e0 r\u00e9action dynamique, d&#8217;une efficacit\u00e9 unique, qui permet d&#8217;administrer la th\u00e9rapie en toute s\u00e9curit\u00e9. Le Phasitron int\u00e8gre un m\u00e9canisme innovant de venturi coulissant, qui permet d&#8217;obtenir trois caract\u00e9ristiques d&#8217;\u00e9coulement distinctes et [&hellip;]","og_url":"https:\/\/www.oxysphair.be\/nl\/produits\/slaapapneu\/accessoires-voor-cpap\/phasitron-5\/","og_site_name":"Oxysphair","article_modified_time":"2026-05-13T14:24:40+00:00","og_image":[{"width":443,"height":624,"url":"https:\/\/www.oxysphair.be\/wp-content\/uploads\/2024\/08\/phasitron-3.png","type":"image\/png"}],"twitter_card":"summary_large_image","twitter_misc":{"Geschatte leestijd":"2 minuten"},"schema":{"@context":"https:\/\/schema.org","@graph":[{"@type":"WebPage","@id":"https:\/\/www.oxysphair.be\/nl\/produits\/slaapapneu\/accessoires-voor-cpap\/phasitron-5\/","url":"https:\/\/www.oxysphair.be\/nl\/produits\/slaapapneu\/accessoires-voor-cpap\/phasitron-5\/","name":"Phasitron 5 | Oxysphair","isPartOf":{"@id":"https:\/\/www.oxysphair.be\/nl\/#website"},"primaryImageOfPage":{"@id":"https:\/\/www.oxysphair.be\/nl\/produits\/slaapapneu\/accessoires-voor-cpap\/phasitron-5\/#primaryimage"},"image":{"@id":"https:\/\/www.oxysphair.be\/nl\/produits\/slaapapneu\/accessoires-voor-cpap\/phasitron-5\/#primaryimage"},"thumbnailUrl":"https:\/\/www.oxysphair.be\/wp-content\/uploads\/2024\/08\/phasitron-3.png","datePublished":"2024-08-27T16:18:24+00:00","dateModified":"2026-05-13T14:24:40+00:00","breadcrumb":{"@id":"https:\/\/www.oxysphair.be\/nl\/produits\/slaapapneu\/accessoires-voor-cpap\/phasitron-5\/#breadcrumb"},"inLanguage":"nl-BE","potentialAction":[{"@type":"ReadAction","target":["https:\/\/www.oxysphair.be\/nl\/produits\/slaapapneu\/accessoires-voor-cpap\/phasitron-5\/"]}]},{"@type":"ImageObject","inLanguage":"nl-BE","@id":"https:\/\/www.oxysphair.be\/nl\/produits\/slaapapneu\/accessoires-voor-cpap\/phasitron-5\/#primaryimage","url":"https:\/\/www.oxysphair.be\/wp-content\/uploads\/2024\/08\/phasitron-3.png","contentUrl":"https:\/\/www.oxysphair.be\/wp-content\/uploads\/2024\/08\/phasitron-3.png","width":443,"height":624},{"@type":"BreadcrumbList","@id":"https:\/\/www.oxysphair.be\/nl\/produits\/slaapapneu\/accessoires-voor-cpap\/phasitron-5\/#breadcrumb","itemListElement":[{"@type":"ListItem","position":1,"name":"Accueil","item":"https:\/\/www.oxysphair.be\/nl\/"},{"@type":"ListItem","position":2,"name":"Producten","item":"https:\/\/www.oxysphair.be\/nl\/shop-producten\/"},{"@type":"ListItem","position":3,"name":"Phasitron 5"}]},{"@type":"WebSite","@id":"https:\/\/www.oxysphair.be\/nl\/#website","url":"https:\/\/www.oxysphair.be\/nl\/","name":"Oxysphair","description":"","potentialAction":[{"@type":"SearchAction","target":{"@type":"EntryPoint","urlTemplate":"https:\/\/www.oxysphair.be\/nl\/?s={search_term_string}"},"query-input":{"@type":"PropertyValueSpecification","valueRequired":true,"valueName":"search_term_string"}}],"inLanguage":"nl-BE"}]}},"_links":{"self":[{"href":"https:\/\/www.oxysphair.be\/nl\/wp-json\/wp\/v2\/product\/255441","targetHints":{"allow":["GET"]}}],"collection":[{"href":"https:\/\/www.oxysphair.be\/nl\/wp-json\/wp\/v2\/product"}],"about":[{"href":"https:\/\/www.oxysphair.be\/nl\/wp-json\/wp\/v2\/types\/product"}],"replies":[{"embeddable":true,"href":"https:\/\/www.oxysphair.be\/nl\/wp-json\/wp\/v2\/comments?post=255441"}],"wp:featuredmedia":[{"embeddable":true,"href":"https:\/\/www.oxysphair.be\/nl\/wp-json\/wp\/v2\/media\/255453"}],"wp:attachment":[{"href":"https:\/\/www.oxysphair.be\/nl\/wp-json\/wp\/v2\/media?parent=255441"}],"wp:term":[{"taxonomy":"product_brand","embeddable":true,"href":"https:\/\/www.oxysphair.be\/nl\/wp-json\/wp\/v2\/product_brand?post=255441"},{"taxonomy":"product_cat","embeddable":true,"href":"https:\/\/www.oxysphair.be\/nl\/wp-json\/wp\/v2\/product_cat?post=255441"},{"taxonomy":"product_tag","embeddable":true,"href":"https:\/\/www.oxysphair.be\/nl\/wp-json\/wp\/v2\/product_tag?post=255441"}],"curies":[{"name":"wp","href":"https:\/\/api.w.org\/{rel}","templated":true}]}}