{"id":255508,"date":"2024-08-19T15:41:16","date_gmt":"2024-08-19T13:41:16","guid":{"rendered":"https:\/\/www.oxysphair.be\/?post_type=product&#038;p=255508"},"modified":"2026-04-30T10:24:41","modified_gmt":"2026-04-30T08:24:41","slug":"dreamstation-2-advanced-auto-met-bevochtiger-en-data-2","status":"publish","type":"product","link":"https:\/\/www.oxysphair.be\/nl\/produits\/slaapapneu\/apparaat-cpap-machine-cpap\/dreamstation-2-advanced-auto-met-bevochtiger-en-data-2\/","title":{"rendered":"DreamStation 2 Advanced Auto met bevochtiger en Data"},"content":{"rendered":"<p>Maak kennis met de Deamstation 2 Advanced <strong>Auto<\/strong><\/p>\n<p>De DreamStation 2 CPAP Advanced Auto is de volgende evolutie van klinisch bewezen ge\u00efntegreerde slaapoplossingen met geautomatiseerd beheer van de geleverde druk.<\/p>\n<p>Het is ontworpen om operationele effici\u00ebntie en een vereenvoudigde gebruikerservaring te leveren door middel van flexibele configuratie, een volledig ge\u00efntegreerde bevochtiger en modem, geavanceerde comfortfuncties en hulpmiddelen voor pati\u00ebntbeheer. De nieuwe DreamStation 2 CPAP Advanced Auto biedt een complete en ge\u00efntegreerde oplossing voor apneubehandeling en therapiemonitoring via de Philips Respironics DreamMapper-toepassing.<\/p>\n<p>Technische specificaties<\/p>\n<p>DreamStation 2 CPAP Advanced Auto<\/p>\n<p>Drukbereik 4 tot 20 cm H2O FLEX-drukverlaging Uit, 1, 2, 3 Ramp Plus-tijd 15 minuten, 30 minuten, 45 minuten Startdruk Ramp Plus : 4, 5, 6, 7, 8, 9, 10 cm H2O of uit Bevochtiging : Adaptieve bevochtiging en verwarmde buis instellingen (optioneel) Bevochtigingscapaciteit 325 ml Gegevensopslagcapaciteit (minimaal) Aan boord: &lt;6 maanden Hoogtecompensatie Automatisch Filters Herbruikbare pollen; ultrafijne wegwerpfilters Bedieningselementen apparaat LCD kleuren touchscreen; druk op therapieknop Garantie 2 jaar Afmetingen 256,8 mm L x 158,5 mm B x 84,8 mm H Gewicht zonder voeding, lege watertank 1040 g Gewicht met voeding, lege watertank 1336 g Elektrische vereisten 100-240 VAC, 50\/60 Hz, 1,0-2,0 A<\/p>\n","protected":false},"excerpt":{"rendered":"<p>Maak kennis met de Deamstation 2 Advanced Auto De DreamStation 2 CPAP Advanced Auto is de volgende evolutie van klinisch bewezen ge\u00efntegreerde slaapoplossingen met geautomatiseerd beheer van de geleverde druk. Het is ontworpen om operationele effici\u00ebntie en een vereenvoudigde gebruikerservaring te leveren door middel van flexibele configuratie, een volledig ge\u00efntegreerde bevochtiger en modem, geavanceerde comfortfuncties [&hellip;]<\/p>\n","protected":false},"featured_media":255381,"comment_status":"closed","ping_status":"closed","template":"","meta":{"_et_pb_use_builder":"","_et_pb_old_content":"","_et_gb_content_width":"","inline_featured_image":false},"product_brand":[227],"product_cat":[63,62],"product_tag":[],"class_list":{"0":"post-255508","1":"product","2":"type-product","3":"status-publish","4":"has-post-thumbnail","6":"product_brand-philips-respironics","7":"product_cat-apparaat-cpap-machine-cpap","8":"product_cat-slaapapneu","9":"pa_brand-philips-respironics","11":"first","12":"instock","13":"sale","14":"taxable","15":"shipping-taxable","16":"purchasable","17":"product-type-simple"},"acf":[],"yoast_head":"<!-- This site is optimized with the Yoast SEO plugin v27.5 - https:\/\/yoast.com\/product\/yoast-seo-wordpress\/ -->\n<title>DreamStation 2 Advanced Auto met bevochtiger en Data | Oxysphair<\/title>\n<meta name=\"robots\" content=\"index, follow, max-snippet:-1, max-image-preview:large, max-video-preview:-1\" \/>\n<link rel=\"canonical\" href=\"https:\/\/www.oxysphair.be\/nl\/produits\/slaapapneu\/apparaat-cpap-machine-cpap\/dreamstation-2-advanced-auto-met-bevochtiger-en-data-2\/\" \/>\n<meta property=\"og:locale\" content=\"nl_BE\" \/>\n<meta property=\"og:type\" content=\"article\" \/>\n<meta property=\"og:title\" content=\"DreamStation 2 Advanced Auto met bevochtiger en Data | Oxysphair\" \/>\n<meta property=\"og:description\" content=\"Maak kennis met de Deamstation 2 Advanced Auto De DreamStation 2 CPAP Advanced Auto is de volgende evolutie van klinisch bewezen ge\u00efntegreerde slaapoplossingen met geautomatiseerd beheer van de geleverde druk. Het is ontworpen om operationele effici\u00ebntie en een vereenvoudigde gebruikerservaring te leveren door middel van flexibele configuratie, een volledig ge\u00efntegreerde bevochtiger en modem, geavanceerde comfortfuncties [&hellip;]\" \/>\n<meta property=\"og:url\" content=\"https:\/\/www.oxysphair.be\/nl\/produits\/slaapapneu\/apparaat-cpap-machine-cpap\/dreamstation-2-advanced-auto-met-bevochtiger-en-data-2\/\" \/>\n<meta property=\"og:site_name\" content=\"Oxysphair\" \/>\n<meta property=\"article:modified_time\" content=\"2026-04-30T08:24:41+00:00\" \/>\n<meta property=\"og:image\" content=\"https:\/\/www.oxysphair.be\/wp-content\/uploads\/2024\/08\/ds2-adv-auto.png\" \/>\n\t<meta property=\"og:image:width\" content=\"683\" \/>\n\t<meta property=\"og:image:height\" content=\"501\" \/>\n\t<meta property=\"og:image:type\" content=\"image\/png\" \/>\n<meta name=\"twitter:card\" content=\"summary_large_image\" \/>\n<meta name=\"twitter:label1\" content=\"Geschatte leestijd\" \/>\n\t<meta name=\"twitter:data1\" content=\"1 minuut\" \/>\n<script type=\"application\/ld+json\" class=\"yoast-schema-graph\">{\"@context\":\"https:\\\/\\\/schema.org\",\"@graph\":[{\"@type\":\"WebPage\",\"@id\":\"https:\\\/\\\/www.oxysphair.be\\\/nl\\\/produits\\\/slaapapneu\\\/apparaat-cpap-machine-cpap\\\/dreamstation-2-advanced-auto-met-bevochtiger-en-data-2\\\/\",\"url\":\"https:\\\/\\\/www.oxysphair.be\\\/nl\\\/produits\\\/slaapapneu\\\/apparaat-cpap-machine-cpap\\\/dreamstation-2-advanced-auto-met-bevochtiger-en-data-2\\\/\",\"name\":\"DreamStation 2 Advanced Auto met bevochtiger en Data | Oxysphair\",\"isPartOf\":{\"@id\":\"https:\\\/\\\/www.oxysphair.be\\\/nl\\\/#website\"},\"primaryImageOfPage\":{\"@id\":\"https:\\\/\\\/www.oxysphair.be\\\/nl\\\/produits\\\/slaapapneu\\\/apparaat-cpap-machine-cpap\\\/dreamstation-2-advanced-auto-met-bevochtiger-en-data-2\\\/#primaryimage\"},\"image\":{\"@id\":\"https:\\\/\\\/www.oxysphair.be\\\/nl\\\/produits\\\/slaapapneu\\\/apparaat-cpap-machine-cpap\\\/dreamstation-2-advanced-auto-met-bevochtiger-en-data-2\\\/#primaryimage\"},\"thumbnailUrl\":\"https:\\\/\\\/www.oxysphair.be\\\/wp-content\\\/uploads\\\/2024\\\/08\\\/ds2-adv-auto.png\",\"datePublished\":\"2024-08-19T13:41:16+00:00\",\"dateModified\":\"2026-04-30T08:24:41+00:00\",\"breadcrumb\":{\"@id\":\"https:\\\/\\\/www.oxysphair.be\\\/nl\\\/produits\\\/slaapapneu\\\/apparaat-cpap-machine-cpap\\\/dreamstation-2-advanced-auto-met-bevochtiger-en-data-2\\\/#breadcrumb\"},\"inLanguage\":\"nl-BE\",\"potentialAction\":[{\"@type\":\"ReadAction\",\"target\":[\"https:\\\/\\\/www.oxysphair.be\\\/nl\\\/produits\\\/slaapapneu\\\/apparaat-cpap-machine-cpap\\\/dreamstation-2-advanced-auto-met-bevochtiger-en-data-2\\\/\"]}]},{\"@type\":\"ImageObject\",\"inLanguage\":\"nl-BE\",\"@id\":\"https:\\\/\\\/www.oxysphair.be\\\/nl\\\/produits\\\/slaapapneu\\\/apparaat-cpap-machine-cpap\\\/dreamstation-2-advanced-auto-met-bevochtiger-en-data-2\\\/#primaryimage\",\"url\":\"https:\\\/\\\/www.oxysphair.be\\\/wp-content\\\/uploads\\\/2024\\\/08\\\/ds2-adv-auto.png\",\"contentUrl\":\"https:\\\/\\\/www.oxysphair.be\\\/wp-content\\\/uploads\\\/2024\\\/08\\\/ds2-adv-auto.png\",\"width\":683,\"height\":501},{\"@type\":\"BreadcrumbList\",\"@id\":\"https:\\\/\\\/www.oxysphair.be\\\/nl\\\/produits\\\/slaapapneu\\\/apparaat-cpap-machine-cpap\\\/dreamstation-2-advanced-auto-met-bevochtiger-en-data-2\\\/#breadcrumb\",\"itemListElement\":[{\"@type\":\"ListItem\",\"position\":1,\"name\":\"Accueil\",\"item\":\"https:\\\/\\\/www.oxysphair.be\\\/nl\\\/\"},{\"@type\":\"ListItem\",\"position\":2,\"name\":\"Producten\",\"item\":\"https:\\\/\\\/www.oxysphair.be\\\/nl\\\/shop-producten\\\/\"},{\"@type\":\"ListItem\",\"position\":3,\"name\":\"DreamStation 2 Advanced Auto met bevochtiger en Data\"}]},{\"@type\":\"WebSite\",\"@id\":\"https:\\\/\\\/www.oxysphair.be\\\/nl\\\/#website\",\"url\":\"https:\\\/\\\/www.oxysphair.be\\\/nl\\\/\",\"name\":\"Oxysphair\",\"description\":\"\",\"potentialAction\":[{\"@type\":\"SearchAction\",\"target\":{\"@type\":\"EntryPoint\",\"urlTemplate\":\"https:\\\/\\\/www.oxysphair.be\\\/nl\\\/?s={search_term_string}\"},\"query-input\":{\"@type\":\"PropertyValueSpecification\",\"valueRequired\":true,\"valueName\":\"search_term_string\"}}],\"inLanguage\":\"nl-BE\"}]}<\/script>\n<!-- \/ Yoast SEO plugin. -->","yoast_head_json":{"title":"DreamStation 2 Advanced Auto met bevochtiger en Data | Oxysphair","robots":{"index":"index","follow":"follow","max-snippet":"max-snippet:-1","max-image-preview":"max-image-preview:large","max-video-preview":"max-video-preview:-1"},"canonical":"https:\/\/www.oxysphair.be\/nl\/produits\/slaapapneu\/apparaat-cpap-machine-cpap\/dreamstation-2-advanced-auto-met-bevochtiger-en-data-2\/","og_locale":"nl_BE","og_type":"article","og_title":"DreamStation 2 Advanced Auto met bevochtiger en Data | Oxysphair","og_description":"Maak kennis met de Deamstation 2 Advanced Auto De DreamStation 2 CPAP Advanced Auto is de volgende evolutie van klinisch bewezen ge\u00efntegreerde slaapoplossingen met geautomatiseerd beheer van de geleverde druk. Het is ontworpen om operationele effici\u00ebntie en een vereenvoudigde gebruikerservaring te leveren door middel van flexibele configuratie, een volledig ge\u00efntegreerde bevochtiger en modem, geavanceerde comfortfuncties [&hellip;]","og_url":"https:\/\/www.oxysphair.be\/nl\/produits\/slaapapneu\/apparaat-cpap-machine-cpap\/dreamstation-2-advanced-auto-met-bevochtiger-en-data-2\/","og_site_name":"Oxysphair","article_modified_time":"2026-04-30T08:24:41+00:00","og_image":[{"width":683,"height":501,"url":"https:\/\/www.oxysphair.be\/wp-content\/uploads\/2024\/08\/ds2-adv-auto.png","type":"image\/png"}],"twitter_card":"summary_large_image","twitter_misc":{"Geschatte leestijd":"1 minuut"},"schema":{"@context":"https:\/\/schema.org","@graph":[{"@type":"WebPage","@id":"https:\/\/www.oxysphair.be\/nl\/produits\/slaapapneu\/apparaat-cpap-machine-cpap\/dreamstation-2-advanced-auto-met-bevochtiger-en-data-2\/","url":"https:\/\/www.oxysphair.be\/nl\/produits\/slaapapneu\/apparaat-cpap-machine-cpap\/dreamstation-2-advanced-auto-met-bevochtiger-en-data-2\/","name":"DreamStation 2 Advanced Auto met bevochtiger en Data | Oxysphair","isPartOf":{"@id":"https:\/\/www.oxysphair.be\/nl\/#website"},"primaryImageOfPage":{"@id":"https:\/\/www.oxysphair.be\/nl\/produits\/slaapapneu\/apparaat-cpap-machine-cpap\/dreamstation-2-advanced-auto-met-bevochtiger-en-data-2\/#primaryimage"},"image":{"@id":"https:\/\/www.oxysphair.be\/nl\/produits\/slaapapneu\/apparaat-cpap-machine-cpap\/dreamstation-2-advanced-auto-met-bevochtiger-en-data-2\/#primaryimage"},"thumbnailUrl":"https:\/\/www.oxysphair.be\/wp-content\/uploads\/2024\/08\/ds2-adv-auto.png","datePublished":"2024-08-19T13:41:16+00:00","dateModified":"2026-04-30T08:24:41+00:00","breadcrumb":{"@id":"https:\/\/www.oxysphair.be\/nl\/produits\/slaapapneu\/apparaat-cpap-machine-cpap\/dreamstation-2-advanced-auto-met-bevochtiger-en-data-2\/#breadcrumb"},"inLanguage":"nl-BE","potentialAction":[{"@type":"ReadAction","target":["https:\/\/www.oxysphair.be\/nl\/produits\/slaapapneu\/apparaat-cpap-machine-cpap\/dreamstation-2-advanced-auto-met-bevochtiger-en-data-2\/"]}]},{"@type":"ImageObject","inLanguage":"nl-BE","@id":"https:\/\/www.oxysphair.be\/nl\/produits\/slaapapneu\/apparaat-cpap-machine-cpap\/dreamstation-2-advanced-auto-met-bevochtiger-en-data-2\/#primaryimage","url":"https:\/\/www.oxysphair.be\/wp-content\/uploads\/2024\/08\/ds2-adv-auto.png","contentUrl":"https:\/\/www.oxysphair.be\/wp-content\/uploads\/2024\/08\/ds2-adv-auto.png","width":683,"height":501},{"@type":"BreadcrumbList","@id":"https:\/\/www.oxysphair.be\/nl\/produits\/slaapapneu\/apparaat-cpap-machine-cpap\/dreamstation-2-advanced-auto-met-bevochtiger-en-data-2\/#breadcrumb","itemListElement":[{"@type":"ListItem","position":1,"name":"Accueil","item":"https:\/\/www.oxysphair.be\/nl\/"},{"@type":"ListItem","position":2,"name":"Producten","item":"https:\/\/www.oxysphair.be\/nl\/shop-producten\/"},{"@type":"ListItem","position":3,"name":"DreamStation 2 Advanced Auto met bevochtiger en Data"}]},{"@type":"WebSite","@id":"https:\/\/www.oxysphair.be\/nl\/#website","url":"https:\/\/www.oxysphair.be\/nl\/","name":"Oxysphair","description":"","potentialAction":[{"@type":"SearchAction","target":{"@type":"EntryPoint","urlTemplate":"https:\/\/www.oxysphair.be\/nl\/?s={search_term_string}"},"query-input":{"@type":"PropertyValueSpecification","valueRequired":true,"valueName":"search_term_string"}}],"inLanguage":"nl-BE"}]}},"_links":{"self":[{"href":"https:\/\/www.oxysphair.be\/nl\/wp-json\/wp\/v2\/product\/255508","targetHints":{"allow":["GET"]}}],"collection":[{"href":"https:\/\/www.oxysphair.be\/nl\/wp-json\/wp\/v2\/product"}],"about":[{"href":"https:\/\/www.oxysphair.be\/nl\/wp-json\/wp\/v2\/types\/product"}],"replies":[{"embeddable":true,"href":"https:\/\/www.oxysphair.be\/nl\/wp-json\/wp\/v2\/comments?post=255508"}],"wp:featuredmedia":[{"embeddable":true,"href":"https:\/\/www.oxysphair.be\/nl\/wp-json\/wp\/v2\/media\/255381"}],"wp:attachment":[{"href":"https:\/\/www.oxysphair.be\/nl\/wp-json\/wp\/v2\/media?parent=255508"}],"wp:term":[{"taxonomy":"product_brand","embeddable":true,"href":"https:\/\/www.oxysphair.be\/nl\/wp-json\/wp\/v2\/product_brand?post=255508"},{"taxonomy":"product_cat","embeddable":true,"href":"https:\/\/www.oxysphair.be\/nl\/wp-json\/wp\/v2\/product_cat?post=255508"},{"taxonomy":"product_tag","embeddable":true,"href":"https:\/\/www.oxysphair.be\/nl\/wp-json\/wp\/v2\/product_tag?post=255508"}],"curies":[{"name":"wp","href":"https:\/\/api.w.org\/{rel}","templated":true}]}}