{"id":255545,"date":"2024-08-19T15:41:15","date_gmt":"2024-08-19T13:41:15","guid":{"rendered":"https:\/\/www.oxysphair.be\/?post_type=product&#038;p=255545"},"modified":"2026-04-12T18:05:02","modified_gmt":"2026-04-12T16:05:02","slug":"lena-full-face","status":"publish","type":"product","link":"https:\/\/www.oxysphair.be\/nl\/produits\/slaapapneu\/masker-cpap\/lena-full-face\/","title":{"rendered":"Lena Full Face"},"content":{"rendered":"<h3>Verschillende behoeften. E\u00e9n masker. LENA.<\/h3>\n<p>Details zoals het stille, diffuse uitademsysteem, het kogelscharnier, de intu\u00eftieve bedienng, de ge\u00efntegreerde aansluiting op de zuurstoftoediening, de verschillende vented- en non-vented-varianten en de accessoires \u2013 scheurkoord en endoscopie-adapter \u2013 maken LENA compleet.<\/p>\n<h3>Het dubbellippige maskerkussen<\/h3>\n<p>De therapeutische druk cre\u00ebert een perfect afgesloten luchtkussen dat geen drukpunten veroorzaakt. De vorm is ge\u00efnspireerd op de anatomie en is gebaseerd op twee factoren: onze database van pati\u00ebntengezichten, die zich in de loop der jaren voortdurend heeft ontwikkeld, en feedback uit de markt, die voortdurend wordt verzameld en ge\u00ebvalueerd.<\/p>\n<h3>Verbinding tussen het maskerkussen en de mond-neuskamer van het maske<\/h3>\n<p>Een andere belangrijke factor is de verbinding tussen het maskerkussen en de mond-neuskamer van het masker.. Enerzijds moet de verbinding stabiel zijn tijdens de behandeling &#8211; zowel bij constante hoge druk als bij hoge drukvariaties tijdens in- en uitademen bij BiLevel-therapie. Anderzijds moet de verbinding gemakkelijk te demonteren zijn voor een eenvoudige, effectieve reiniging. LENA lost deze paradox op.<\/p>\n<h3>De hoofdband<\/h3>\n<p>De hoofdband maakt het essenti\u00eble trio compleet. Het bandmateriaal is zo sterk dat het masker niet lekt of zijn stabiliteit verliest, zelfs niet bij grote drukverschillen. Een individueel instelbare voorhoofdwig met voorhoofdkussen geeft LENA extra ondersteuning.<\/p>\n","protected":false},"excerpt":{"rendered":"<p>De focus ligt hier primair op een comfortabele zitting van het masker, met name wanneer er hoge drukken worden toegediend of als het drukverschil tussen inspiratie en expiratie heel groot is.<\/p>\n","protected":false},"featured_media":257268,"comment_status":"closed","ping_status":"closed","template":"","meta":{"_et_pb_use_builder":"","_et_pb_old_content":"","_et_gb_content_width":"","inline_featured_image":false},"product_brand":[222],"product_cat":[64],"product_tag":[],"class_list":{"0":"post-255545","1":"product","2":"type-product","3":"status-publish","4":"has-post-thumbnail","6":"product_brand-loewenstein","7":"product_cat-masker-cpap","8":"pa_brand-loewenstein","9":"pa_taille-l","10":"pa_taille-m","11":"pa_taille-s","12":"pa_taille-l-nl-2","13":"pa_taille-m-nl","14":"pa_taille-s-nl","16":"first","17":"instock","18":"taxable","19":"shipping-taxable","20":"purchasable","21":"product-type-variable","22":"has-default-attributes"},"acf":[],"yoast_head":"<!-- This site is optimized with the Yoast SEO plugin v27.3 - https:\/\/yoast.com\/product\/yoast-seo-wordpress\/ -->\n<title>Lena Full Face | Oxysphair<\/title>\n<meta name=\"robots\" content=\"index, follow, max-snippet:-1, max-image-preview:large, max-video-preview:-1\" \/>\n<link rel=\"canonical\" href=\"https:\/\/www.oxysphair.be\/nl\/produits\/slaapapneu\/masker-cpap\/lena-full-face\/\" \/>\n<meta property=\"og:locale\" content=\"nl_BE\" \/>\n<meta property=\"og:type\" content=\"article\" \/>\n<meta property=\"og:title\" content=\"Lena Full Face | Oxysphair\" \/>\n<meta property=\"og:description\" content=\"De focus ligt hier primair op een comfortabele zitting van het masker, met name wanneer er hoge drukken worden toegediend of als het drukverschil tussen inspiratie en expiratie heel groot is.\" \/>\n<meta property=\"og:url\" content=\"https:\/\/www.oxysphair.be\/nl\/produits\/slaapapneu\/masker-cpap\/lena-full-face\/\" \/>\n<meta property=\"og:site_name\" content=\"Oxysphair\" \/>\n<meta property=\"article:modified_time\" content=\"2026-04-12T16:05:02+00:00\" \/>\n<meta property=\"og:image\" content=\"https:\/\/www.oxysphair.be\/wp-content\/uploads\/2024\/08\/Screenshot-2024-11-21-at-15-34-40-LENA-Lowenstein.png\" \/>\n\t<meta property=\"og:image:width\" content=\"408\" \/>\n\t<meta property=\"og:image:height\" content=\"538\" \/>\n\t<meta property=\"og:image:type\" content=\"image\/png\" \/>\n<meta name=\"twitter:card\" content=\"summary_large_image\" \/>\n<meta name=\"twitter:label1\" content=\"Geschatte leestijd\" \/>\n\t<meta name=\"twitter:data1\" content=\"2 minuten\" \/>\n<script type=\"application\/ld+json\" class=\"yoast-schema-graph\">{\"@context\":\"https:\\\/\\\/schema.org\",\"@graph\":[{\"@type\":\"WebPage\",\"@id\":\"https:\\\/\\\/www.oxysphair.be\\\/nl\\\/produits\\\/slaapapneu\\\/masker-cpap\\\/lena-full-face\\\/\",\"url\":\"https:\\\/\\\/www.oxysphair.be\\\/nl\\\/produits\\\/slaapapneu\\\/masker-cpap\\\/lena-full-face\\\/\",\"name\":\"Lena Full Face | Oxysphair\",\"isPartOf\":{\"@id\":\"https:\\\/\\\/www.oxysphair.be\\\/nl\\\/#website\"},\"primaryImageOfPage\":{\"@id\":\"https:\\\/\\\/www.oxysphair.be\\\/nl\\\/produits\\\/slaapapneu\\\/masker-cpap\\\/lena-full-face\\\/#primaryimage\"},\"image\":{\"@id\":\"https:\\\/\\\/www.oxysphair.be\\\/nl\\\/produits\\\/slaapapneu\\\/masker-cpap\\\/lena-full-face\\\/#primaryimage\"},\"thumbnailUrl\":\"https:\\\/\\\/www.oxysphair.be\\\/wp-content\\\/uploads\\\/2024\\\/08\\\/Screenshot-2024-11-21-at-15-34-40-LENA-Lowenstein.png\",\"datePublished\":\"2024-08-19T13:41:15+00:00\",\"dateModified\":\"2026-04-12T16:05:02+00:00\",\"breadcrumb\":{\"@id\":\"https:\\\/\\\/www.oxysphair.be\\\/nl\\\/produits\\\/slaapapneu\\\/masker-cpap\\\/lena-full-face\\\/#breadcrumb\"},\"inLanguage\":\"nl-BE\",\"potentialAction\":[{\"@type\":\"ReadAction\",\"target\":[\"https:\\\/\\\/www.oxysphair.be\\\/nl\\\/produits\\\/slaapapneu\\\/masker-cpap\\\/lena-full-face\\\/\"]}]},{\"@type\":\"ImageObject\",\"inLanguage\":\"nl-BE\",\"@id\":\"https:\\\/\\\/www.oxysphair.be\\\/nl\\\/produits\\\/slaapapneu\\\/masker-cpap\\\/lena-full-face\\\/#primaryimage\",\"url\":\"https:\\\/\\\/www.oxysphair.be\\\/wp-content\\\/uploads\\\/2024\\\/08\\\/Screenshot-2024-11-21-at-15-34-40-LENA-Lowenstein.png\",\"contentUrl\":\"https:\\\/\\\/www.oxysphair.be\\\/wp-content\\\/uploads\\\/2024\\\/08\\\/Screenshot-2024-11-21-at-15-34-40-LENA-Lowenstein.png\",\"width\":408,\"height\":538},{\"@type\":\"BreadcrumbList\",\"@id\":\"https:\\\/\\\/www.oxysphair.be\\\/nl\\\/produits\\\/slaapapneu\\\/masker-cpap\\\/lena-full-face\\\/#breadcrumb\",\"itemListElement\":[{\"@type\":\"ListItem\",\"position\":1,\"name\":\"Accueil\",\"item\":\"https:\\\/\\\/www.oxysphair.be\\\/nl\\\/\"},{\"@type\":\"ListItem\",\"position\":2,\"name\":\"Producten\",\"item\":\"https:\\\/\\\/www.oxysphair.be\\\/nl\\\/shop-producten\\\/\"},{\"@type\":\"ListItem\",\"position\":3,\"name\":\"Lena Full Face\"}]},{\"@type\":\"WebSite\",\"@id\":\"https:\\\/\\\/www.oxysphair.be\\\/nl\\\/#website\",\"url\":\"https:\\\/\\\/www.oxysphair.be\\\/nl\\\/\",\"name\":\"Oxysphair\",\"description\":\"\",\"potentialAction\":[{\"@type\":\"SearchAction\",\"target\":{\"@type\":\"EntryPoint\",\"urlTemplate\":\"https:\\\/\\\/www.oxysphair.be\\\/nl\\\/?s={search_term_string}\"},\"query-input\":{\"@type\":\"PropertyValueSpecification\",\"valueRequired\":true,\"valueName\":\"search_term_string\"}}],\"inLanguage\":\"nl-BE\"}]}<\/script>\n<!-- \/ Yoast SEO plugin. -->","yoast_head_json":{"title":"Lena Full Face | Oxysphair","robots":{"index":"index","follow":"follow","max-snippet":"max-snippet:-1","max-image-preview":"max-image-preview:large","max-video-preview":"max-video-preview:-1"},"canonical":"https:\/\/www.oxysphair.be\/nl\/produits\/slaapapneu\/masker-cpap\/lena-full-face\/","og_locale":"nl_BE","og_type":"article","og_title":"Lena Full Face | Oxysphair","og_description":"De focus ligt hier primair op een comfortabele zitting van het masker, met name wanneer er hoge drukken worden toegediend of als het drukverschil tussen inspiratie en expiratie heel groot is.","og_url":"https:\/\/www.oxysphair.be\/nl\/produits\/slaapapneu\/masker-cpap\/lena-full-face\/","og_site_name":"Oxysphair","article_modified_time":"2026-04-12T16:05:02+00:00","og_image":[{"width":408,"height":538,"url":"https:\/\/www.oxysphair.be\/wp-content\/uploads\/2024\/08\/Screenshot-2024-11-21-at-15-34-40-LENA-Lowenstein.png","type":"image\/png"}],"twitter_card":"summary_large_image","twitter_misc":{"Geschatte leestijd":"2 minuten"},"schema":{"@context":"https:\/\/schema.org","@graph":[{"@type":"WebPage","@id":"https:\/\/www.oxysphair.be\/nl\/produits\/slaapapneu\/masker-cpap\/lena-full-face\/","url":"https:\/\/www.oxysphair.be\/nl\/produits\/slaapapneu\/masker-cpap\/lena-full-face\/","name":"Lena Full Face | Oxysphair","isPartOf":{"@id":"https:\/\/www.oxysphair.be\/nl\/#website"},"primaryImageOfPage":{"@id":"https:\/\/www.oxysphair.be\/nl\/produits\/slaapapneu\/masker-cpap\/lena-full-face\/#primaryimage"},"image":{"@id":"https:\/\/www.oxysphair.be\/nl\/produits\/slaapapneu\/masker-cpap\/lena-full-face\/#primaryimage"},"thumbnailUrl":"https:\/\/www.oxysphair.be\/wp-content\/uploads\/2024\/08\/Screenshot-2024-11-21-at-15-34-40-LENA-Lowenstein.png","datePublished":"2024-08-19T13:41:15+00:00","dateModified":"2026-04-12T16:05:02+00:00","breadcrumb":{"@id":"https:\/\/www.oxysphair.be\/nl\/produits\/slaapapneu\/masker-cpap\/lena-full-face\/#breadcrumb"},"inLanguage":"nl-BE","potentialAction":[{"@type":"ReadAction","target":["https:\/\/www.oxysphair.be\/nl\/produits\/slaapapneu\/masker-cpap\/lena-full-face\/"]}]},{"@type":"ImageObject","inLanguage":"nl-BE","@id":"https:\/\/www.oxysphair.be\/nl\/produits\/slaapapneu\/masker-cpap\/lena-full-face\/#primaryimage","url":"https:\/\/www.oxysphair.be\/wp-content\/uploads\/2024\/08\/Screenshot-2024-11-21-at-15-34-40-LENA-Lowenstein.png","contentUrl":"https:\/\/www.oxysphair.be\/wp-content\/uploads\/2024\/08\/Screenshot-2024-11-21-at-15-34-40-LENA-Lowenstein.png","width":408,"height":538},{"@type":"BreadcrumbList","@id":"https:\/\/www.oxysphair.be\/nl\/produits\/slaapapneu\/masker-cpap\/lena-full-face\/#breadcrumb","itemListElement":[{"@type":"ListItem","position":1,"name":"Accueil","item":"https:\/\/www.oxysphair.be\/nl\/"},{"@type":"ListItem","position":2,"name":"Producten","item":"https:\/\/www.oxysphair.be\/nl\/shop-producten\/"},{"@type":"ListItem","position":3,"name":"Lena Full Face"}]},{"@type":"WebSite","@id":"https:\/\/www.oxysphair.be\/nl\/#website","url":"https:\/\/www.oxysphair.be\/nl\/","name":"Oxysphair","description":"","potentialAction":[{"@type":"SearchAction","target":{"@type":"EntryPoint","urlTemplate":"https:\/\/www.oxysphair.be\/nl\/?s={search_term_string}"},"query-input":{"@type":"PropertyValueSpecification","valueRequired":true,"valueName":"search_term_string"}}],"inLanguage":"nl-BE"}]}},"_links":{"self":[{"href":"https:\/\/www.oxysphair.be\/nl\/wp-json\/wp\/v2\/product\/255545","targetHints":{"allow":["GET"]}}],"collection":[{"href":"https:\/\/www.oxysphair.be\/nl\/wp-json\/wp\/v2\/product"}],"about":[{"href":"https:\/\/www.oxysphair.be\/nl\/wp-json\/wp\/v2\/types\/product"}],"replies":[{"embeddable":true,"href":"https:\/\/www.oxysphair.be\/nl\/wp-json\/wp\/v2\/comments?post=255545"}],"wp:featuredmedia":[{"embeddable":true,"href":"https:\/\/www.oxysphair.be\/nl\/wp-json\/wp\/v2\/media\/257268"}],"wp:attachment":[{"href":"https:\/\/www.oxysphair.be\/nl\/wp-json\/wp\/v2\/media?parent=255545"}],"wp:term":[{"taxonomy":"product_brand","embeddable":true,"href":"https:\/\/www.oxysphair.be\/nl\/wp-json\/wp\/v2\/product_brand?post=255545"},{"taxonomy":"product_cat","embeddable":true,"href":"https:\/\/www.oxysphair.be\/nl\/wp-json\/wp\/v2\/product_cat?post=255545"},{"taxonomy":"product_tag","embeddable":true,"href":"https:\/\/www.oxysphair.be\/nl\/wp-json\/wp\/v2\/product_tag?post=255545"}],"curies":[{"name":"wp","href":"https:\/\/api.w.org\/{rel}","templated":true}]}}