{"id":257654,"date":"2024-12-06T14:06:29","date_gmt":"2024-12-06T13:06:29","guid":{"rendered":"https:\/\/www.oxysphair.be\/?post_type=product&#038;p=257654"},"modified":"2026-04-29T04:25:02","modified_gmt":"2026-04-29T02:25:02","slug":"one-rove-4-extended-8-cell-inogen","status":"publish","type":"product","link":"https:\/\/www.oxysphair.be\/nl\/produits\/zuurstofconcentrator\/portable-zuurstof-concentrator\/one-rove-4-extended-8-cell-inogen\/","title":{"rendered":"Inogen One ROVE 4 Extended 8 Cell"},"content":{"rendered":"<p>L\u2019<strong>Inogen\u00ae Rove 4\u2122 Extended 8 Cell<\/strong> est un <strong>concentrateur d\u2019oxyg\u00e8ne portable<\/strong> de derni\u00e8re g\u00e9n\u00e9ration, livr\u00e9 ici avec la <strong>grande batterie lithium-ion 8 cellules<\/strong>. Il est con\u00e7u pour les patients sous <strong>oxyg\u00e9noth\u00e9rapie de longue dur\u00e9e en mode puls\u00e9<\/strong>, qui souhaitent rester mobiles (d\u00e9ambulation, sorties, voyages) sans d\u00e9pendre de bouteilles d\u2019oxyg\u00e8ne lourdes.<\/p>\n<p>Successeur de l\u2019Inogen One G4, le Rove 4 offre un <strong>format tr\u00e8s compact<\/strong>, un <strong>poids plume autour de 1,5 kg avec batterie 8 cellules<\/strong>, et un <strong>fonctionnement silencieux (\u224839 dB)<\/strong> adapt\u00e9 \u00e0 une utilisation quotidienne et nocturne.<\/p>\n<p>Ce dispositif est destin\u00e9 aux patients :<\/p>\n<ul>\n<li>\u00e9ligibles \u00e0 une <strong>oxyg\u00e9noth\u00e9rapie \u00e0 long terme en mode puls\u00e9<\/strong>,<\/li>\n<li>ayant besoin d\u2019un <strong>apport d\u2019oxyg\u00e8ne fiable lors des d\u00e9placements<\/strong> (marche, courses, visites, voyages, trajets en voiture, train, avion),<\/li>\n<li>qui recherchent un appareil <strong>l\u00e9ger, discret et simple d\u2019utilisation<\/strong>.<\/li>\n<\/ul>\n","protected":false},"excerpt":{"rendered":"<p>L\u2019Inogen\u00ae Rove 4\u2122 Extended 8 Cell est un concentrateur d\u2019oxyg\u00e8ne portable de derni\u00e8re g\u00e9n\u00e9ration, livr\u00e9 ici avec la grande batterie lithium-ion 8 cellules. Il est con\u00e7u pour les patients sous oxyg\u00e9noth\u00e9rapie de longue dur\u00e9e en mode puls\u00e9, qui souhaitent rester mobiles (d\u00e9ambulation, sorties, voyages) sans d\u00e9pendre de bouteilles d\u2019oxyg\u00e8ne lourdes. Successeur de l\u2019Inogen One G4, [&hellip;]<\/p>\n","protected":false},"featured_media":265313,"comment_status":"closed","ping_status":"closed","template":"","meta":{"_et_pb_use_builder":"off","_et_pb_old_content":"","_et_gb_content_width":"","inline_featured_image":false},"product_brand":[245],"product_cat":[60],"product_tag":[],"class_list":{"0":"post-257654","1":"product","2":"type-product","3":"status-publish","4":"has-post-thumbnail","6":"product_brand-inogen","7":"product_cat-portable-zuurstof-concentrator","8":"pa_brand-inogen","10":"first","11":"instock","12":"sale","13":"taxable","14":"shipping-taxable","15":"purchasable","16":"product-type-simple"},"acf":[],"yoast_head":"<!-- This site is optimized with the Yoast SEO plugin v27.5 - https:\/\/yoast.com\/product\/yoast-seo-wordpress\/ -->\n<title>Inogen One ROVE 4 Extended 8 Cell | Oxysphair<\/title>\n<meta name=\"robots\" content=\"index, follow, max-snippet:-1, max-image-preview:large, max-video-preview:-1\" \/>\n<link rel=\"canonical\" href=\"https:\/\/www.oxysphair.be\/nl\/produits\/zuurstofconcentrator\/portable-zuurstof-concentrator\/one-rove-4-extended-8-cell-inogen\/\" \/>\n<meta property=\"og:locale\" content=\"nl_BE\" \/>\n<meta property=\"og:type\" content=\"article\" \/>\n<meta property=\"og:title\" content=\"Inogen One ROVE 4 Extended 8 Cell | Oxysphair\" \/>\n<meta property=\"og:description\" content=\"L\u2019Inogen\u00ae Rove 4\u2122 Extended 8 Cell est un concentrateur d\u2019oxyg\u00e8ne portable de derni\u00e8re g\u00e9n\u00e9ration, livr\u00e9 ici avec la grande batterie lithium-ion 8 cellules. Il est con\u00e7u pour les patients sous oxyg\u00e9noth\u00e9rapie de longue dur\u00e9e en mode puls\u00e9, qui souhaitent rester mobiles (d\u00e9ambulation, sorties, voyages) sans d\u00e9pendre de bouteilles d\u2019oxyg\u00e8ne lourdes. Successeur de l\u2019Inogen One G4, [&hellip;]\" \/>\n<meta property=\"og:url\" content=\"https:\/\/www.oxysphair.be\/nl\/produits\/zuurstofconcentrator\/portable-zuurstof-concentrator\/one-rove-4-extended-8-cell-inogen\/\" \/>\n<meta property=\"og:site_name\" content=\"Oxysphair\" \/>\n<meta property=\"article:modified_time\" content=\"2026-04-29T02:25:02+00:00\" \/>\n<meta property=\"og:image\" content=\"https:\/\/www.oxysphair.be\/wp-content\/uploads\/2024\/12\/onerove4.webp\" \/>\n\t<meta property=\"og:image:width\" content=\"2500\" \/>\n\t<meta property=\"og:image:height\" content=\"2500\" \/>\n\t<meta property=\"og:image:type\" content=\"image\/webp\" \/>\n<meta name=\"twitter:card\" content=\"summary_large_image\" \/>\n<meta name=\"twitter:label1\" content=\"Geschatte leestijd\" \/>\n\t<meta name=\"twitter:data1\" content=\"1 minuut\" \/>\n<script type=\"application\/ld+json\" class=\"yoast-schema-graph\">{\"@context\":\"https:\\\/\\\/schema.org\",\"@graph\":[{\"@type\":\"WebPage\",\"@id\":\"https:\\\/\\\/www.oxysphair.be\\\/nl\\\/produits\\\/zuurstofconcentrator\\\/portable-zuurstof-concentrator\\\/one-rove-4-extended-8-cell-inogen\\\/\",\"url\":\"https:\\\/\\\/www.oxysphair.be\\\/nl\\\/produits\\\/zuurstofconcentrator\\\/portable-zuurstof-concentrator\\\/one-rove-4-extended-8-cell-inogen\\\/\",\"name\":\"Inogen One ROVE 4 Extended 8 Cell | Oxysphair\",\"isPartOf\":{\"@id\":\"https:\\\/\\\/www.oxysphair.be\\\/nl\\\/#website\"},\"primaryImageOfPage\":{\"@id\":\"https:\\\/\\\/www.oxysphair.be\\\/nl\\\/produits\\\/zuurstofconcentrator\\\/portable-zuurstof-concentrator\\\/one-rove-4-extended-8-cell-inogen\\\/#primaryimage\"},\"image\":{\"@id\":\"https:\\\/\\\/www.oxysphair.be\\\/nl\\\/produits\\\/zuurstofconcentrator\\\/portable-zuurstof-concentrator\\\/one-rove-4-extended-8-cell-inogen\\\/#primaryimage\"},\"thumbnailUrl\":\"https:\\\/\\\/www.oxysphair.be\\\/wp-content\\\/uploads\\\/2024\\\/12\\\/onerove4.webp\",\"datePublished\":\"2024-12-06T13:06:29+00:00\",\"dateModified\":\"2026-04-29T02:25:02+00:00\",\"breadcrumb\":{\"@id\":\"https:\\\/\\\/www.oxysphair.be\\\/nl\\\/produits\\\/zuurstofconcentrator\\\/portable-zuurstof-concentrator\\\/one-rove-4-extended-8-cell-inogen\\\/#breadcrumb\"},\"inLanguage\":\"nl-BE\",\"potentialAction\":[{\"@type\":\"ReadAction\",\"target\":[\"https:\\\/\\\/www.oxysphair.be\\\/nl\\\/produits\\\/zuurstofconcentrator\\\/portable-zuurstof-concentrator\\\/one-rove-4-extended-8-cell-inogen\\\/\"]}]},{\"@type\":\"ImageObject\",\"inLanguage\":\"nl-BE\",\"@id\":\"https:\\\/\\\/www.oxysphair.be\\\/nl\\\/produits\\\/zuurstofconcentrator\\\/portable-zuurstof-concentrator\\\/one-rove-4-extended-8-cell-inogen\\\/#primaryimage\",\"url\":\"https:\\\/\\\/www.oxysphair.be\\\/wp-content\\\/uploads\\\/2024\\\/12\\\/onerove4.webp\",\"contentUrl\":\"https:\\\/\\\/www.oxysphair.be\\\/wp-content\\\/uploads\\\/2024\\\/12\\\/onerove4.webp\",\"width\":2500,\"height\":2500},{\"@type\":\"BreadcrumbList\",\"@id\":\"https:\\\/\\\/www.oxysphair.be\\\/nl\\\/produits\\\/zuurstofconcentrator\\\/portable-zuurstof-concentrator\\\/one-rove-4-extended-8-cell-inogen\\\/#breadcrumb\",\"itemListElement\":[{\"@type\":\"ListItem\",\"position\":1,\"name\":\"Accueil\",\"item\":\"https:\\\/\\\/www.oxysphair.be\\\/nl\\\/\"},{\"@type\":\"ListItem\",\"position\":2,\"name\":\"Producten\",\"item\":\"https:\\\/\\\/www.oxysphair.be\\\/nl\\\/shop-producten\\\/\"},{\"@type\":\"ListItem\",\"position\":3,\"name\":\"Inogen One ROVE 4 Extended 8 Cell\"}]},{\"@type\":\"WebSite\",\"@id\":\"https:\\\/\\\/www.oxysphair.be\\\/nl\\\/#website\",\"url\":\"https:\\\/\\\/www.oxysphair.be\\\/nl\\\/\",\"name\":\"Oxysphair\",\"description\":\"\",\"potentialAction\":[{\"@type\":\"SearchAction\",\"target\":{\"@type\":\"EntryPoint\",\"urlTemplate\":\"https:\\\/\\\/www.oxysphair.be\\\/nl\\\/?s={search_term_string}\"},\"query-input\":{\"@type\":\"PropertyValueSpecification\",\"valueRequired\":true,\"valueName\":\"search_term_string\"}}],\"inLanguage\":\"nl-BE\"}]}<\/script>\n<!-- \/ Yoast SEO plugin. -->","yoast_head_json":{"title":"Inogen One ROVE 4 Extended 8 Cell | Oxysphair","robots":{"index":"index","follow":"follow","max-snippet":"max-snippet:-1","max-image-preview":"max-image-preview:large","max-video-preview":"max-video-preview:-1"},"canonical":"https:\/\/www.oxysphair.be\/nl\/produits\/zuurstofconcentrator\/portable-zuurstof-concentrator\/one-rove-4-extended-8-cell-inogen\/","og_locale":"nl_BE","og_type":"article","og_title":"Inogen One ROVE 4 Extended 8 Cell | Oxysphair","og_description":"L\u2019Inogen\u00ae Rove 4\u2122 Extended 8 Cell est un concentrateur d\u2019oxyg\u00e8ne portable de derni\u00e8re g\u00e9n\u00e9ration, livr\u00e9 ici avec la grande batterie lithium-ion 8 cellules. Il est con\u00e7u pour les patients sous oxyg\u00e9noth\u00e9rapie de longue dur\u00e9e en mode puls\u00e9, qui souhaitent rester mobiles (d\u00e9ambulation, sorties, voyages) sans d\u00e9pendre de bouteilles d\u2019oxyg\u00e8ne lourdes. Successeur de l\u2019Inogen One G4, [&hellip;]","og_url":"https:\/\/www.oxysphair.be\/nl\/produits\/zuurstofconcentrator\/portable-zuurstof-concentrator\/one-rove-4-extended-8-cell-inogen\/","og_site_name":"Oxysphair","article_modified_time":"2026-04-29T02:25:02+00:00","og_image":[{"width":2500,"height":2500,"url":"https:\/\/www.oxysphair.be\/wp-content\/uploads\/2024\/12\/onerove4.webp","type":"image\/webp"}],"twitter_card":"summary_large_image","twitter_misc":{"Geschatte leestijd":"1 minuut"},"schema":{"@context":"https:\/\/schema.org","@graph":[{"@type":"WebPage","@id":"https:\/\/www.oxysphair.be\/nl\/produits\/zuurstofconcentrator\/portable-zuurstof-concentrator\/one-rove-4-extended-8-cell-inogen\/","url":"https:\/\/www.oxysphair.be\/nl\/produits\/zuurstofconcentrator\/portable-zuurstof-concentrator\/one-rove-4-extended-8-cell-inogen\/","name":"Inogen One ROVE 4 Extended 8 Cell | Oxysphair","isPartOf":{"@id":"https:\/\/www.oxysphair.be\/nl\/#website"},"primaryImageOfPage":{"@id":"https:\/\/www.oxysphair.be\/nl\/produits\/zuurstofconcentrator\/portable-zuurstof-concentrator\/one-rove-4-extended-8-cell-inogen\/#primaryimage"},"image":{"@id":"https:\/\/www.oxysphair.be\/nl\/produits\/zuurstofconcentrator\/portable-zuurstof-concentrator\/one-rove-4-extended-8-cell-inogen\/#primaryimage"},"thumbnailUrl":"https:\/\/www.oxysphair.be\/wp-content\/uploads\/2024\/12\/onerove4.webp","datePublished":"2024-12-06T13:06:29+00:00","dateModified":"2026-04-29T02:25:02+00:00","breadcrumb":{"@id":"https:\/\/www.oxysphair.be\/nl\/produits\/zuurstofconcentrator\/portable-zuurstof-concentrator\/one-rove-4-extended-8-cell-inogen\/#breadcrumb"},"inLanguage":"nl-BE","potentialAction":[{"@type":"ReadAction","target":["https:\/\/www.oxysphair.be\/nl\/produits\/zuurstofconcentrator\/portable-zuurstof-concentrator\/one-rove-4-extended-8-cell-inogen\/"]}]},{"@type":"ImageObject","inLanguage":"nl-BE","@id":"https:\/\/www.oxysphair.be\/nl\/produits\/zuurstofconcentrator\/portable-zuurstof-concentrator\/one-rove-4-extended-8-cell-inogen\/#primaryimage","url":"https:\/\/www.oxysphair.be\/wp-content\/uploads\/2024\/12\/onerove4.webp","contentUrl":"https:\/\/www.oxysphair.be\/wp-content\/uploads\/2024\/12\/onerove4.webp","width":2500,"height":2500},{"@type":"BreadcrumbList","@id":"https:\/\/www.oxysphair.be\/nl\/produits\/zuurstofconcentrator\/portable-zuurstof-concentrator\/one-rove-4-extended-8-cell-inogen\/#breadcrumb","itemListElement":[{"@type":"ListItem","position":1,"name":"Accueil","item":"https:\/\/www.oxysphair.be\/nl\/"},{"@type":"ListItem","position":2,"name":"Producten","item":"https:\/\/www.oxysphair.be\/nl\/shop-producten\/"},{"@type":"ListItem","position":3,"name":"Inogen One ROVE 4 Extended 8 Cell"}]},{"@type":"WebSite","@id":"https:\/\/www.oxysphair.be\/nl\/#website","url":"https:\/\/www.oxysphair.be\/nl\/","name":"Oxysphair","description":"","potentialAction":[{"@type":"SearchAction","target":{"@type":"EntryPoint","urlTemplate":"https:\/\/www.oxysphair.be\/nl\/?s={search_term_string}"},"query-input":{"@type":"PropertyValueSpecification","valueRequired":true,"valueName":"search_term_string"}}],"inLanguage":"nl-BE"}]}},"_links":{"self":[{"href":"https:\/\/www.oxysphair.be\/nl\/wp-json\/wp\/v2\/product\/257654","targetHints":{"allow":["GET"]}}],"collection":[{"href":"https:\/\/www.oxysphair.be\/nl\/wp-json\/wp\/v2\/product"}],"about":[{"href":"https:\/\/www.oxysphair.be\/nl\/wp-json\/wp\/v2\/types\/product"}],"replies":[{"embeddable":true,"href":"https:\/\/www.oxysphair.be\/nl\/wp-json\/wp\/v2\/comments?post=257654"}],"wp:featuredmedia":[{"embeddable":true,"href":"https:\/\/www.oxysphair.be\/nl\/wp-json\/wp\/v2\/media\/265313"}],"wp:attachment":[{"href":"https:\/\/www.oxysphair.be\/nl\/wp-json\/wp\/v2\/media?parent=257654"}],"wp:term":[{"taxonomy":"product_brand","embeddable":true,"href":"https:\/\/www.oxysphair.be\/nl\/wp-json\/wp\/v2\/product_brand?post=257654"},{"taxonomy":"product_cat","embeddable":true,"href":"https:\/\/www.oxysphair.be\/nl\/wp-json\/wp\/v2\/product_cat?post=257654"},{"taxonomy":"product_tag","embeddable":true,"href":"https:\/\/www.oxysphair.be\/nl\/wp-json\/wp\/v2\/product_tag?post=257654"}],"curies":[{"name":"wp","href":"https:\/\/api.w.org\/{rel}","templated":true}]}}