{"id":259241,"date":"2025-02-12T16:06:27","date_gmt":"2025-02-12T15:06:27","guid":{"rendered":"https:\/\/www.oxysphair.be\/?post_type=product&#038;p=259241"},"modified":"2025-05-17T17:41:12","modified_gmt":"2025-05-17T15:41:12","slug":"brosse-pour-tuyaux-ppc-cpap-en-acier-inoxydable-oxyhero-brush-15mm","status":"publish","type":"product","link":"https:\/\/www.oxysphair.be\/nl\/produits\/slaapapneu\/accessoires-voor-cpap\/brosse-pour-tuyaux-ppc-cpap-en-acier-inoxydable-oxyhero-brush-15mm\/","title":{"rendered":"Brosse pour tuyaux PPC\/CPAP en acier inoxydable oxyhero brush &#8211; 15mm"},"content":{"rendered":"<h4><u>Description du produit<\/u><\/h4>\n<p>Cette brosse pour tuyaux PPC\/CPAP de tr\u00e8s grande qualit\u00e9 en acier inoxydable permet un nettoyage encore plus minutieux des tuyaux. Les poils de la brosse nettoient la paroi int\u00e9rieure des tuyaux en appliquant une pression mod\u00e9r\u00e9e sur celle-ci et emp\u00eachent ainsi moisissures et algues nocives de s\u2019y installer. La houppe en laine situ\u00e9e \u00e0 son extr\u00e9mit\u00e9 \u00e9limine tout en douceur m\u00eame les plus infimes particules de salet\u00e9.<\/p>\n<p>Mat\u00e9riau robuste : Le fil de la brosse \u00e0 tuyau est en acier inoxydable durable, ce qui signifie qu\u2019il n\u2019y a aucun risque de formation de rouille au contact de l\u2019eau. De plus, la duret\u00e9 de l\u2019acier inoxydable permet de g\u00e9n\u00e9rer sans effort une pression suffisante pour assurer un nettoyage complet du tuyau.<\/p>\n<p>La brosse oxyhero brush est disponible en deux versions : avec une t\u00eate de brosse adapt\u00e9e aux tuyaux de 19 ou de 15 mm de diam\u00e8tre int\u00e9rieur. Avec sa longueur totale de 120 cm, la brosse pour tuyaux est adapt\u00e9e \u00e0 tous les tuyaux PPC\/CPAP standard (avec manchon de 22 mm de diam\u00e8tre) jusqu\u2019\u00e0 240 cm de longueur.<\/p>\n<h4><u>Sp\u00e9cifications<\/u><\/h4>\n<p>Type de produit\u00a0: brosse<\/p>\n<p>Marque\u00a0: Oxyhero<\/p>\n<h4><u>Contenu de la livraison<\/u><\/h4>\n<p>1 brosse dot\u00e9e d\u2019une t\u00eate de 15 mm<\/p>\n","protected":false},"excerpt":{"rendered":"<ul>\n<li>Pratique: avec une longueur de 120 cm, elle est tr\u00e8s maniable ; en m\u00eame temps, elle est assez longue pour nettoyer facilement tous les tuyaux CPAP standard<\/li>\n<li>Durable : en acier inoxydable, avec t\u00eate en nylon r\u00e9sistant et houppe en laine \u00e0 son extr\u00e9mit\u00e9 ; article premium fabriqu\u00e9 en Allemagne<\/li>\n<li>Efficace: \u00e9limine efficacement les salet\u00e9s et les d\u00e9p\u00f4ts tenaces ; emp\u00eache la formation d\u2019algues et de moisissures dans le tuyau<\/li>\n<\/ul>\n","protected":false},"featured_media":259266,"comment_status":"closed","ping_status":"closed","template":"","meta":{"_et_pb_use_builder":"","_et_pb_old_content":"","_et_gb_content_width":"","inline_featured_image":false},"product_brand":[],"product_cat":[28],"product_tag":[],"class_list":{"0":"post-259241","1":"product","2":"type-product","3":"status-publish","4":"has-post-thumbnail","6":"product_cat-accessoires-cpap","7":"pa_brand-health-on-ventures","9":"first","10":"outofstock","11":"taxable","12":"shipping-taxable","13":"purchasable","14":"product-type-simple"},"acf":[],"yoast_head":"<!-- This site is optimized with the Yoast SEO plugin v27.5 - https:\/\/yoast.com\/product\/yoast-seo-wordpress\/ -->\n<title>Brosse pour tuyaux PPC\/CPAP en acier inoxydable oxyhero brush - 15mm | Oxysphair<\/title>\n<meta name=\"robots\" content=\"index, follow, max-snippet:-1, max-image-preview:large, max-video-preview:-1\" \/>\n<link rel=\"canonical\" href=\"https:\/\/www.oxysphair.be\/nl\/produits\/slaapapneu\/accessoires-voor-cpap\/brosse-pour-tuyaux-ppc-cpap-en-acier-inoxydable-oxyhero-brush-15mm\/\" \/>\n<meta property=\"og:locale\" content=\"nl_BE\" \/>\n<meta property=\"og:type\" content=\"article\" \/>\n<meta property=\"og:title\" content=\"Brosse pour tuyaux PPC\/CPAP en acier inoxydable oxyhero brush - 15mm | Oxysphair\" \/>\n<meta property=\"og:description\" content=\"Pratique: avec une longueur de 120 cm, elle est tr\u00e8s maniable ; en m\u00eame temps, elle est assez longue pour nettoyer facilement tous les tuyaux CPAP standard  Durable : en acier inoxydable, avec t\u00eate en nylon r\u00e9sistant et houppe en laine \u00e0 son extr\u00e9mit\u00e9 ; article premium fabriqu\u00e9 en Allemagne  Efficace: \u00e9limine efficacement les salet\u00e9s et les d\u00e9p\u00f4ts tenaces ; emp\u00eache la formation d\u2019algues et de moisissures dans le tuyau\" \/>\n<meta property=\"og:url\" content=\"https:\/\/www.oxysphair.be\/nl\/produits\/slaapapneu\/accessoires-voor-cpap\/brosse-pour-tuyaux-ppc-cpap-en-acier-inoxydable-oxyhero-brush-15mm\/\" \/>\n<meta property=\"og:site_name\" content=\"Oxysphair\" \/>\n<meta property=\"article:modified_time\" content=\"2025-05-17T15:41:12+00:00\" \/>\n<meta property=\"og:image\" content=\"https:\/\/www.oxysphair.be\/wp-content\/uploads\/2025\/02\/oxy-hero-brosse-tuyau-cpap-1.jpeg\" \/>\n\t<meta property=\"og:image:width\" content=\"626\" \/>\n\t<meta property=\"og:image:height\" content=\"626\" \/>\n\t<meta property=\"og:image:type\" content=\"image\/jpeg\" \/>\n<meta name=\"twitter:card\" content=\"summary_large_image\" \/>\n<meta name=\"twitter:label1\" content=\"Geschatte leestijd\" \/>\n\t<meta name=\"twitter:data1\" content=\"2 minuten\" \/>\n<script type=\"application\/ld+json\" class=\"yoast-schema-graph\">{\"@context\":\"https:\\\/\\\/schema.org\",\"@graph\":[{\"@type\":\"WebPage\",\"@id\":\"https:\\\/\\\/www.oxysphair.be\\\/nl\\\/produits\\\/slaapapneu\\\/accessoires-voor-cpap\\\/brosse-pour-tuyaux-ppc-cpap-en-acier-inoxydable-oxyhero-brush-15mm\\\/\",\"url\":\"https:\\\/\\\/www.oxysphair.be\\\/nl\\\/produits\\\/slaapapneu\\\/accessoires-voor-cpap\\\/brosse-pour-tuyaux-ppc-cpap-en-acier-inoxydable-oxyhero-brush-15mm\\\/\",\"name\":\"Brosse pour tuyaux PPC\\\/CPAP en acier inoxydable oxyhero brush - 15mm | Oxysphair\",\"isPartOf\":{\"@id\":\"https:\\\/\\\/www.oxysphair.be\\\/nl\\\/#website\"},\"primaryImageOfPage\":{\"@id\":\"https:\\\/\\\/www.oxysphair.be\\\/nl\\\/produits\\\/slaapapneu\\\/accessoires-voor-cpap\\\/brosse-pour-tuyaux-ppc-cpap-en-acier-inoxydable-oxyhero-brush-15mm\\\/#primaryimage\"},\"image\":{\"@id\":\"https:\\\/\\\/www.oxysphair.be\\\/nl\\\/produits\\\/slaapapneu\\\/accessoires-voor-cpap\\\/brosse-pour-tuyaux-ppc-cpap-en-acier-inoxydable-oxyhero-brush-15mm\\\/#primaryimage\"},\"thumbnailUrl\":\"https:\\\/\\\/www.oxysphair.be\\\/wp-content\\\/uploads\\\/2025\\\/02\\\/oxy-hero-brosse-tuyau-cpap-1.jpeg\",\"datePublished\":\"2025-02-12T15:06:27+00:00\",\"dateModified\":\"2025-05-17T15:41:12+00:00\",\"breadcrumb\":{\"@id\":\"https:\\\/\\\/www.oxysphair.be\\\/nl\\\/produits\\\/slaapapneu\\\/accessoires-voor-cpap\\\/brosse-pour-tuyaux-ppc-cpap-en-acier-inoxydable-oxyhero-brush-15mm\\\/#breadcrumb\"},\"inLanguage\":\"nl-BE\",\"potentialAction\":[{\"@type\":\"ReadAction\",\"target\":[\"https:\\\/\\\/www.oxysphair.be\\\/nl\\\/produits\\\/slaapapneu\\\/accessoires-voor-cpap\\\/brosse-pour-tuyaux-ppc-cpap-en-acier-inoxydable-oxyhero-brush-15mm\\\/\"]}]},{\"@type\":\"ImageObject\",\"inLanguage\":\"nl-BE\",\"@id\":\"https:\\\/\\\/www.oxysphair.be\\\/nl\\\/produits\\\/slaapapneu\\\/accessoires-voor-cpap\\\/brosse-pour-tuyaux-ppc-cpap-en-acier-inoxydable-oxyhero-brush-15mm\\\/#primaryimage\",\"url\":\"https:\\\/\\\/www.oxysphair.be\\\/wp-content\\\/uploads\\\/2025\\\/02\\\/oxy-hero-brosse-tuyau-cpap-1.jpeg\",\"contentUrl\":\"https:\\\/\\\/www.oxysphair.be\\\/wp-content\\\/uploads\\\/2025\\\/02\\\/oxy-hero-brosse-tuyau-cpap-1.jpeg\",\"width\":626,\"height\":626},{\"@type\":\"BreadcrumbList\",\"@id\":\"https:\\\/\\\/www.oxysphair.be\\\/nl\\\/produits\\\/slaapapneu\\\/accessoires-voor-cpap\\\/brosse-pour-tuyaux-ppc-cpap-en-acier-inoxydable-oxyhero-brush-15mm\\\/#breadcrumb\",\"itemListElement\":[{\"@type\":\"ListItem\",\"position\":1,\"name\":\"Accueil\",\"item\":\"https:\\\/\\\/www.oxysphair.be\\\/nl\\\/\"},{\"@type\":\"ListItem\",\"position\":2,\"name\":\"Producten\",\"item\":\"https:\\\/\\\/www.oxysphair.be\\\/nl\\\/shop-producten\\\/\"},{\"@type\":\"ListItem\",\"position\":3,\"name\":\"Brosse pour tuyaux PPC\\\/CPAP en acier inoxydable oxyhero brush &#8211; 15mm\"}]},{\"@type\":\"WebSite\",\"@id\":\"https:\\\/\\\/www.oxysphair.be\\\/nl\\\/#website\",\"url\":\"https:\\\/\\\/www.oxysphair.be\\\/nl\\\/\",\"name\":\"Oxysphair\",\"description\":\"\",\"potentialAction\":[{\"@type\":\"SearchAction\",\"target\":{\"@type\":\"EntryPoint\",\"urlTemplate\":\"https:\\\/\\\/www.oxysphair.be\\\/nl\\\/?s={search_term_string}\"},\"query-input\":{\"@type\":\"PropertyValueSpecification\",\"valueRequired\":true,\"valueName\":\"search_term_string\"}}],\"inLanguage\":\"nl-BE\"}]}<\/script>\n<!-- \/ Yoast SEO plugin. -->","yoast_head_json":{"title":"Brosse pour tuyaux PPC\/CPAP en acier inoxydable oxyhero brush - 15mm | Oxysphair","robots":{"index":"index","follow":"follow","max-snippet":"max-snippet:-1","max-image-preview":"max-image-preview:large","max-video-preview":"max-video-preview:-1"},"canonical":"https:\/\/www.oxysphair.be\/nl\/produits\/slaapapneu\/accessoires-voor-cpap\/brosse-pour-tuyaux-ppc-cpap-en-acier-inoxydable-oxyhero-brush-15mm\/","og_locale":"nl_BE","og_type":"article","og_title":"Brosse pour tuyaux PPC\/CPAP en acier inoxydable oxyhero brush - 15mm | Oxysphair","og_description":"Pratique: avec une longueur de 120 cm, elle est tr\u00e8s maniable ; en m\u00eame temps, elle est assez longue pour nettoyer facilement tous les tuyaux CPAP standard  Durable : en acier inoxydable, avec t\u00eate en nylon r\u00e9sistant et houppe en laine \u00e0 son extr\u00e9mit\u00e9 ; article premium fabriqu\u00e9 en Allemagne  Efficace: \u00e9limine efficacement les salet\u00e9s et les d\u00e9p\u00f4ts tenaces ; emp\u00eache la formation d\u2019algues et de moisissures dans le tuyau","og_url":"https:\/\/www.oxysphair.be\/nl\/produits\/slaapapneu\/accessoires-voor-cpap\/brosse-pour-tuyaux-ppc-cpap-en-acier-inoxydable-oxyhero-brush-15mm\/","og_site_name":"Oxysphair","article_modified_time":"2025-05-17T15:41:12+00:00","og_image":[{"width":626,"height":626,"url":"https:\/\/www.oxysphair.be\/wp-content\/uploads\/2025\/02\/oxy-hero-brosse-tuyau-cpap-1.jpeg","type":"image\/jpeg"}],"twitter_card":"summary_large_image","twitter_misc":{"Geschatte leestijd":"2 minuten"},"schema":{"@context":"https:\/\/schema.org","@graph":[{"@type":"WebPage","@id":"https:\/\/www.oxysphair.be\/nl\/produits\/slaapapneu\/accessoires-voor-cpap\/brosse-pour-tuyaux-ppc-cpap-en-acier-inoxydable-oxyhero-brush-15mm\/","url":"https:\/\/www.oxysphair.be\/nl\/produits\/slaapapneu\/accessoires-voor-cpap\/brosse-pour-tuyaux-ppc-cpap-en-acier-inoxydable-oxyhero-brush-15mm\/","name":"Brosse pour tuyaux PPC\/CPAP en acier inoxydable oxyhero brush - 15mm | Oxysphair","isPartOf":{"@id":"https:\/\/www.oxysphair.be\/nl\/#website"},"primaryImageOfPage":{"@id":"https:\/\/www.oxysphair.be\/nl\/produits\/slaapapneu\/accessoires-voor-cpap\/brosse-pour-tuyaux-ppc-cpap-en-acier-inoxydable-oxyhero-brush-15mm\/#primaryimage"},"image":{"@id":"https:\/\/www.oxysphair.be\/nl\/produits\/slaapapneu\/accessoires-voor-cpap\/brosse-pour-tuyaux-ppc-cpap-en-acier-inoxydable-oxyhero-brush-15mm\/#primaryimage"},"thumbnailUrl":"https:\/\/www.oxysphair.be\/wp-content\/uploads\/2025\/02\/oxy-hero-brosse-tuyau-cpap-1.jpeg","datePublished":"2025-02-12T15:06:27+00:00","dateModified":"2025-05-17T15:41:12+00:00","breadcrumb":{"@id":"https:\/\/www.oxysphair.be\/nl\/produits\/slaapapneu\/accessoires-voor-cpap\/brosse-pour-tuyaux-ppc-cpap-en-acier-inoxydable-oxyhero-brush-15mm\/#breadcrumb"},"inLanguage":"nl-BE","potentialAction":[{"@type":"ReadAction","target":["https:\/\/www.oxysphair.be\/nl\/produits\/slaapapneu\/accessoires-voor-cpap\/brosse-pour-tuyaux-ppc-cpap-en-acier-inoxydable-oxyhero-brush-15mm\/"]}]},{"@type":"ImageObject","inLanguage":"nl-BE","@id":"https:\/\/www.oxysphair.be\/nl\/produits\/slaapapneu\/accessoires-voor-cpap\/brosse-pour-tuyaux-ppc-cpap-en-acier-inoxydable-oxyhero-brush-15mm\/#primaryimage","url":"https:\/\/www.oxysphair.be\/wp-content\/uploads\/2025\/02\/oxy-hero-brosse-tuyau-cpap-1.jpeg","contentUrl":"https:\/\/www.oxysphair.be\/wp-content\/uploads\/2025\/02\/oxy-hero-brosse-tuyau-cpap-1.jpeg","width":626,"height":626},{"@type":"BreadcrumbList","@id":"https:\/\/www.oxysphair.be\/nl\/produits\/slaapapneu\/accessoires-voor-cpap\/brosse-pour-tuyaux-ppc-cpap-en-acier-inoxydable-oxyhero-brush-15mm\/#breadcrumb","itemListElement":[{"@type":"ListItem","position":1,"name":"Accueil","item":"https:\/\/www.oxysphair.be\/nl\/"},{"@type":"ListItem","position":2,"name":"Producten","item":"https:\/\/www.oxysphair.be\/nl\/shop-producten\/"},{"@type":"ListItem","position":3,"name":"Brosse pour tuyaux PPC\/CPAP en acier inoxydable oxyhero brush &#8211; 15mm"}]},{"@type":"WebSite","@id":"https:\/\/www.oxysphair.be\/nl\/#website","url":"https:\/\/www.oxysphair.be\/nl\/","name":"Oxysphair","description":"","potentialAction":[{"@type":"SearchAction","target":{"@type":"EntryPoint","urlTemplate":"https:\/\/www.oxysphair.be\/nl\/?s={search_term_string}"},"query-input":{"@type":"PropertyValueSpecification","valueRequired":true,"valueName":"search_term_string"}}],"inLanguage":"nl-BE"}]}},"_links":{"self":[{"href":"https:\/\/www.oxysphair.be\/nl\/wp-json\/wp\/v2\/product\/259241","targetHints":{"allow":["GET"]}}],"collection":[{"href":"https:\/\/www.oxysphair.be\/nl\/wp-json\/wp\/v2\/product"}],"about":[{"href":"https:\/\/www.oxysphair.be\/nl\/wp-json\/wp\/v2\/types\/product"}],"replies":[{"embeddable":true,"href":"https:\/\/www.oxysphair.be\/nl\/wp-json\/wp\/v2\/comments?post=259241"}],"wp:featuredmedia":[{"embeddable":true,"href":"https:\/\/www.oxysphair.be\/nl\/wp-json\/wp\/v2\/media\/259266"}],"wp:attachment":[{"href":"https:\/\/www.oxysphair.be\/nl\/wp-json\/wp\/v2\/media?parent=259241"}],"wp:term":[{"taxonomy":"product_brand","embeddable":true,"href":"https:\/\/www.oxysphair.be\/nl\/wp-json\/wp\/v2\/product_brand?post=259241"},{"taxonomy":"product_cat","embeddable":true,"href":"https:\/\/www.oxysphair.be\/nl\/wp-json\/wp\/v2\/product_cat?post=259241"},{"taxonomy":"product_tag","embeddable":true,"href":"https:\/\/www.oxysphair.be\/nl\/wp-json\/wp\/v2\/product_tag?post=259241"}],"curies":[{"name":"wp","href":"https:\/\/api.w.org\/{rel}","templated":true}]}}